{"id":67,"date":"2016-05-12T19:54:18","date_gmt":"2016-05-12T17:54:18","guid":{"rendered":"https:\/\/www.jura-films.ch\/?page_id=67"},"modified":"2023-07-14T18:31:52","modified_gmt":"2023-07-14T16:31:52","slug":"douleur-et-revolte","status":"publish","type":"page","link":"https:\/\/www.jura-films.ch\/en\/production\/douleur-et-revolte\/","title":{"rendered":"GRIEF AND REVOLT"},"content":{"rendered":"<p><a href=\"https:\/\/www.jura-films.ch\/wp-content\/uploads\/2016\/05\/GriefandRevolt.jpg\"><img loading=\"lazy\" decoding=\"async\" class=\"alignleft wp-image-197\" title=\"grief and revolt\" src=\"https:\/\/www.jura-films.ch\/wp-content\/uploads\/2016\/05\/GriefandRevolt-150x150.jpg\" alt=\"grief and revolt\" width=\"150\" height=\"212\" srcset=\"https:\/\/www.jura-films.ch\/wp-content\/uploads\/2016\/05\/GriefandRevolt-212x300.jpg 212w, https:\/\/www.jura-films.ch\/wp-content\/uploads\/2016\/05\/GriefandRevolt.jpg 725w\" sizes=\"auto, (max-width: 150px) 100vw, 150px\" \/><\/a><strong>GRIEF AND REVOLT<\/strong><br \/>\nMiddle-East: On both sides of war women remember and long for peace<\/p>\n<p>Documentary film based on the book THE WAR WITH TWO VOICES by Laurence Deonna<br \/>\n42 minutes<br \/>\nVideo, colour<br \/>\nOriginal version: Arabe and Hebrew \/ English version<\/p>\n<p>Sale DVD: JURA-FILMS &#8220;<a href=\"https:\/\/jura-films.ch\/contact\/\" target=\"_blank\" rel=\"noopener noreferrer\">Contact<\/a>&#8221;<\/p>\n<p><iframe loading=\"lazy\" title=\"Grief and revolt\" src=\"https:\/\/player.vimeo.com\/video\/845280270?dnt=1&amp;app_id=122963\" width=\"640\" height=\"480\" frameborder=\"0\" allow=\"autoplay; fullscreen; picture-in-picture\" allowfullscreen><\/iframe><\/p>\n<p>Scriptwriter and director Lucienne Lanaz<br \/>\nCo-scriptwriter Laurence Deonna<br \/>\nProtagonists Iman Ahmed Hussein, Rachel Girafi, Bernadette Boutros, Hadassa Pilater, Oum Hashem, Raya Rotem<br \/>\nOriginal music Daniel Jeanin<br \/>\nCamera Joss Szymansk<br \/>\nTechnique Jos\u00e9 et Marilou Maldavski<br \/>\nEditing Lucienne Lanaz, Ch. Derengnaucourt-Fischer<br \/>\nGraphics Mary-Jo Fahrny<br \/>\nPostproduction Fonction Cin\u00e9ma, Gen\u00e8ve, TVF, Gen\u00e8ve, Zone 33, Berne, UNO Geneva<\/p>\n<p>SYNOPSIS<\/p>\n<p>Flooded by information on the Middle East, we tend to assume that we are well informed. Yet, most of the time this information barely scratches the surface, let alone addresses the core of people&#8217;s lives.<\/p>\n<p>Setting aside spectacular headlines, this film aims to dig deeper by having us hear the voices and see the faces of women whom history has pitted against one another \u2013 women who have each lost someone dear to them. In their own words, three Jewish and three Arab women bare witness to their lives and the fact of their beloved who continue to live in their dreams. They testify to archaic traditions that crush widows. Whatever their religious or social origins, the pain of these women &#8220;in enemy camps&#8221; is the same and is not erased by time regardless of appearances.<\/p>\n<p>Enemy women maybe yet ready to extend a hand so that &#8220;peace may finally be achieved.&#8221;<\/p>\n<hr \/>\n<p><div class=\"wonderpluginslider-container\" id=\"wonderpluginslider-container-1\" style=\"max-width:840px;margin:0 auto;padding-left:0px;padding-right:0px;padding-top:0px;padding-bottom:0px;\"><div class=\"wonderpluginslider\" id=\"wonderpluginslider-1\" data-sliderid=\"1\" data-width=\"840\" data-height=\"360\" data-skin=\"cube\" data-autoplay=\"true\" data-randomplay=\"false\" data-loadimageondemand=\"false\" data-transitiononfirstslide=\"false\" data-autoplayvideo=\"false\" data-isresponsive=\"true\" data-fullwidth=\"false\" data-isfullscreen=\"false\" data-ratioresponsive=\"false\" data-showtext=\"true\" data-showtimer=\"true\" data-showbottomshadow=\"true\" data-navshowpreview=\"true\" data-textautohide=\"true\" data-lightboxresponsive=\"true\" data-lightboxshownavigation=\"false\" data-lightboxshowtitle=\"true\" data-lightboxshowdescription=\"false\" data-texteffectresponsive=\"true\" data-donotinit=\"false\" data-addinitscript=\"false\" data-lightboxfullscreenmode=\"false\" data-lightboxcloseonoverlay=\"true\" data-lightboxvideohidecontrols=\"false\" data-lightboxnogroup=\"false\" data-lightboxautoslide=\"false\" data-lightboxshowtimer=\"true\" data-lightboxshowplaybutton=\"true\" data-lightboxalwaysshownavarrows=\"false\" data-lightboxshowtitleprefix=\"true\" data-titleusealt=\"false\" data-outputtext=\"false\" data-scalemode=\"fit\" data-arrowstyle=\"always\" data-transition=\"fade\" data-loop=\"0\" data-border=\"0\" data-slideinterval=\"8000\" data-arrowimage=\"arrows-36-80-0.png\" data-arrowwidth=\"36\" data-arrowheight=\"80\" data-arrowtop=\"50\" data-arrowmargin=\"-18\" data-navstyle=\"bullets\" data-navimage=\"bullet-24-24-1.png\" data-navwidth=\"24\" data-navheight=\"24\" data-navspacing=\"8\" data-navmarginx=\"16\" data-navmarginy=\"16\" data-navposition=\"bottom\" data-playvideoimage=\"playvideo-64-64-0.png\" data-playvideoimagewidth=\"64\" data-playvideoimageheight=\"64\" data-lightboxthumbwidth=\"90\" data-lightboxthumbheight=\"60\" data-lightboxthumbtopmargin=\"12\" data-lightboxthumbbottommargin=\"4\" data-lightboxbarheight=\"64\" data-lightboxtitlebottomcss=\"color:#333; font-size:14px; font-family:Armata,sans-serif,Arial; overflow:hidden; text-align:left;\" data-lightboxdescriptionbottomcss=\"color:#333; font-size:12px; font-family:Arial,Helvetica,sans-serif; overflow:hidden; text-align:left; margin:4px 0px 0px; padding: 0px;\" data-textformat=\"Color box\" data-textpositionstatic=\"bottom\" data-textpositiondynamic=\"bottomleft\" data-paddingleft=\"0\" data-paddingright=\"0\" data-paddingtop=\"0\" data-paddingbottom=\"0\" data-texteffectresponsivesize=\"640\" data-fadeduration=\"1000\" data-crossfadeduration=\"1000\" data-slideduration=\"1000\" data-elasticduration=\"1000\" data-sliceduration=\"1500\" data-blindsduration=\"1500\" data-blocksduration=\"1500\" data-shuffleduration=\"1500\" data-tilesduration=\"2000\" data-kenburnsduration=\"5000\" data-flipduration=\"1500\" data-flipwithzoomduration=\"2000\" data-threedduration=\"1500\" data-threedhorizontalduration=\"1500\" data-threedwithzoomduration=\"2500\" data-threedhorizontalwithzoomduration=\"2200\" data-threedflipduration=\"1500\" data-threedflipwithzoomduration=\"2000\" data-threedtilesduration=\"2000\" data-threedfallback=\"flip\" data-threedhorizontalfallback=\"flip\" data-threedwithzoomfallback=\"flipwithzoom\" data-threedhorizontalwithzoomfallback=\"flipwithzoom\" data-threedflipfallback=\"flip\" data-threedflipwithzoomfallback=\"flipwithzoom\" data-threedtilesfallback=\"tiles\" data-ratiomediumscreen=\"800\" data-ratiomediumheight=\"1.2\" data-ratiosmallscreen=\"480\" data-ratiosmallheight=\"1.6\" data-lightboxtitlestyle=\"bottom\" data-lightboximagepercentage=\"75\" data-lightboxdefaultvideovolume=\"1\" data-lightboxoverlaybgcolor=\"#000\" data-lightboxoverlayopacity=\"0.9\" data-lightboxbgcolor=\"#fff\" data-lightboxtitleprefix=\"%NUM \/ %TOTAL\" data-lightboxtitleinsidecss=\"color:#fff; font-size:16px; font-family:Arial,Helvetica,sans-serif; overflow:hidden; text-align:left;\" data-lightboxdescriptioninsidecss=\"color:#fff; font-size:12px; font-family:Arial,Helvetica,sans-serif; overflow:hidden; text-align:left; margin:4px 0px 0px; padding: 0px;\" data-lightboxslideinterval=\"8000\" data-lightboxtimerposition=\"bottom\" data-lightboxtimercolor=\"#dc572e\" data-lightboxtimeropacity=\"1\" data-lightboxbordersize=\"8\" data-lightboxborderradius=\"0\" data-textcss=\"display:block; padding:8px 16px; text-align:left;\" data-textbgcss=\"display:none;\" data-titlecss=\"display:table; position:relative; font:bold 14px &quot;Lucida Sans Unicode&quot;,&quot;Lucida Grande&quot;,sans-serif,Arial; color:#fff; white-space:nowrap; background-color:#f7a020; padding:10px;\" data-descriptioncss=\"display:block; position:relative; font:12px &quot;Lucida Sans Unicode&quot;,&quot;Lucida Grande&quot;,sans-serif,Arial; color:#fff;  background-color:#e04000; margin-top:10px; padding:10px;\" data-buttoncss=\"display:block; position:relative; margin-top:10px;\" data-titlecssresponsive=\"font-size:12px;\" data-descriptioncssresponsive=\"display:none !important;\" data-buttoncssresponsive=\"\" data-jsfolder=\"https:\/\/www.jura-films.ch\/wp-content\/plugins\/wonderplugin-slider-lite\/engine\/\" style=\"display:none;\" ><ul class=\"amazingslider-slides\"  style=\"display:none;\"><li><img decoding=\"async\" class=\"amazingslider-img-elem amazingsliderimg\" src=\"https:\/\/www.jura-films.ch\/wp-content\/uploads\/2016\/05\/Bernadet.jpg\" alt=\"bernadet\" title=\"bernadet\" data-description=\"\" \/><\/li><li><img decoding=\"async\" class=\"amazingslider-img-elem amazingsliderimg\" src=\"https:\/\/www.jura-films.ch\/wp-content\/uploads\/2016\/05\/Oum-Hashem.jpg\" alt=\"oum-hashem\" title=\"oum-hashem\" data-description=\"\" \/><\/li><li><img decoding=\"async\" class=\"amazingslider-img-elem amazingsliderimg\" src=\"https:\/\/www.jura-films.ch\/wp-content\/uploads\/2016\/05\/Iman-.jpg\" alt=\"iman\" title=\"iman\" data-description=\"\" \/><\/li><li><img decoding=\"async\" class=\"amazingslider-img-elem amazingsliderimg\" src=\"https:\/\/www.jura-films.ch\/wp-content\/uploads\/2016\/05\/Raya-A.jpg\" alt=\"raya-a\" title=\"raya-a\" data-description=\"\" \/><\/li><li><img decoding=\"async\" class=\"amazingslider-img-elem amazingsliderimg\" src=\"https:\/\/www.jura-films.ch\/wp-content\/uploads\/2016\/05\/Rachel-B.jpg\" alt=\"rachel-b\" title=\"rachel-b\" data-description=\"\" \/><\/li><li><img decoding=\"async\" class=\"amazingslider-img-elem amazingsliderimg\" src=\"https:\/\/www.jura-films.ch\/wp-content\/uploads\/2016\/05\/Hadassa-A.jpg\" alt=\"hadassa-a\" title=\"hadassa-a\" data-description=\"\" \/><\/li><\/ul><ul class=\"amazingslider-thumbnails\"  style=\"display:none;\"><li><img decoding=\"async\" class=\"amazingslider-thumbnail-elem amazingsliderthumbnailimg\" src=\"https:\/\/www.jura-films.ch\/wp-content\/uploads\/2016\/05\/Bernadet-150x150.jpg\" alt=\"bernadet\" title=\"bernadet\" data-description=\"\" \/><\/li><li><img decoding=\"async\" class=\"amazingslider-thumbnail-elem amazingsliderthumbnailimg\" src=\"https:\/\/www.jura-films.ch\/wp-content\/uploads\/2016\/05\/Oum-Hashem-150x150.jpg\" alt=\"oum-hashem\" title=\"oum-hashem\" data-description=\"\" \/><\/li><li><img decoding=\"async\" class=\"amazingslider-thumbnail-elem amazingsliderthumbnailimg\" src=\"https:\/\/www.jura-films.ch\/wp-content\/uploads\/2016\/05\/Iman--150x150.jpg\" alt=\"iman\" title=\"iman\" data-description=\"\" \/><\/li><li><img decoding=\"async\" class=\"amazingslider-thumbnail-elem amazingsliderthumbnailimg\" src=\"https:\/\/www.jura-films.ch\/wp-content\/uploads\/2016\/05\/Raya-A-150x150.jpg\" alt=\"raya-a\" title=\"raya-a\" data-description=\"\" \/><\/li><li><img decoding=\"async\" class=\"amazingslider-thumbnail-elem amazingsliderthumbnailimg\" src=\"https:\/\/www.jura-films.ch\/wp-content\/uploads\/2016\/05\/Rachel-B-150x150.jpg\" alt=\"rachel-b\" title=\"rachel-b\" data-description=\"\" \/><\/li><li><img decoding=\"async\" class=\"amazingslider-thumbnail-elem amazingsliderthumbnailimg\" src=\"https:\/\/www.jura-films.ch\/wp-content\/uploads\/2016\/05\/Hadassa-A-150x150.jpg\" alt=\"hadassa-a\" title=\"hadassa-a\" data-description=\"\" \/><\/li><\/ul><\/div><\/div><\/p>","protected":false},"excerpt":{"rendered":"<p>GRIEF AND REVOLT Middle-East: On both sides of war women remember and long for peace Documentary film based on the book THE WAR WITH TWO VOICES by Laurence Deonna 42 minutes Video, colour Original version: Arabe and Hebrew \/ English version Sale DVD: JURA-FILMS &#8220;Contact&#8221; Scriptwriter and director Lucienne Lanaz Co-scriptwriter Laurence Deonna Protagonists Iman [&hellip;]<\/p>\n","protected":false},"author":1,"featured_media":0,"parent":18,"menu_order":0,"comment_status":"closed","ping_status":"closed","template":"","meta":{"footnotes":""},"class_list":["post-67","page","type-page","status-publish","hentry"],"_links":{"self":[{"href":"https:\/\/www.jura-films.ch\/en\/wp-json\/wp\/v2\/pages\/67","targetHints":{"allow":["GET"]}}],"collection":[{"href":"https:\/\/www.jura-films.ch\/en\/wp-json\/wp\/v2\/pages"}],"about":[{"href":"https:\/\/www.jura-films.ch\/en\/wp-json\/wp\/v2\/types\/page"}],"author":[{"embeddable":true,"href":"https:\/\/www.jura-films.ch\/en\/wp-json\/wp\/v2\/users\/1"}],"replies":[{"embeddable":true,"href":"https:\/\/www.jura-films.ch\/en\/wp-json\/wp\/v2\/comments?post=67"}],"version-history":[{"count":20,"href":"https:\/\/www.jura-films.ch\/en\/wp-json\/wp\/v2\/pages\/67\/revisions"}],"predecessor-version":[{"id":1139,"href":"https:\/\/www.jura-films.ch\/en\/wp-json\/wp\/v2\/pages\/67\/revisions\/1139"}],"up":[{"embeddable":true,"href":"https:\/\/www.jura-films.ch\/en\/wp-json\/wp\/v2\/pages\/18"}],"wp:attachment":[{"href":"https:\/\/www.jura-films.ch\/en\/wp-json\/wp\/v2\/media?parent=67"}],"curies":[{"name":"wp","href":"https:\/\/api.w.org\/{rel}","templated":true}]}}