{"id":611,"date":"2016-12-31T16:57:07","date_gmt":"2016-12-31T15:57:07","guid":{"rendered":"https:\/\/www.jura-films.ch\/?page_id=611"},"modified":"2017-11-22T16:14:33","modified_gmt":"2017-11-22T15:14:33","slug":"liens","status":"publish","type":"page","link":"https:\/\/www.jura-films.ch\/en\/liens\/","title":{"rendered":"Links"},"content":{"rendered":"<p><\/p>\n<ul>\n<li><a href=\"http:\/\/www.gout.ch\/\" target=\"_blank\" rel=\"noopener\">gout.ch<\/a><\/li>\n<li><a title=\"Grandval\" href=\"http:\/\/www.grandval.ch\" target=\"_blank\" rel=\"noopener\">grandval.ch<\/a><\/li>\n<li><a title=\"artfilm.ch\" href=\"http:\/\/www.artfilm.ch\/artfilm-ch&amp;lang=en\" target=\"_blank\" rel=\"noopener\">artfilm.ch<\/a><\/li>\n<li><a href=\"http:\/\/www.soroptimist-biel.ch\/\" target=\"_blank\" rel=\"noopener\">soroptimist-biel.ch<\/a><\/li>\n<li><a title=\"House of documentary\" href=\"http:\/\/www.hdf.de\" target=\"_blank\" rel=\"noopener\">hdf.de <\/a>House of documentary<\/li>\n<li><a title=\"Swiss filmmakers Association\" href=\"http:\/\/www.arf-fds.ch\" target=\"_blank\" rel=\"noopener\">arf-fds.ch.ch <\/a><\/li>\n<li><a title=\"La Fondation Banneret Wisard\" href=\"http:\/\/www.banneret-wisard.ch\" target=\"_blank\" rel=\"noopener\">banneret-wisard.ch <\/a><\/li>\n<li><a title=\"swissdvdshop\" href=\"http:\/\/www.swissdvdshop.ch\/de\" target=\"_blank\" rel=\"noopener\">swissdvdshop.ch <\/a><\/li>\n<li><a title=\"Film-Museum Potsdam\" href=\"http:\/\/www.filmmuseum-potsdam.de\" target=\"_blank\" rel=\"noopener\">filmmuseum-potsdam.de <\/a>Film-Museum Potsdam, Germany<\/li>\n<li><a title=\"Fondation DiD\u00e9 (Dignit\u00e9 en D\u00e9tention) \" href=\"http:\/\/www.dide.ch\" target=\"_blank\" rel=\"noopener\">dide.ch <\/a>Did\u00e9 Foundation &#8211; Dignity in detention<\/li>\n<li><a title=\"Creation Pat Von N\" href=\"http:\/\/www.patvn.ch\" target=\"_blank\" rel=\"noopener\">patvn.ch <\/a>Poyas Pat Von N.<\/li>\n<li><a title=\"vibrachroma Sabine Oppliger\/Pierre Eggimann\" href=\"http:\/\/www.vibrachroma.ch\/actualites.html\" target=\"_blank\" rel=\"noopener\">vibrachroma.ch<\/a><\/li>\n<li><a title=\"swissfilms\" href=\"http:\/\/www.swissfilms.ch\/de\/\" target=\"_blank\" rel=\"noopener\">swissfilms.ch<\/a><\/li>\n<\/ul>\n<p><\/p>","protected":false},"excerpt":{"rendered":"<p>gout.ch grandval.ch artfilm.ch soroptimist-biel.ch hdf.de House of documentary arf-fds.ch.ch banneret-wisard.ch swissdvdshop.ch filmmuseum-potsdam.de Film-Museum Potsdam, Germany dide.ch Did\u00e9 Foundation &#8211; Dignity in detention patvn.ch Poyas Pat Von N. vibrachroma.ch swissfilms.ch<\/p>\n","protected":false},"author":1,"featured_media":0,"parent":0,"menu_order":0,"comment_status":"closed","ping_status":"closed","template":"","meta":{"footnotes":""},"class_list":["post-611","page","type-page","status-publish","hentry"],"_links":{"self":[{"href":"https:\/\/www.jura-films.ch\/en\/wp-json\/wp\/v2\/pages\/611","targetHints":{"allow":["GET"]}}],"collection":[{"href":"https:\/\/www.jura-films.ch\/en\/wp-json\/wp\/v2\/pages"}],"about":[{"href":"https:\/\/www.jura-films.ch\/en\/wp-json\/wp\/v2\/types\/page"}],"author":[{"embeddable":true,"href":"https:\/\/www.jura-films.ch\/en\/wp-json\/wp\/v2\/users\/1"}],"replies":[{"embeddable":true,"href":"https:\/\/www.jura-films.ch\/en\/wp-json\/wp\/v2\/comments?post=611"}],"version-history":[{"count":14,"href":"https:\/\/www.jura-films.ch\/en\/wp-json\/wp\/v2\/pages\/611\/revisions"}],"predecessor-version":[{"id":704,"href":"https:\/\/www.jura-films.ch\/en\/wp-json\/wp\/v2\/pages\/611\/revisions\/704"}],"wp:attachment":[{"href":"https:\/\/www.jura-films.ch\/en\/wp-json\/wp\/v2\/media?parent=611"}],"curies":[{"name":"wp","href":"https:\/\/api.w.org\/{rel}","templated":true}]}}