{"id":463,"date":"2016-11-09T19:45:22","date_gmt":"2016-11-09T18:45:22","guid":{"rendered":"https:\/\/www.jura-films.ch\/?page_id=463"},"modified":"2023-03-18T18:48:37","modified_gmt":"2023-03-18T17:48:37","slug":"cinejournal-au-feminin","status":"publish","type":"page","link":"https:\/\/www.jura-films.ch\/en\/production\/cinejournal-au-feminin\/","title":{"rendered":"THE IMAGE OF WOMEN IN THE SWISS FILM NEWS JOURNAL"},"content":{"rendered":"<p><a href=\"https:\/\/www.jura-films.ch\/wp-content\/uploads\/2016\/11\/Cin\u00e9journal-prospectus.jpg\"><img loading=\"lazy\" decoding=\"async\" class=\"alignleft wp-image-465\" title=\"Cin\u00e9 journal au f\u00e9minin\" src=\"https:\/\/www.jura-films.ch\/wp-content\/uploads\/2016\/11\/Cin\u00e9journal-prospectus-212x300.jpg\" alt=\"cinejournal-prospectus\" width=\"150\" height=\"213\" srcset=\"https:\/\/www.jura-films.ch\/wp-content\/uploads\/2016\/11\/Cin\u00e9journal-prospectus-212x300.jpg 212w, https:\/\/www.jura-films.ch\/wp-content\/uploads\/2016\/11\/Cin\u00e9journal-prospectus-768x1089.jpg 768w, https:\/\/www.jura-films.ch\/wp-content\/uploads\/2016\/11\/Cin\u00e9journal-prospectus-722x1024.jpg 722w, https:\/\/www.jura-films.ch\/wp-content\/uploads\/2016\/11\/Cin\u00e9journal-prospectus.jpg 1624w\" sizes=\"auto, (max-width: 150px) 100vw, 150px\" \/><\/a>THE IMAGE OF WOMEN IN THE SWISS FILM NEWS JOURNAL<\/p>\n<p>Documentary film, 1979\/80 &#8211; 75 minutes &#8211; 16 mm, black\/white and colour<\/p>\n<p>Original versions: French or German (without English subtitles)<\/p>\n<p>Sale : JURA-FILMS &#8220;<a href=\"https:\/\/www.jura-films.ch\/contact\/\">Contact<\/a>&#8221; (including French and German versions)<\/p>\n<p>Directors Anne Cun\u00e9o, Lucienne Lanaz, Erich Liebi, Urs Bolliger<br \/>\nCamera Hans-Toni Aschwanden<br \/>\nSound Alain Nicolet<br \/>\nMixing Laurent Barbey<br \/>\nLighting Marcel Sch\u00fcpbach<br \/>\nSpeakers Th\u00e9r\u00e8se Bernhard, Edgar W\u00fcstend\u00f6rfer<br \/>\nActress Genevi\u00e8ve Perret<br \/>\nCommentary Marlis Tschui<br \/>\nMusic song &#8220;Femme&#8221; Jean-Fran\u00e7ois Mages<br \/>\nLyrics and voice song Roger Cun\u00e9o<br \/>\nGastronomy Hubert Lanaz<br \/>\nProduction manager George Reinhard<br \/>\nStills Marcel Str\u00fcebi<br \/>\nCreation &#8220;Zo\u00eb&#8221; \/ animation \/ banc-titres Martial Wannaz<\/p>\n<p>With the participation of Georges Bartels curator of the Swiss film news journal (CJS), Monica Conte Rossini, Jacqueline Cu\u00e9nod and inhabitants of Aathal and Lausanne.<\/p>\n<p>SYNOPSIS<\/p>\n<p>The Swiss film news journal (CJS) in its current form originated at the beginning of World War Il. Its goal was to be a &#8220;psychological weapon&#8221; meant to inform the Swiss population in an objective way and, if necessary, to &#8220;reinforce their spirit of independence and will of defence&#8221;. It considered itself as an &#8220;essential addition to written and verbal information&#8221; .<\/p>\n<p>In its 35 years of existence, the CJS attained the impressive size of 280000 metres in 3 languages and is divided into approximately 9 000 subjects, covering a large field of subjects.<br \/>\nWe were curious to see what place the CJS attributed to women. Housewife? Star? Sportswoman? Queen? Soldier? Or were they perhaps not represented at all? Who shows them? How, and why?<\/p>\n<p>The film, based on the original material as well as through research and statistics, tries to answer these questions related to the subjects discussed.<\/p>\n<p>The film in part retraces the authors&#8217; steps in their search for women in the news and in part the methods used (sub-consciously but no less constant) by many CJS filmmakers.<br \/>\nThrough presenting relatively abundant and undoubtedly representative material, it tries to throw light on the kind of image successive filmmakers had of women.<\/p>\n<p>Parallel to this study the film also leads to reflect on the media and the way it is used.<\/p>\n<p><div class=\"wonderpluginslider-container\" id=\"wonderpluginslider-container-13\" style=\"max-width:540px;margin:0 auto;padding-left:0px;padding-right:0px;padding-top:0px;padding-bottom:0px;\"><div class=\"wonderpluginslider\" id=\"wonderpluginslider-13\" data-sliderid=\"13\" data-width=\"540\" data-height=\"360\" data-skin=\"cube\" data-autoplay=\"true\" data-randomplay=\"false\" data-loadimageondemand=\"false\" data-transitiononfirstslide=\"false\" data-autoplayvideo=\"false\" data-isresponsive=\"true\" data-fullwidth=\"false\" data-isfullscreen=\"false\" data-ratioresponsive=\"false\" data-showtext=\"true\" data-showtimer=\"true\" data-showbottomshadow=\"true\" data-navshowpreview=\"true\" data-textautohide=\"true\" data-lightboxresponsive=\"true\" data-lightboxshownavigation=\"false\" data-lightboxshowtitle=\"true\" data-lightboxshowdescription=\"false\" data-texteffectresponsive=\"true\" data-donotinit=\"false\" data-addinitscript=\"false\" data-lightboxfullscreenmode=\"false\" data-lightboxcloseonoverlay=\"true\" data-lightboxvideohidecontrols=\"false\" data-lightboxnogroup=\"false\" data-lightboxautoslide=\"false\" data-lightboxshowtimer=\"true\" data-lightboxshowplaybutton=\"true\" data-lightboxalwaysshownavarrows=\"false\" data-lightboxshowtitleprefix=\"true\" data-titleusealt=\"false\" data-outputtext=\"false\" data-scalemode=\"fit\" data-arrowstyle=\"always\" data-transition=\"fade\" data-loop=\"0\" data-border=\"0\" data-slideinterval=\"8000\" data-arrowimage=\"arrows-36-80-0.png\" data-arrowwidth=\"36\" data-arrowheight=\"80\" data-arrowtop=\"50\" data-arrowmargin=\"-18\" data-navstyle=\"bullets\" data-navimage=\"bullet-24-24-1.png\" data-navwidth=\"24\" data-navheight=\"24\" data-navspacing=\"8\" data-navmarginx=\"16\" data-navmarginy=\"16\" data-navposition=\"bottom\" data-playvideoimage=\"playvideo-64-64-0.png\" data-playvideoimagewidth=\"64\" data-playvideoimageheight=\"64\" data-lightboxthumbwidth=\"90\" data-lightboxthumbheight=\"60\" data-lightboxthumbtopmargin=\"12\" data-lightboxthumbbottommargin=\"4\" data-lightboxbarheight=\"64\" data-lightboxtitlebottomcss=\"color:#333; font-size:14px; font-family:Armata,sans-serif,Arial; overflow:hidden; text-align:left;\" data-lightboxdescriptionbottomcss=\"color:#333; font-size:12px; font-family:Arial,Helvetica,sans-serif; overflow:hidden; text-align:left; margin:4px 0px 0px; padding: 0px;\" data-textformat=\"Color box\" data-textpositionstatic=\"bottom\" data-textpositiondynamic=\"bottomleft\" data-paddingleft=\"0\" data-paddingright=\"0\" data-paddingtop=\"0\" data-paddingbottom=\"0\" data-texteffectresponsivesize=\"640\" data-fadeduration=\"1000\" data-crossfadeduration=\"1000\" data-slideduration=\"1000\" data-elasticduration=\"1000\" data-sliceduration=\"1500\" data-blindsduration=\"1500\" data-blocksduration=\"1500\" data-shuffleduration=\"1500\" data-tilesduration=\"2000\" data-kenburnsduration=\"5000\" data-flipduration=\"1500\" data-flipwithzoomduration=\"2000\" data-threedduration=\"1500\" data-threedhorizontalduration=\"1500\" data-threedwithzoomduration=\"2500\" data-threedhorizontalwithzoomduration=\"2200\" data-threedflipduration=\"1500\" data-threedflipwithzoomduration=\"2000\" data-threedtilesduration=\"2000\" data-threedfallback=\"flip\" data-threedhorizontalfallback=\"flip\" data-threedwithzoomfallback=\"flipwithzoom\" data-threedhorizontalwithzoomfallback=\"flipwithzoom\" data-threedflipfallback=\"flip\" data-threedflipwithzoomfallback=\"flipwithzoom\" data-threedtilesfallback=\"tiles\" data-ratiomediumscreen=\"800\" data-ratiomediumheight=\"1.2\" data-ratiosmallscreen=\"480\" data-ratiosmallheight=\"1.6\" data-lightboxtitlestyle=\"bottom\" data-lightboximagepercentage=\"75\" data-lightboxdefaultvideovolume=\"1\" data-lightboxoverlaybgcolor=\"#000\" data-lightboxoverlayopacity=\"0.9\" data-lightboxbgcolor=\"#fff\" data-lightboxtitleprefix=\"%NUM \/ %TOTAL\" data-lightboxtitleinsidecss=\"color:#fff; font-size:16px; font-family:Arial,Helvetica,sans-serif; overflow:hidden; text-align:left;\" data-lightboxdescriptioninsidecss=\"color:#fff; font-size:12px; font-family:Arial,Helvetica,sans-serif; overflow:hidden; text-align:left; margin:4px 0px 0px; padding: 0px;\" data-lightboxslideinterval=\"5000\" data-lightboxtimerposition=\"bottom\" data-lightboxtimercolor=\"#dc572e\" data-lightboxtimeropacity=\"1\" data-lightboxbordersize=\"8\" data-lightboxborderradius=\"0\" data-textcss=\"display:block; padding:8px 16px; text-align:left;\" data-textbgcss=\"display:none;\" data-titlecss=\"display:table; position:relative; font:bold 14px &quot;Lucida Sans Unicode&quot;,&quot;Lucida Grande&quot;,sans-serif,Arial; color:#fff; white-space:nowrap; background-color:#f7a020; padding:10px;\" data-descriptioncss=\"display:block; position:relative; font:12px &quot;Lucida Sans Unicode&quot;,&quot;Lucida Grande&quot;,sans-serif,Arial; color:#fff;  background-color:#e04000; margin-top:10px; padding:10px;\" data-buttoncss=\"display:block; position:relative; margin-top:10px;\" data-titlecssresponsive=\"font-size:12px;\" data-descriptioncssresponsive=\"display:none !important;\" data-buttoncssresponsive=\"\" data-jsfolder=\"https:\/\/www.jura-films.ch\/wp-content\/plugins\/wonderplugin-slider-lite\/engine\/\" style=\"display:none;\" ><ul class=\"amazingslider-slides\"  style=\"display:none;\"><li><img decoding=\"async\" class=\"amazingslider-img-elem amazingsliderimg\" src=\"https:\/\/www.jura-films.ch\/wp-content\/uploads\/2016\/11\/Cin\u00e9journal-photo-affiche.jpg\" alt=\"cinejournal 1\" title=\"cinejournal 1\" data-description=\"\" \/><\/li><li><img decoding=\"async\" class=\"amazingslider-img-elem amazingsliderimg\" src=\"https:\/\/www.jura-films.ch\/wp-content\/uploads\/2016\/11\/Cin\u00e9journal-Lulu-Anne.jpg\" alt=\"cinejournal 2\" title=\"cinejournal 2\" data-description=\"\" \/><\/li><li><img decoding=\"async\" class=\"amazingslider-img-elem amazingsliderimg\" src=\"https:\/\/www.jura-films.ch\/wp-content\/uploads\/2016\/11\/Cin\u00e9journal-Lulu-clap.jpg\" alt=\"cinejournal 3\" title=\"cinejournal 3\" data-description=\"\" \/><\/li><\/ul><ul class=\"amazingslider-thumbnails\"  style=\"display:none;\"><li><img decoding=\"async\" class=\"amazingslider-thumbnail-elem amazingsliderthumbnailimg\" src=\"https:\/\/www.jura-films.ch\/wp-content\/uploads\/2016\/11\/Cin\u00e9journal-photo-affiche-150x150.jpg\" alt=\"cinejournal 1\" title=\"cinejournal 1\" data-description=\"\" \/><\/li><li><img decoding=\"async\" class=\"amazingslider-thumbnail-elem amazingsliderthumbnailimg\" src=\"https:\/\/www.jura-films.ch\/wp-content\/uploads\/2016\/11\/Cin\u00e9journal-Lulu-Anne-150x150.jpg\" alt=\"cinejournal 2\" title=\"cinejournal 2\" data-description=\"\" \/><\/li><li><img decoding=\"async\" class=\"amazingslider-thumbnail-elem amazingsliderthumbnailimg\" src=\"https:\/\/www.jura-films.ch\/wp-content\/uploads\/2016\/11\/Cin\u00e9journal-Lulu-clap-150x150.jpg\" alt=\"cinejournal 3\" title=\"cinejournal 3\" data-description=\"\" \/><\/li><\/ul><\/div><\/div><\/p>","protected":false},"excerpt":{"rendered":"<p>THE IMAGE OF WOMEN IN THE SWISS FILM NEWS JOURNAL Documentary film, 1979\/80 &#8211; 75 minutes &#8211; 16 mm, black\/white and colour Original versions: French or German (without English subtitles) Sale : JURA-FILMS &#8220;Contact&#8221; (including French and German versions) Directors Anne Cun\u00e9o, Lucienne Lanaz, Erich Liebi, Urs Bolliger Camera Hans-Toni Aschwanden Sound Alain Nicolet Mixing [&hellip;]<\/p>\n","protected":false},"author":1,"featured_media":0,"parent":18,"menu_order":0,"comment_status":"closed","ping_status":"closed","template":"","meta":{"footnotes":""},"class_list":["post-463","page","type-page","status-publish","hentry"],"_links":{"self":[{"href":"https:\/\/www.jura-films.ch\/en\/wp-json\/wp\/v2\/pages\/463","targetHints":{"allow":["GET"]}}],"collection":[{"href":"https:\/\/www.jura-films.ch\/en\/wp-json\/wp\/v2\/pages"}],"about":[{"href":"https:\/\/www.jura-films.ch\/en\/wp-json\/wp\/v2\/types\/page"}],"author":[{"embeddable":true,"href":"https:\/\/www.jura-films.ch\/en\/wp-json\/wp\/v2\/users\/1"}],"replies":[{"embeddable":true,"href":"https:\/\/www.jura-films.ch\/en\/wp-json\/wp\/v2\/comments?post=463"}],"version-history":[{"count":4,"href":"https:\/\/www.jura-films.ch\/en\/wp-json\/wp\/v2\/pages\/463\/revisions"}],"predecessor-version":[{"id":811,"href":"https:\/\/www.jura-films.ch\/en\/wp-json\/wp\/v2\/pages\/463\/revisions\/811"}],"up":[{"embeddable":true,"href":"https:\/\/www.jura-films.ch\/en\/wp-json\/wp\/v2\/pages\/18"}],"wp:attachment":[{"href":"https:\/\/www.jura-films.ch\/en\/wp-json\/wp\/v2\/media?parent=463"}],"curies":[{"name":"wp","href":"https:\/\/api.w.org\/{rel}","templated":true}]}}