{"id":410,"date":"2016-11-03T08:05:48","date_gmt":"2016-11-03T07:05:48","guid":{"rendered":"https:\/\/www.jura-films.ch\/?page_id=410"},"modified":"2020-02-27T11:32:55","modified_gmt":"2020-02-27T10:32:55","slug":"la-demande-en-voyage","status":"publish","type":"page","link":"https:\/\/www.jura-films.ch\/en\/production\/la-demande-en-voyage\/","title":{"rendered":"MY FRIENDS IN EAST-GERMANY"},"content":{"rendered":"<p><a href=\"https:\/\/www.jura-films.ch\/wp-content\/uploads\/2016\/11\/DDR-affiche-recto.jpg\"><img loading=\"lazy\" decoding=\"async\" class=\"wp-image-414 alignleft\" title=\"My friends in East-Germany\" src=\"https:\/\/www.jura-films.ch\/wp-content\/uploads\/2016\/11\/DDR-affiche-recto-212x300.jpg\" alt=\"ddr-affiche-recto\" width=\"150\" height=\"212\" srcset=\"https:\/\/www.jura-films.ch\/wp-content\/uploads\/2016\/11\/DDR-affiche-recto-212x300.jpg 212w, https:\/\/www.jura-films.ch\/wp-content\/uploads\/2016\/11\/DDR-affiche-recto-768x1086.jpg 768w, https:\/\/www.jura-films.ch\/wp-content\/uploads\/2016\/11\/DDR-affiche-recto-724x1024.jpg 724w\" sizes=\"auto, (max-width: 150px) 100vw, 150px\" \/><\/a>MY FRIENDS IN EAST-GERMANY<\/p>\n<p>Documentary film 1989\/90 &#8211; 100 minutes &#8211; 16 mm, colour<\/p>\n<p>Sale : JURA-FILMS &#8220;<a href=\"https:\/\/www.jura-films.ch\/contact\/\">Contact<\/a>&#8221;<\/p>\n<p>Scriptwriter and director Lucienne Lanaz<br \/>\nCollaborator scriptwriting Richard Ritterbusch<br \/>\nProtagonists Hans Aichinger, Uschi Dolge, Maya L\u00f6ffler, Bernd M\u00fcller, Maria Planitzer, Wolfram Witt<br \/>\nCam\u00e9ra Hans-Toni Aschwanden<br \/>\nContinuity assistant \/ editing Greti Klay<br \/>\nMusic Hans Koch<br \/>\nCollaborators DEFA, RDA<\/p>\n<p>With the participation of Jekaterina (Kati) Lemmo and the &#8220;Leiko&#8221; group of the Setu women singers of Viirska, Estonia.<\/p>\n<p>SYNOPSIS<\/p>\n<p>This film takes us on a journey of discovery through a socialist country and tries to convey the feelings and the life style of some East-Germans. The six people we portrayed, on various stages of our journey, are mostly intellectuals or artists. Thanks to a long-standing friendship with them, we were able to get a close look at them. They have all managed to obtain a certain degree of freedom for themselves, either as \u00aboutsiders\u00bb or integrated into society. It&#8217;s a subjective film; images and the points of view belong to the Director alone. But she does not try to conceal it. She even criticises it and enjoys the discovery.<br \/>\nThis film was shot in summer 1988, the epilogue during the historical events in November 1989.<\/p>\n<p><div class=\"wonderpluginslider-container\" id=\"wonderpluginslider-container-9\" style=\"max-width:540px;margin:0 auto;padding-left:0px;padding-right:0px;padding-top:0px;padding-bottom:0px;\"><div class=\"wonderpluginslider\" id=\"wonderpluginslider-9\" data-sliderid=\"9\" data-width=\"540\" data-height=\"360\" data-skin=\"cube\" data-autoplay=\"true\" data-randomplay=\"false\" data-loadimageondemand=\"false\" data-transitiononfirstslide=\"false\" data-autoplayvideo=\"false\" data-isresponsive=\"true\" data-fullwidth=\"false\" data-isfullscreen=\"false\" data-ratioresponsive=\"false\" data-showtext=\"true\" data-showtimer=\"true\" data-showbottomshadow=\"true\" data-navshowpreview=\"true\" data-textautohide=\"true\" data-lightboxresponsive=\"true\" data-lightboxshownavigation=\"false\" data-lightboxshowtitle=\"true\" data-lightboxshowdescription=\"false\" data-texteffectresponsive=\"true\" data-donotinit=\"false\" data-addinitscript=\"false\" data-lightboxfullscreenmode=\"false\" data-lightboxcloseonoverlay=\"true\" data-lightboxvideohidecontrols=\"false\" data-lightboxnogroup=\"false\" data-lightboxautoslide=\"false\" data-lightboxshowtimer=\"true\" data-lightboxshowplaybutton=\"true\" data-lightboxalwaysshownavarrows=\"false\" data-lightboxshowtitleprefix=\"true\" data-titleusealt=\"false\" data-outputtext=\"false\" data-scalemode=\"fit\" data-arrowstyle=\"always\" data-transition=\"fade\" data-loop=\"0\" data-border=\"0\" data-slideinterval=\"8000\" data-arrowimage=\"arrows-36-80-0.png\" data-arrowwidth=\"36\" data-arrowheight=\"80\" data-arrowtop=\"50\" data-arrowmargin=\"-18\" data-navstyle=\"bullets\" data-navimage=\"bullet-24-24-1.png\" data-navwidth=\"24\" data-navheight=\"24\" data-navspacing=\"8\" data-navmarginx=\"16\" data-navmarginy=\"16\" data-navposition=\"bottom\" data-playvideoimage=\"playvideo-64-64-0.png\" data-playvideoimagewidth=\"64\" data-playvideoimageheight=\"64\" data-lightboxthumbwidth=\"90\" data-lightboxthumbheight=\"60\" data-lightboxthumbtopmargin=\"12\" data-lightboxthumbbottommargin=\"4\" data-lightboxbarheight=\"64\" data-lightboxtitlebottomcss=\"color:#333; font-size:14px; font-family:Armata,sans-serif,Arial; overflow:hidden; text-align:left;\" data-lightboxdescriptionbottomcss=\"color:#333; font-size:12px; font-family:Arial,Helvetica,sans-serif; overflow:hidden; text-align:left; margin:4px 0px 0px; padding: 0px;\" data-textformat=\"Color box\" data-textpositionstatic=\"bottom\" data-textpositiondynamic=\"bottomleft\" data-paddingleft=\"0\" data-paddingright=\"0\" data-paddingtop=\"0\" data-paddingbottom=\"0\" data-texteffectresponsivesize=\"640\" data-fadeduration=\"1000\" data-crossfadeduration=\"1000\" data-slideduration=\"1000\" data-elasticduration=\"1000\" data-sliceduration=\"1500\" data-blindsduration=\"1500\" data-blocksduration=\"1500\" data-shuffleduration=\"1500\" data-tilesduration=\"2000\" data-kenburnsduration=\"5000\" data-flipduration=\"1500\" data-flipwithzoomduration=\"2000\" data-threedduration=\"1500\" data-threedhorizontalduration=\"1500\" data-threedwithzoomduration=\"2500\" data-threedhorizontalwithzoomduration=\"2200\" data-threedflipduration=\"1500\" data-threedflipwithzoomduration=\"2000\" data-threedtilesduration=\"2000\" data-threedfallback=\"flip\" data-threedhorizontalfallback=\"flip\" data-threedwithzoomfallback=\"flipwithzoom\" data-threedhorizontalwithzoomfallback=\"flipwithzoom\" data-threedflipfallback=\"flip\" data-threedflipwithzoomfallback=\"flipwithzoom\" data-threedtilesfallback=\"tiles\" data-ratiomediumscreen=\"800\" data-ratiomediumheight=\"1.2\" data-ratiosmallscreen=\"480\" data-ratiosmallheight=\"1.6\" data-lightboxtitlestyle=\"bottom\" data-lightboximagepercentage=\"75\" data-lightboxdefaultvideovolume=\"1\" data-lightboxoverlaybgcolor=\"#000\" data-lightboxoverlayopacity=\"0.9\" data-lightboxbgcolor=\"#fff\" data-lightboxtitleprefix=\"%NUM \/ %TOTAL\" data-lightboxtitleinsidecss=\"color:#fff; font-size:16px; font-family:Arial,Helvetica,sans-serif; overflow:hidden; text-align:left;\" data-lightboxdescriptioninsidecss=\"color:#fff; font-size:12px; font-family:Arial,Helvetica,sans-serif; overflow:hidden; text-align:left; margin:4px 0px 0px; padding: 0px;\" data-lightboxslideinterval=\"5000\" data-lightboxtimerposition=\"bottom\" data-lightboxtimercolor=\"#dc572e\" data-lightboxtimeropacity=\"1\" data-lightboxbordersize=\"8\" data-lightboxborderradius=\"0\" data-textcss=\"display:block; padding:8px 16px; text-align:left;\" data-textbgcss=\"display:none;\" data-titlecss=\"display:table; position:relative; font:bold 14px &quot;Lucida Sans Unicode&quot;,&quot;Lucida Grande&quot;,sans-serif,Arial; color:#fff; white-space:nowrap; background-color:#f7a020; padding:10px;\" data-descriptioncss=\"display:block; position:relative; font:12px &quot;Lucida Sans Unicode&quot;,&quot;Lucida Grande&quot;,sans-serif,Arial; color:#fff;  background-color:#e04000; margin-top:10px; padding:10px;\" data-buttoncss=\"display:block; position:relative; margin-top:10px;\" data-titlecssresponsive=\"font-size:12px;\" data-descriptioncssresponsive=\"display:none !important;\" data-buttoncssresponsive=\"\" data-jsfolder=\"https:\/\/www.jura-films.ch\/wp-content\/plugins\/wonderplugin-slider-lite\/engine\/\" style=\"display:none;\" ><ul class=\"amazingslider-slides\"  style=\"display:none;\"><li><img decoding=\"async\" class=\"amazingslider-img-elem amazingsliderimg\" src=\"https:\/\/www.jura-films.ch\/wp-content\/uploads\/2016\/11\/DDR-1-photo-affiche.jpg\" alt=\"ddr 1\" title=\"ddr 1\" data-description=\"\" \/><\/li><li><img decoding=\"async\" class=\"amazingslider-img-elem amazingsliderimg\" src=\"https:\/\/www.jura-films.ch\/wp-content\/uploads\/2016\/11\/DDR-2-tournage.jpg\" alt=\"ddr 2 tournage\" title=\"ddr 2 tournage\" data-description=\"\" \/><\/li><li><img decoding=\"async\" class=\"amazingslider-img-elem amazingsliderimg\" src=\"https:\/\/www.jura-films.ch\/wp-content\/uploads\/2016\/11\/DDR-3-Berndt-.jpg\" alt=\"ddr 3 Berndt\" title=\"ddr 3 Berndt\" data-description=\"\" \/><\/li><li><img decoding=\"async\" class=\"amazingslider-img-elem amazingsliderimg\" src=\"https:\/\/www.jura-films.ch\/wp-content\/uploads\/2016\/11\/DDR-4-Maya.jpg\" alt=\"ddr 4 Maya\" title=\"ddr 4 Maya\" data-description=\"\" \/><\/li><li><img decoding=\"async\" class=\"amazingslider-img-elem amazingsliderimg\" src=\"https:\/\/www.jura-films.ch\/wp-content\/uploads\/2016\/11\/DDR-5-Wolfram.jpg\" alt=\"ddr 5 Wolfram\" title=\"ddr 5 Wolfram\" data-description=\"\" \/><\/li><li><img decoding=\"async\" class=\"amazingslider-img-elem amazingsliderimg\" src=\"https:\/\/www.jura-films.ch\/wp-content\/uploads\/2016\/11\/DDR-6-Uschi.jpg\" alt=\"ddr 6 Uschi\" title=\"ddr 6 Uschi\" data-description=\"\" \/><\/li><li><img decoding=\"async\" class=\"amazingslider-img-elem amazingsliderimg\" src=\"https:\/\/www.jura-films.ch\/wp-content\/uploads\/2016\/11\/DDR-6-Maria.jpg\" alt=\"ddr 7 Maria\" title=\"ddr 7 Maria\" data-description=\"\" \/><\/li><li><img decoding=\"async\" class=\"amazingslider-img-elem amazingsliderimg\" src=\"https:\/\/www.jura-films.ch\/wp-content\/uploads\/2016\/11\/DDR-8-Hans.jpg\" alt=\"ddr 8 Hans\" title=\"ddr 8 Hans\" data-description=\"\" \/><\/li><li><img decoding=\"async\" class=\"amazingslider-img-elem amazingsliderimg\" src=\"https:\/\/www.jura-films.ch\/wp-content\/uploads\/2016\/11\/DDR-7-Hans.jpg\" alt=\"ddr 9 Hans\" title=\"ddr 9 Hans\" data-description=\"\" \/><\/li><\/ul><ul class=\"amazingslider-thumbnails\"  style=\"display:none;\"><li><img decoding=\"async\" class=\"amazingslider-thumbnail-elem amazingsliderthumbnailimg\" src=\"https:\/\/www.jura-films.ch\/wp-content\/uploads\/2016\/11\/DDR-1-photo-affiche-150x150.jpg\" alt=\"ddr 1\" title=\"ddr 1\" data-description=\"\" \/><\/li><li><img decoding=\"async\" class=\"amazingslider-thumbnail-elem amazingsliderthumbnailimg\" src=\"https:\/\/www.jura-films.ch\/wp-content\/uploads\/2016\/11\/DDR-2-tournage-150x150.jpg\" alt=\"ddr 2 tournage\" title=\"ddr 2 tournage\" data-description=\"\" \/><\/li><li><img decoding=\"async\" class=\"amazingslider-thumbnail-elem amazingsliderthumbnailimg\" src=\"https:\/\/www.jura-films.ch\/wp-content\/uploads\/2016\/11\/DDR-3-Berndt--150x150.jpg\" alt=\"ddr 3 Berndt\" title=\"ddr 3 Berndt\" data-description=\"\" \/><\/li><li><img decoding=\"async\" class=\"amazingslider-thumbnail-elem amazingsliderthumbnailimg\" src=\"https:\/\/www.jura-films.ch\/wp-content\/uploads\/2016\/11\/DDR-4-Maya-150x150.jpg\" alt=\"ddr 4 Maya\" title=\"ddr 4 Maya\" data-description=\"\" \/><\/li><li><img decoding=\"async\" class=\"amazingslider-thumbnail-elem amazingsliderthumbnailimg\" src=\"https:\/\/www.jura-films.ch\/wp-content\/uploads\/2016\/11\/DDR-5-Wolfram-150x150.jpg\" alt=\"ddr 5 Wolfram\" title=\"ddr 5 Wolfram\" data-description=\"\" \/><\/li><li><img decoding=\"async\" class=\"amazingslider-thumbnail-elem amazingsliderthumbnailimg\" src=\"https:\/\/www.jura-films.ch\/wp-content\/uploads\/2016\/11\/DDR-6-Uschi-150x150.jpg\" alt=\"ddr 6 Uschi\" title=\"ddr 6 Uschi\" data-description=\"\" \/><\/li><li><img decoding=\"async\" class=\"amazingslider-thumbnail-elem amazingsliderthumbnailimg\" src=\"https:\/\/www.jura-films.ch\/wp-content\/uploads\/2016\/11\/DDR-6-Maria-150x150.jpg\" alt=\"ddr 7 Maria\" title=\"ddr 7 Maria\" data-description=\"\" \/><\/li><li><img decoding=\"async\" class=\"amazingslider-thumbnail-elem amazingsliderthumbnailimg\" src=\"https:\/\/www.jura-films.ch\/wp-content\/uploads\/2016\/11\/DDR-8-Hans-150x150.jpg\" alt=\"ddr 8 Hans\" title=\"ddr 8 Hans\" data-description=\"\" \/><\/li><li><img decoding=\"async\" class=\"amazingslider-thumbnail-elem amazingsliderthumbnailimg\" src=\"https:\/\/www.jura-films.ch\/wp-content\/uploads\/2016\/11\/DDR-7-Hans-150x150.jpg\" alt=\"ddr 9 Hans\" title=\"ddr 9 Hans\" data-description=\"\" \/><\/li><\/ul><\/div><\/div><\/p>","protected":false},"excerpt":{"rendered":"<p>MY FRIENDS IN EAST-GERMANY Documentary film 1989\/90 &#8211; 100 minutes &#8211; 16 mm, colour Sale : JURA-FILMS &#8220;Contact&#8221; Scriptwriter and director Lucienne Lanaz Collaborator scriptwriting Richard Ritterbusch Protagonists Hans Aichinger, Uschi Dolge, Maya L\u00f6ffler, Bernd M\u00fcller, Maria Planitzer, Wolfram Witt Cam\u00e9ra Hans-Toni Aschwanden Continuity assistant \/ editing Greti Klay Music Hans Koch Collaborators DEFA, RDA [&hellip;]<\/p>\n","protected":false},"author":1,"featured_media":0,"parent":18,"menu_order":0,"comment_status":"closed","ping_status":"closed","template":"","meta":{"footnotes":""},"class_list":["post-410","page","type-page","status-publish","hentry"],"_links":{"self":[{"href":"https:\/\/www.jura-films.ch\/en\/wp-json\/wp\/v2\/pages\/410","targetHints":{"allow":["GET"]}}],"collection":[{"href":"https:\/\/www.jura-films.ch\/en\/wp-json\/wp\/v2\/pages"}],"about":[{"href":"https:\/\/www.jura-films.ch\/en\/wp-json\/wp\/v2\/types\/page"}],"author":[{"embeddable":true,"href":"https:\/\/www.jura-films.ch\/en\/wp-json\/wp\/v2\/users\/1"}],"replies":[{"embeddable":true,"href":"https:\/\/www.jura-films.ch\/en\/wp-json\/wp\/v2\/comments?post=410"}],"version-history":[{"count":6,"href":"https:\/\/www.jura-films.ch\/en\/wp-json\/wp\/v2\/pages\/410\/revisions"}],"predecessor-version":[{"id":807,"href":"https:\/\/www.jura-films.ch\/en\/wp-json\/wp\/v2\/pages\/410\/revisions\/807"}],"up":[{"embeddable":true,"href":"https:\/\/www.jura-films.ch\/en\/wp-json\/wp\/v2\/pages\/18"}],"wp:attachment":[{"href":"https:\/\/www.jura-films.ch\/en\/wp-json\/wp\/v2\/media?parent=410"}],"curies":[{"name":"wp","href":"https:\/\/api.w.org\/{rel}","templated":true}]}}