{"id":237,"date":"2016-10-26T19:31:32","date_gmt":"2016-10-26T17:31:32","guid":{"rendered":"https:\/\/www.jura-films.ch\/?page_id=237"},"modified":"2024-04-19T15:36:38","modified_gmt":"2024-04-19T13:36:38","slug":"la-lupa","status":"publish","type":"page","link":"https:\/\/www.jura-films.ch\/en\/production\/la-lupa\/","title":{"rendered":"LA LUPA"},"content":{"rendered":"<p><a href=\"https:\/\/jura-films.ch\/wp-content\/uploads\/2016\/10\/Lupa-affiche.jpg\"><img loading=\"lazy\" decoding=\"async\" class=\"alignleft wp-image-240\" src=\"https:\/\/jura-films.ch\/wp-content\/uploads\/2016\/10\/Lupa-affiche-150x150.jpg\" alt=\"\" width=\"150\" height=\"212\" srcset=\"https:\/\/www.jura-films.ch\/wp-content\/uploads\/2016\/10\/Lupa-affiche-213x300.jpg 213w, https:\/\/www.jura-films.ch\/wp-content\/uploads\/2016\/10\/Lupa-affiche-768x1084.jpg 768w, https:\/\/www.jura-films.ch\/wp-content\/uploads\/2016\/10\/Lupa-affiche-726x1024.jpg 726w, https:\/\/www.jura-films.ch\/wp-content\/uploads\/2016\/10\/Lupa-affiche.jpg 1631w\" sizes=\"auto, (max-width: 150px) 100vw, 150px\" \/><\/a>LA LUPA \u2013 Grazie alla vita<\/p>\n<p>Documentary film, 1999, 90 minutes<br \/>\nVideo, colour<\/p>\n<p>Original version: Italian \/ German \/ French (with English subtitles)<br \/>\n60 minutes versions in French and German<br \/>\nSale : JURA-FILMS &#8220;<a href=\"https:\/\/www.jura-films.ch\/contact\/\">Contact<\/a>&#8221;<br \/>\nProtagonist La Lupa<br \/>\nScriptwriter and director Lucienne Lanaz<br \/>\nCounsellor B\u00e4rbel Dalichow<br \/>\nMusic Fortunat Fr\u00f6lich, Walther Giger, Roger Girod, Fabian M\u00fcller, Astor Piazzolla, Ir\u00e8ne Schweizer<br \/>\nText Francesco d\u2019Assisi, Ferrer\/Terenzi, Biagio Marin, Plinio Martini, Alberto Nessi, Violeta Parra, Fernando Pessoa<br \/>\nCamera Hans-Toni Aschwanden, Patrick B\u00fcrge, Joder Machaz, Willy Schild, Michele Strauss, Roni Ullmann<br \/>\nAssistant Nicole Leu<br \/>\nSound Thomas Diemer, Max Fahrni, Paolo Logli, Giuseppe Palmieri<br \/>\nLighting Riccardo Pasquali, Urs Schmid<br \/>\nEditing Hans-Toni Aschwanden, Lucienne Lanaz, Angela Wendt<br \/>\nArchive material RTSI &#8211; Televisione svizzera<br \/>\nPostproduction Digital Cut, Berlin<br \/>\nRBF Filmstore AG, Z\u00fcrich<br \/>\nPic Film, Lugano<\/p>\n<p>SYNOPSIS<\/p>\n<p>La Lupa is a singer. She rediscovers folksongs from the Tessin and Italy from the last few centuries and gives them a new life. Admirably accompanied by her musicians, she has a vast range of sentiments &#8211; and takes her audience with her.<br \/>\nLa Lupa sings, yes, but there is something else. She intensely lives her texts, she incarnates her songs. La Lupa does not give a show. She is the show. This redhead from the Tessin, with her raw, and at the same time tender, voice, evokes emotions that are normally hidden in daily life.<br \/>\nThe film follows episodes in her life, shows her friends, her pleasure of discovering, her passion for singing, her joy of living and her love for Italian and Tessin poetry, her country and its songs.<\/p>\n<p>During two years the camera observed the work carried out by craftsmen and labourers on site. The collected images, once edited, become delirious, humoristic, worrying and poetic. An experimental documentary showing a feminine and unusual perception of a building site, giving a different dimension to men\u2019s labour and their machinery.<\/p>\n<p>A film where music and the sound of the building site replace the spoken word.<\/p>\n<p><div class=\"wonderpluginslider-container\" id=\"wonderpluginslider-container-2\" style=\"max-width:840px;margin:0 auto;padding-left:0px;padding-right:0px;padding-top:0px;padding-bottom:0px;\"><div class=\"wonderpluginslider\" id=\"wonderpluginslider-2\" data-sliderid=\"2\" data-width=\"840\" data-height=\"550\" data-skin=\"cube\" data-autoplay=\"true\" data-randomplay=\"false\" data-loadimageondemand=\"false\" data-transitiononfirstslide=\"false\" data-autoplayvideo=\"false\" data-isresponsive=\"true\" data-fullwidth=\"false\" data-isfullscreen=\"false\" data-ratioresponsive=\"false\" data-showtext=\"true\" data-showtimer=\"true\" data-showbottomshadow=\"true\" data-navshowpreview=\"true\" data-textautohide=\"true\" data-lightboxresponsive=\"true\" data-lightboxshownavigation=\"false\" data-lightboxshowtitle=\"true\" data-lightboxshowdescription=\"false\" data-texteffectresponsive=\"true\" data-donotinit=\"false\" data-addinitscript=\"false\" data-lightboxfullscreenmode=\"false\" data-lightboxcloseonoverlay=\"true\" data-lightboxvideohidecontrols=\"false\" data-lightboxnogroup=\"false\" data-lightboxautoslide=\"false\" data-lightboxshowtimer=\"true\" data-lightboxshowplaybutton=\"true\" data-lightboxalwaysshownavarrows=\"false\" data-lightboxshowtitleprefix=\"true\" data-titleusealt=\"false\" data-outputtext=\"false\" data-scalemode=\"fit\" data-arrowstyle=\"always\" data-transition=\"fade\" data-loop=\"0\" data-border=\"0\" data-slideinterval=\"8000\" data-arrowimage=\"arrows-36-80-0.png\" data-arrowwidth=\"36\" data-arrowheight=\"80\" data-arrowtop=\"50\" data-arrowmargin=\"-18\" data-navstyle=\"bullets\" data-navimage=\"bullet-24-24-1.png\" data-navwidth=\"24\" data-navheight=\"24\" data-navspacing=\"8\" data-navmarginx=\"16\" data-navmarginy=\"16\" data-navposition=\"bottom\" data-playvideoimage=\"playvideo-64-64-0.png\" data-playvideoimagewidth=\"64\" data-playvideoimageheight=\"64\" data-lightboxthumbwidth=\"90\" data-lightboxthumbheight=\"60\" data-lightboxthumbtopmargin=\"12\" data-lightboxthumbbottommargin=\"4\" data-lightboxbarheight=\"64\" data-lightboxtitlebottomcss=\"color:#333; font-size:14px; font-family:Armata,sans-serif,Arial; overflow:hidden; text-align:left;\" data-lightboxdescriptionbottomcss=\"color:#333; font-size:12px; font-family:Arial,Helvetica,sans-serif; overflow:hidden; text-align:left; margin:4px 0px 0px; padding: 0px;\" data-textformat=\"Color box\" data-textpositionstatic=\"bottom\" data-textpositiondynamic=\"bottomleft\" data-paddingleft=\"0\" data-paddingright=\"0\" data-paddingtop=\"0\" data-paddingbottom=\"0\" data-texteffectresponsivesize=\"640\" data-fadeduration=\"1000\" data-crossfadeduration=\"1000\" data-slideduration=\"1000\" data-elasticduration=\"1000\" data-sliceduration=\"1500\" data-blindsduration=\"1500\" data-blocksduration=\"1500\" data-shuffleduration=\"1500\" data-tilesduration=\"2000\" data-kenburnsduration=\"5000\" data-flipduration=\"1500\" data-flipwithzoomduration=\"2000\" data-threedduration=\"1500\" data-threedhorizontalduration=\"1500\" data-threedwithzoomduration=\"2500\" data-threedhorizontalwithzoomduration=\"2200\" data-threedflipduration=\"1500\" data-threedflipwithzoomduration=\"2000\" data-threedtilesduration=\"2000\" data-threedfallback=\"flip\" data-threedhorizontalfallback=\"flip\" data-threedwithzoomfallback=\"flipwithzoom\" data-threedhorizontalwithzoomfallback=\"flipwithzoom\" data-threedflipfallback=\"flip\" data-threedflipwithzoomfallback=\"flipwithzoom\" data-threedtilesfallback=\"tiles\" data-ratiomediumscreen=\"800\" data-ratiomediumheight=\"1.2\" data-ratiosmallscreen=\"480\" data-ratiosmallheight=\"1.6\" data-lightboxtitlestyle=\"bottom\" data-lightboximagepercentage=\"75\" data-lightboxdefaultvideovolume=\"1\" data-lightboxoverlaybgcolor=\"#000\" data-lightboxoverlayopacity=\"0.9\" data-lightboxbgcolor=\"#fff\" data-lightboxtitleprefix=\"%NUM \/ %TOTAL\" data-lightboxtitleinsidecss=\"color:#fff; font-size:16px; font-family:Arial,Helvetica,sans-serif; overflow:hidden; text-align:left;\" data-lightboxdescriptioninsidecss=\"color:#fff; font-size:12px; font-family:Arial,Helvetica,sans-serif; overflow:hidden; text-align:left; margin:4px 0px 0px; padding: 0px;\" data-lightboxslideinterval=\"5000\" data-lightboxtimerposition=\"bottom\" data-lightboxtimercolor=\"#dc572e\" data-lightboxtimeropacity=\"1\" data-lightboxbordersize=\"8\" data-lightboxborderradius=\"0\" data-textcss=\"display:block; padding:8px 16px; text-align:left;\" data-textbgcss=\"display:none;\" data-titlecss=\"display:table; position:relative; font:bold 14px &quot;Lucida Sans Unicode&quot;,&quot;Lucida Grande&quot;,sans-serif,Arial; color:#fff; white-space:nowrap; background-color:#f7a020; padding:10px;\" data-descriptioncss=\"display:block; position:relative; font:12px &quot;Lucida Sans Unicode&quot;,&quot;Lucida Grande&quot;,sans-serif,Arial; color:#fff;  background-color:#e04000; margin-top:10px; padding:10px;\" data-buttoncss=\"display:block; position:relative; margin-top:10px;\" data-titlecssresponsive=\"font-size:12px;\" data-descriptioncssresponsive=\"display:none !important;\" data-buttoncssresponsive=\"\" data-jsfolder=\"https:\/\/www.jura-films.ch\/wp-content\/plugins\/wonderplugin-slider-lite\/engine\/\" style=\"display:none;\" ><ul class=\"amazingslider-slides\"  style=\"display:none;\"><li><img decoding=\"async\" class=\"amazingslider-img-elem amazingsliderimg\" src=\"https:\/\/www.jura-films.ch\/wp-content\/uploads\/2016\/10\/Lupa-1.jpg\" alt=\"lupa-1\" title=\"lupa-1\" data-description=\"\" \/><\/li><li><img decoding=\"async\" class=\"amazingslider-img-elem amazingsliderimg\" src=\"https:\/\/www.jura-films.ch\/wp-content\/uploads\/2016\/10\/Lupa-2.jpg\" alt=\"lupa-2\" title=\"lupa-2\" data-description=\"\" \/><\/li><li><img decoding=\"async\" class=\"amazingslider-img-elem amazingsliderimg\" src=\"https:\/\/www.jura-films.ch\/wp-content\/uploads\/2016\/10\/Lupa-3.jpg\" alt=\"lupa-3\" title=\"lupa-3\" data-description=\"\" \/><\/li><li><img decoding=\"async\" class=\"amazingslider-img-elem amazingsliderimg\" src=\"https:\/\/www.jura-films.ch\/wp-content\/uploads\/2016\/10\/Lupa-4.jpg\" alt=\"lupa-4\" title=\"lupa-4\" data-description=\"\" \/><\/li><li><img decoding=\"async\" class=\"amazingslider-img-elem amazingsliderimg\" src=\"https:\/\/www.jura-films.ch\/wp-content\/uploads\/2016\/10\/Lupa-5.jpg\" alt=\"lupa-5\" title=\"lupa-5\" data-description=\"\" \/><\/li><li><img decoding=\"async\" class=\"amazingslider-img-elem amazingsliderimg\" src=\"https:\/\/www.jura-films.ch\/wp-content\/uploads\/2016\/10\/Lupa-6.jpg\" alt=\"lupa-6\" title=\"lupa-6\" data-description=\"\" \/><\/li><li><img decoding=\"async\" class=\"amazingslider-img-elem amazingsliderimg\" src=\"https:\/\/www.jura-films.ch\/wp-content\/uploads\/2016\/10\/Lupa-7.jpg\" alt=\"lupa-7\" title=\"lupa-7\" data-description=\"\" \/><\/li><li><img decoding=\"async\" class=\"amazingslider-img-elem amazingsliderimg\" src=\"https:\/\/www.jura-films.ch\/wp-content\/uploads\/2016\/10\/Lupa-8.jpg\" alt=\"lupa-8\" title=\"lupa-8\" data-description=\"\" \/><\/li><\/ul><ul class=\"amazingslider-thumbnails\"  style=\"display:none;\"><li><img decoding=\"async\" class=\"amazingslider-thumbnail-elem amazingsliderthumbnailimg\" src=\"https:\/\/www.jura-films.ch\/wp-content\/uploads\/2016\/10\/Lupa-1-150x150.jpg\" alt=\"lupa-1\" title=\"lupa-1\" data-description=\"\" \/><\/li><li><img decoding=\"async\" class=\"amazingslider-thumbnail-elem amazingsliderthumbnailimg\" src=\"https:\/\/www.jura-films.ch\/wp-content\/uploads\/2016\/10\/Lupa-2-150x150.jpg\" alt=\"lupa-2\" title=\"lupa-2\" data-description=\"\" \/><\/li><li><img decoding=\"async\" class=\"amazingslider-thumbnail-elem amazingsliderthumbnailimg\" src=\"https:\/\/www.jura-films.ch\/wp-content\/uploads\/2016\/10\/Lupa-3-150x150.jpg\" alt=\"lupa-3\" title=\"lupa-3\" data-description=\"\" \/><\/li><li><img decoding=\"async\" class=\"amazingslider-thumbnail-elem amazingsliderthumbnailimg\" src=\"https:\/\/www.jura-films.ch\/wp-content\/uploads\/2016\/10\/Lupa-4-150x150.jpg\" alt=\"lupa-4\" title=\"lupa-4\" data-description=\"\" \/><\/li><li><img decoding=\"async\" class=\"amazingslider-thumbnail-elem amazingsliderthumbnailimg\" src=\"https:\/\/www.jura-films.ch\/wp-content\/uploads\/2016\/10\/Lupa-5-150x150.jpg\" alt=\"lupa-5\" title=\"lupa-5\" data-description=\"\" \/><\/li><li><img decoding=\"async\" class=\"amazingslider-thumbnail-elem amazingsliderthumbnailimg\" src=\"https:\/\/www.jura-films.ch\/wp-content\/uploads\/2016\/10\/Lupa-6-150x150.jpg\" alt=\"lupa-6\" title=\"lupa-6\" data-description=\"\" \/><\/li><li><img decoding=\"async\" class=\"amazingslider-thumbnail-elem amazingsliderthumbnailimg\" src=\"https:\/\/www.jura-films.ch\/wp-content\/uploads\/2016\/10\/Lupa-7-150x150.jpg\" alt=\"lupa-7\" title=\"lupa-7\" data-description=\"\" \/><\/li><li><img decoding=\"async\" class=\"amazingslider-thumbnail-elem amazingsliderthumbnailimg\" src=\"https:\/\/www.jura-films.ch\/wp-content\/uploads\/2016\/10\/Lupa-8-150x150.jpg\" alt=\"lupa-8\" title=\"lupa-8\" data-description=\"\" \/><\/li><\/ul><\/div><\/div><\/p>","protected":false},"excerpt":{"rendered":"<p>LA LUPA \u2013 Grazie alla vita Documentary film, 1999, 90 minutes Video, colour Original version: Italian \/ German \/ French (with English subtitles) 60 minutes versions in French and German Sale : JURA-FILMS &#8220;Contact&#8221; Protagonist La Lupa Scriptwriter and director Lucienne Lanaz Counsellor B\u00e4rbel Dalichow Music Fortunat Fr\u00f6lich, Walther Giger, Roger Girod, Fabian M\u00fcller, Astor [&hellip;]<\/p>\n","protected":false},"author":1,"featured_media":0,"parent":18,"menu_order":0,"comment_status":"closed","ping_status":"closed","template":"","meta":{"footnotes":""},"class_list":["post-237","page","type-page","status-publish","hentry"],"_links":{"self":[{"href":"https:\/\/www.jura-films.ch\/en\/wp-json\/wp\/v2\/pages\/237","targetHints":{"allow":["GET"]}}],"collection":[{"href":"https:\/\/www.jura-films.ch\/en\/wp-json\/wp\/v2\/pages"}],"about":[{"href":"https:\/\/www.jura-films.ch\/en\/wp-json\/wp\/v2\/types\/page"}],"author":[{"embeddable":true,"href":"https:\/\/www.jura-films.ch\/en\/wp-json\/wp\/v2\/users\/1"}],"replies":[{"embeddable":true,"href":"https:\/\/www.jura-films.ch\/en\/wp-json\/wp\/v2\/comments?post=237"}],"version-history":[{"count":11,"href":"https:\/\/www.jura-films.ch\/en\/wp-json\/wp\/v2\/pages\/237\/revisions"}],"predecessor-version":[{"id":1266,"href":"https:\/\/www.jura-films.ch\/en\/wp-json\/wp\/v2\/pages\/237\/revisions\/1266"}],"up":[{"embeddable":true,"href":"https:\/\/www.jura-films.ch\/en\/wp-json\/wp\/v2\/pages\/18"}],"wp:attachment":[{"href":"https:\/\/www.jura-films.ch\/en\/wp-json\/wp\/v2\/media?parent=237"}],"curies":[{"name":"wp","href":"https:\/\/api.w.org\/{rel}","templated":true}]}}