{"id":18,"date":"2016-04-07T18:15:16","date_gmt":"2016-04-07T16:15:16","guid":{"rendered":"http:\/\/atuccukv.preview.infomaniak.com\/?page_id=18"},"modified":"2025-01-29T11:16:50","modified_gmt":"2025-01-29T10:16:50","slug":"production","status":"publish","type":"page","link":"https:\/\/www.jura-films.ch\/en\/production\/","title":{"rendered":"Production"},"content":{"rendered":"<p>2024<\/p>\n<p>ELIAN&#8217;S MAGICAL THEATER (LE TH\u00c9\u00c2TRE MAGIQUE D&#8217;\u00c9LIANE), portrait of \u00c9liane Walther and her work, 70&#8242;<\/p>\n<p>2023<\/p>\n<p>THE LIFE ACCORDING TO WILLY (LA VIE SELON WILLY)-Production of the film by G\u00e9rad Huther, 58&#8242;<\/p>\n<p>2021<\/p>\n<p>THE AMAZING LULU ( L&#8217;INCROYABLE LULU)\u00a0 &#8211; Production of the film by Matthias W\u00e4lti, 77&#8242;<\/p>\n<p>2019<\/p>\n<p class=\"western\"><span style=\"color: #000000;\"><span style=\"font-size: medium;\"><span lang=\"en-US\"><a href=\"https:\/\/jura-films.ch\/production\/gianerica-le-couple-dartistes-erica-et-gian-pedretti\/\">GIANERICA<\/a> \u2013 The Artist Couple Erica and Gian Pedretti<\/span><\/span><\/span><\/p>\n<p>2014<\/p>\n<p><a href=\"https:\/\/www.jura-films.ch\/production\/lenfance-retrouvee\/\">CHILHOOD <\/a>-a new life in les Petites Familles<\/p>\n<p>a film of Lucienne Lanaz, documentary 90&#8242;<\/p>\n<p>2010<br \/>\n<a href=\"https:\/\/jura-films.ch\/production\/une-descente-de-bois-avec-max-et-maurice\/\">UNE DESCENTE DE BOIS AVEC MAX ET MAURICE<\/a>, 33&#8242;<\/p>\n<p>2008-2009<br \/>\nRONCHAMP \u2013 le bruit des formes, documentaire exp\u00e9rimental, 22\u2019<\/p>\n<p>2009<br \/>\n<a href=\"https:\/\/www.jura-films.ch\/production\/super-cow\/\">SUPER COW<\/a>, 3\u2019, You certainly have never seen cows that way before<\/p>\n<p>2006<br \/>\n<a href=\"https:\/\/www.jura-films.ch\/production\/une-maison-pas-comme-les-autres\/\">A HOUSE UNLIKE ANY OTHER,<\/a><br \/>\n&#8220;Banneret house&#8221; Wisard \u00e0 Grandval, Jura bernois, Switzerland, 67&#8242;<\/p>\n<p>2005<br \/>\n<a href=\"https:\/\/www.jura-films.ch\/production\/vous-avez-dit-soroptimist\/\">DID YOU SAY SOROPTIMIST?<\/a>, 30&#8242;<\/p>\n<p>2003<br \/>\n<a href=\"https:\/\/www.jura-films.ch\/production\/dona-anna\/\">DONA ANNA<\/a> , Brazil, 60&#8242;<\/p>\n<p>2003<br \/>\n<a href=\"https:\/\/www.jura-films.ch\/production\/douleur-et-revolte\/\">GRIEF AND REVOLT<\/a><br \/>\nFrom a book of Laurence Deonna &#8220;LA GUERRE A DEUX VOIX&#8221;, 42&#8242;<\/p>\n<p>2002<br \/>\n<a href=\"https:\/\/www.jura-films.ch\/production\/nous-declinons-toute-responsabilite\/\">&#8230;WE DECLINE ALL RESPONSABILITY\u2026<\/a>, 13&#8242;<\/p>\n<p>1999<br \/>\n<a href=\"https:\/\/www.jura-films.ch\/production\/la-lupa\/\">LA LUPA<\/a> Grazie alla Vita, 90&#8242;<\/p>\n<p>1998<br \/>\n<a href=\"https:\/\/www.jura-films.ch\/production\/salvador\/\">SALVADOR <\/a>Wall painter in Havana, Cuba, 15&#8242; 31s.<\/p>\n<p>1997<br \/>\n<a href=\"https:\/\/www.jura-films.ch\/production\/una-brecha-en-el-bloqueo\/\">A BREACH IN THE BLOCKADE<\/a> , Cuba, 54&#8242;.<\/p>\n<p>1996<br \/>\n<a href=\"https:\/\/www.jura-films.ch\/production\/trois-gouttes-pour-le-futur\/\">THREE DROPS FOR THE FUTURE<\/a> Trilogy contains<\/p>\n<ul>\n<li><a href=\"https:\/\/www.jura-films.ch\/production\/trois-gouttes-pour-le-futur\/\">MANEGBDZANGA <\/a>D\u00e9velopment for all, 20&#8242;,<\/li>\n<li><a href=\"https:\/\/www.jura-films.ch\/production\/trois-gouttes-pour-le-futur\/#house\">HEART&#8217;S HOUSE<\/a>, 17&#8242;,<\/li>\n<li><a href=\"https:\/\/www.jura-films.ch\/production\/trois-gouttes-pour-le-futur\/#dignity\">DIGNITY IN DETENTION<\/a>, 36&#8242; 30 s.<\/li>\n<\/ul>\n<p>1995<br \/>\n<a href=\"https:\/\/www.jura-films.ch\/production\/cauchemars-de-derriere-les-barreaux\/\">NIGHTMARES\u2026 Behind bars<\/a>, 12&#8242;<\/p>\n<p>1993<br \/>\nTV-Spot backing the annual collection of OSEO (&#8220;Organisation suisse d&#8217;entraide ouvri\u00e8re&#8221;, Swiss Organisation of Workers Assistance), 45&#8243;<\/p>\n<p>1993<br \/>\nPREVENTING SUFFERING BY TEACHING THE LAW OF WAR, 3&#8242;, compilation film for the International Committee of the Red Cross<\/p>\n<p>1992<br \/>\ncollaboration at the film &#8220;PLANS-FIXES&#8221; concerning MAX ROBERT, typographer, publisher of art books and founder of the Art Museum of Moutier 50&#8242;<\/p>\n<p>1992<br \/>\n<a href=\"https:\/\/jura-films.ch\/production\/setu-lauluema\/\">SETU LAULUEMA<\/a>, 14&#8242; &#8211; <em>video<\/em><\/p>\n<p>1991<br \/>\ncollaboration at the film &#8220;PLAN-FIXES&#8221; concerning Dr. ARMAND FOREL, PHYSICIAN AND Marxist politician, 50&#8242;<\/p>\n<p>1990<br \/>\nfor Swiss PTT: scenario of a film AGAINST ALCOHOLISM<\/p>\n<p>1989\/90<br \/>\n<a href=\"https:\/\/www.jura-films.ch\/production\/la-demande-en-voyage\/\">MY FRIENDS IN EAST-GERMANY<\/a>, 100&#8242;<\/p>\n<p>1989<br \/>\n<a href=\"https:\/\/www.jura-films.ch\/production\/pour-un-son-de-cloche\/\">THE ART OF BELL-MAKING<\/a>, 23&#8242;<\/p>\n<p>1987<br \/>\n<a href=\"https:\/\/www.jura-films.ch\/production\/deutsch-queen-of-elastic\/\">QUEEN OF ELASTIC<\/a> Co-direction with Greti Kl\u00e4y, 30&#8242; &#8211; <em>video<\/em><\/p>\n<p>1984<br \/>\nPRE-ASSEMBLY YOUTH GATHERING, BUDAPEST, 32&#8242;, for the Lutheran World Federation<\/p>\n<p>1981<br \/>\nPORTRAIT OF A MAKER OF ANCIENT INSTRUMENTS, STEFAN BECK, 6&#8242;, for Berlin Television<\/p>\n<p>1980<br \/>\n<a href=\"https:\/\/www.jura-films.ch\/production\/deutsch-ich-habe-ein-recht-auf-meinen-korper\/\">I HAVE RIGHTS OVER MY BODY\u2026<\/a> Sterilization, 28&#8242;<\/p>\n<p>1979\/80<br \/>\n<a href=\"https:\/\/www.jura-films.ch\/production\/cinejournal-au-feminin\/\">THE IMAGE OF WOMEN IN THE SWISS FILM NEWS JOURNAL<\/a> Co-direction with Anne Cun\u00e9o, Erich Liebi and Urs Bolliger, 75&#8242;<\/p>\n<p>1978\/79<br \/>\n<a href=\"https:\/\/www.jura-films.ch\/production\/la-composition\/\">THE ESSAY<\/a>, 17&#8242;<\/p>\n<p>1978\/79<br \/>\n<a href=\"https:\/\/www.jura-films.ch\/production\/la-forge\/\">THE SMITHY<\/a>, 34&#8242;<\/p>\n<p>1978<br \/>\nEVERYDAY PEOPLE, PORTRAIT OF A SHOP ASSISTANT, 25&#8242;, for Swiss-German television<\/p>\n<p>1976<br \/>\n<a href=\"https:\/\/www.jura-films.ch\/production\/feu-fumee-saucisse\/\">FIRE, SMOKE, SAUSAGES<\/a>, 22&#8242;<\/p>\n<p>1974<br \/>\n<a href=\"https:\/\/www.jura-films.ch\/production\/le-bonheur-a-70-ans\/\">HAPPINESS AT 70<\/a> Co-direction with Marcel Leiser, 24&#8217;2019 &#8211; <em>video<\/em><\/p>","protected":false},"excerpt":{"rendered":"<p>2024 ELIAN&#8217;S MAGICAL THEATER (LE TH\u00c9\u00c2TRE MAGIQUE D&#8217;\u00c9LIANE), portrait of \u00c9liane Walther and her work, 70&#8242; 2023 THE LIFE ACCORDING TO WILLY (LA VIE SELON WILLY)-Production of the film by G\u00e9rad Huther, 58&#8242; 2021 THE AMAZING LULU ( L&#8217;INCROYABLE LULU)\u00a0 &#8211; Production of the film by Matthias W\u00e4lti, 77&#8242; 2019 GIANERICA \u2013 The Artist Couple [&hellip;]<\/p>\n","protected":false},"author":1,"featured_media":0,"parent":0,"menu_order":0,"comment_status":"closed","ping_status":"closed","template":"","meta":{"footnotes":""},"class_list":["post-18","page","type-page","status-publish","hentry"],"_links":{"self":[{"href":"https:\/\/www.jura-films.ch\/en\/wp-json\/wp\/v2\/pages\/18","targetHints":{"allow":["GET"]}}],"collection":[{"href":"https:\/\/www.jura-films.ch\/en\/wp-json\/wp\/v2\/pages"}],"about":[{"href":"https:\/\/www.jura-films.ch\/en\/wp-json\/wp\/v2\/types\/page"}],"author":[{"embeddable":true,"href":"https:\/\/www.jura-films.ch\/en\/wp-json\/wp\/v2\/users\/1"}],"replies":[{"embeddable":true,"href":"https:\/\/www.jura-films.ch\/en\/wp-json\/wp\/v2\/comments?post=18"}],"version-history":[{"count":83,"href":"https:\/\/www.jura-films.ch\/en\/wp-json\/wp\/v2\/pages\/18\/revisions"}],"predecessor-version":[{"id":1405,"href":"https:\/\/www.jura-films.ch\/en\/wp-json\/wp\/v2\/pages\/18\/revisions\/1405"}],"wp:attachment":[{"href":"https:\/\/www.jura-films.ch\/en\/wp-json\/wp\/v2\/media?parent=18"}],"curies":[{"name":"wp","href":"https:\/\/api.w.org\/{rel}","templated":true}]}}