{"id":1086,"date":"2023-03-20T14:09:08","date_gmt":"2023-03-20T13:09:08","guid":{"rendered":"https:\/\/jura-films.ch\/?page_id=1086"},"modified":"2023-03-20T14:37:15","modified_gmt":"2023-03-20T13:37:15","slug":"giangianerica-le-couple-dartistes-erica-et-gian-pedretti","status":"publish","type":"page","link":"https:\/\/www.jura-films.ch\/en\/production\/giangianerica-le-couple-dartistes-erica-et-gian-pedretti\/","title":{"rendered":"GIANERICA \u2013 The Artist Couple Erica and Gian Pedretti"},"content":{"rendered":"<p>GIANERICA \u2013 The Artist Couple Erica und Gian Pedretti<\/p>\n<div style=\"width: 600px;\" class=\"wp-video\"><video class=\"wp-video-shortcode\" id=\"video-1086-3\" width=\"600\" height=\"400\" preload=\"metadata\" controls=\"controls\"><source type=\"video\/mp4\" src=\"https:\/\/jura-films.ch\/wp-content\/uploads\/2021\/04\/Gianerica_trailer_short.mp4?_=3\" \/><a href=\"https:\/\/jura-films.ch\/wp-content\/uploads\/2021\/04\/Gianerica_trailer_short.mp4\">https:\/\/jura-films.ch\/wp-content\/uploads\/2021\/04\/Gianerica_trailer_short.mp4<\/a><\/video><\/div>\n<p>Documentary film 55&#8242;, 2019<\/p>\n<p>Idea : Vincenzo Baviera<\/p>\n<p>Scriptwriter and director : Lucienne Lanaz<\/p>\n<p>Co-scriptwriter : B\u00e4rbel Dalichow<\/p>\n<p>Camera : Hans-Toni Aschwanden<\/p>\n<p>Sound : Nadja Gubser \/ Janosch R\u00f6thlisberger<\/p>\n<p>Editing : Hans-Toni Aschwanden \/ Ruth Bartlome<\/p>\n<p>Music : Corin Curschellas<\/p>\n<p>Coordinator : Ren\u00e9 Graber<\/p>\n<p>Bestgirl : Julie Pozner<\/p>\n<p>Bestboy : Willy Schild<\/p>\n<p>Voices : Miriam Japp \/ Charlotte Heinimann \/ Dominik Zeltner<\/p>\n<p>Translations : Daniela Cavadini \/ Sylvie Charmillot \/ Genevi\u00e8ve Clavel \/ Caspar Pult<\/p>\n<p>Sound mix : Rolf B\u00fcttikofer, Zone 33<\/p>\n<p>Encoding\/Subtitling : Sophie Laessl\u00e9 et Alain Laessl\u00e9 Concepts<\/p>\n<p>Collaborator : Martigna Pedretti<\/p>\n<p>Graphics : Mary Jo Fahrny<\/p>\n<p>Production : JURA-FILMS, Grandval<\/p>\n<p>Distribution : JURA-FILMS &#8220;<a href=\"https:\/\/jura-films.ch\/contact\/\">Contact<\/a>&#8221;<\/p>\n<p>With the support of :<\/p>\n<p>Aries Felix, Bl\u00fcchert-Stiftung Walter F., Carr\u00e9 d&#8217;Art, Commune La Neuveville, Corymbo Stiftung, Gemeinde Celerina, G\u00f6hner Ernst Stiftung, Kanton Bern, Erziehungsdirektion, Amt f\u00fcr Kultur, Kanton Graub\u00fcnden, Erziehungs-, Kultur- und Umweltschutzdepartement, Kanton St. Gallen, Amt f\u00fcr Kultur, Kulturf\u00f6rderung, Kreisamt Oberengadin, Kulturf\u00f6rderungskommission, Region Maloja, Kresau 4-Stiftung, Municipalit\u00e9 de Grandval, Mussard Claire-Annette, Sandoz Family Office, Soroptimist Club Biel-Bienne, Spinner Regula<\/p>\n<p>Synopsis<\/p>\n<p>Artist Gian Pedretti (* 1924) says that poetry is a way to counter misfortune and injustice. From their youth, Gian and his wife, renowned writer and artist Erica Pedretti (* 1930), who reached the age of wisdom, devoted themselves to art in this sense. How were they able to maintain the balance between life and art, raising five children together and living temporarily in poverty?<\/p>\n<p>The film about Erica and Gian Pedretti draws on the sensuality of the works they bring together for their probably last joint exhibition, and reflects in cinematic images and flashbacks the unusual lingering attachment of this couple. Both are rather thrifty about themselves and their art &#8211; so there are still cinematic observations of people and their works, so viewers can experience the poetry and beauty of this particular way of working and living.<\/p>\n<p>In this cinematographic journey, the two artists share their world with us through their thought and creativity, their past and their daily life. With their wisdom, they open our eyes to the beauty and love of people as they like themselves: their legacy for posterity.<\/p>\n<p><\/p>","protected":false},"excerpt":{"rendered":"<p>GIANERICA \u2013 The Artist Couple Erica und Gian Pedretti Documentary film 55&#8242;, 2019 Idea : Vincenzo Baviera Scriptwriter and director : Lucienne Lanaz Co-scriptwriter : B\u00e4rbel Dalichow Camera : Hans-Toni Aschwanden Sound : Nadja Gubser \/ Janosch R\u00f6thlisberger Editing : Hans-Toni Aschwanden \/ Ruth Bartlome Music : Corin Curschellas Coordinator : Ren\u00e9 Graber Bestgirl : [&hellip;]<\/p>\n","protected":false},"author":1,"featured_media":0,"parent":18,"menu_order":0,"comment_status":"closed","ping_status":"closed","template":"","meta":{"footnotes":""},"class_list":["post-1086","page","type-page","status-publish","hentry"],"_links":{"self":[{"href":"https:\/\/www.jura-films.ch\/en\/wp-json\/wp\/v2\/pages\/1086","targetHints":{"allow":["GET"]}}],"collection":[{"href":"https:\/\/www.jura-films.ch\/en\/wp-json\/wp\/v2\/pages"}],"about":[{"href":"https:\/\/www.jura-films.ch\/en\/wp-json\/wp\/v2\/types\/page"}],"author":[{"embeddable":true,"href":"https:\/\/www.jura-films.ch\/en\/wp-json\/wp\/v2\/users\/1"}],"replies":[{"embeddable":true,"href":"https:\/\/www.jura-films.ch\/en\/wp-json\/wp\/v2\/comments?post=1086"}],"version-history":[{"count":15,"href":"https:\/\/www.jura-films.ch\/en\/wp-json\/wp\/v2\/pages\/1086\/revisions"}],"predecessor-version":[{"id":1111,"href":"https:\/\/www.jura-films.ch\/en\/wp-json\/wp\/v2\/pages\/1086\/revisions\/1111"}],"up":[{"embeddable":true,"href":"https:\/\/www.jura-films.ch\/en\/wp-json\/wp\/v2\/pages\/18"}],"wp:attachment":[{"href":"https:\/\/www.jura-films.ch\/en\/wp-json\/wp\/v2\/media?parent=1086"}],"curies":[{"name":"wp","href":"https:\/\/api.w.org\/{rel}","templated":true}]}}