{"id":8,"date":"2016-03-28T16:51:56","date_gmt":"2016-03-28T14:51:56","guid":{"rendered":"http:\/\/atuccukv.preview.infomaniak.com\/?page_id=8"},"modified":"2025-01-27T18:50:19","modified_gmt":"2025-01-27T17:50:19","slug":"appartement","status":"publish","type":"page","link":"https:\/\/www.jura-films.ch\/de\/appartement\/","title":{"rendered":"Ferienwohnung"},"content":{"rendered":"<p><\/p>\n<div id=\"attachment_14\" style=\"width: 310px\" class=\"wp-caption alignleft fbx-instance\"><a class=\"fbx-link\" href=\"https:\/\/jura-films.ch\/wp-content\/uploads\/2016\/03\/ruine_moujik.jpg\"><img loading=\"lazy\" decoding=\"async\" aria-describedby=\"caption-attachment-14\" class=\"wp-image-14 size-medium\" src=\"https:\/\/jura-films.ch\/wp-content\/uploads\/2016\/03\/ruine_moujik-300x160.jpg\" alt=\"ruine_moujik\" width=\"300\" height=\"160\" srcset=\"https:\/\/www.jura-films.ch\/wp-content\/uploads\/2016\/03\/ruine_moujik-300x160.jpg 300w, https:\/\/www.jura-films.ch\/wp-content\/uploads\/2016\/03\/ruine_moujik-768x411.jpg 768w, https:\/\/www.jura-films.ch\/wp-content\/uploads\/2016\/03\/ruine_moujik-1024x548.jpg 1024w, https:\/\/www.jura-films.ch\/wp-content\/uploads\/2016\/03\/ruine_moujik.jpg 1393w\" sizes=\"auto, (max-width: 300px) 100vw, 300px\" \/><\/a><p id=\"caption-attachment-14\" class=\"wp-caption-text\">La ruine du moujik (vor der Dach-Renovation)<\/p><\/div>\n<p>W\u00fcnschen Sie spezielle Ferien im renovierten Bauernhaus &#8222;La Ruine du Moujik&#8220; im Schweizer Jura? Bei uns sind Sie willkomment<\/p>\n<p>Unser Haus ist eines der 4 \u00e4ltesten H\u00e4user des Dorfes (16. Jh.). Wir, Lucienne Lanaz und Willy Schild, wohnen im Erdgeschoss und sind generell zu Hause, um Sie zu empfangen. Um das Haus herum gibt es grosse Gr\u00fcnfl\u00e4chen, wo sich Kinder wunderbar austoben k\u00f6nnen. Unsere Sprachkenntnisse erlauben es uns G\u00e4ste zu empfangen welche Deutsch (auch Schweizerdeutsch), Franz\u00f6sisch, Englisch, Italienisch, Spanisch sprechen und wir k\u00f6nnten uns sogar mit holl\u00e4ndischen G\u00e4sten verst\u00e4ndigen. Die Gegend hat f\u00fcr uns fast keine Geheimnisse mehr und wir w\u00fcrden uns freuen unsere Kenntnisse mit Ihnen zu teilen. M\u00f6chten Sie einmal die Kochk\u00fcnste der Gastgeberin ausprobieren? Auf Anfrage ist dies m\u00f6glich.<br \/>\nAlle Angaben betreffend die Wohnungsverwaltung werden wir Ihnen bei Ihrer Ankunft, die wir mit Freude erwarten, mitteilen.<\/p>\n<p><span style=\"text-decoration: underline;\">Mietpreis<\/span>: CHF 500.- pro Woche (7 Tage), bis 4 Personen (2 Kinder = 1 Person), zus\u00e4tzlich CHF 50.- CHF Endreinigung (W\u00e4sche) und Aufenthaltstaxen pro Nacht CHF 3.- pro Erwachsene und CHF 2.- pro Kind bis 16 Jahre . F\u00fcr jede zus\u00e4tzliche Person werden 100.- CHF pro Woche dazugerechnet, zuz\u00fcglich die Aufenthaltstaxen (max. 8 Personen).<br \/>\nWochen-End und andere Arrangements k\u00f6nnen auf Anfrage erfolgen.<\/p>\n<h3>Situation :<\/h3>\n<p>91 m2\u00a0Wohnung mit WIFI<\/p>\n<p>mit WC + Dusche<\/p>\n<table>\n<tbody>\n<tr>\n<td><a class=\"fbx-link fbx-instance\" href=\"https:\/\/www.jura-films.ch\/wp-content\/uploads\/2016\/09\/salon.jpg\"><img loading=\"lazy\" decoding=\"async\" class=\"aligncenter wp-image-81\" title=\"Salon\" src=\"https:\/\/www.jura-films.ch\/wp-content\/uploads\/2016\/09\/salon-150x150.jpg\" alt=\"salon\" width=\"225\" height=\"150\" srcset=\"https:\/\/www.jura-films.ch\/wp-content\/uploads\/2016\/09\/salon-300x200.jpg 300w, https:\/\/www.jura-films.ch\/wp-content\/uploads\/2016\/09\/salon-768x512.jpg 768w, https:\/\/www.jura-films.ch\/wp-content\/uploads\/2016\/09\/salon.jpg 1024w\" sizes=\"auto, (max-width: 225px) 100vw, 225px\" \/><\/a><\/td>\n<td>ein gro\u00dfes Wohn-27m2 Achtung: Das Wohnzimmer Decke ist 2m!<\/td>\n<td>\n<ul>\n<li>Holzofen (au\u00dfer Betrieb)<\/li>\n<li>2-Sitzer Schlafsofa<\/li>\n<li>Couchtisch<\/li>\n<li>Sofa, Sessel, St\u00fchle, usw.<\/li>\n<li>Stehlampe<\/li>\n<li>Lagerschrank<\/li>\n<li>kleiner Schreibtisch mit Stuhl<\/li>\n<li>gro\u00dfen ausziehbaren Tisch<\/li>\n<li>Regale<\/li>\n<\/ul>\n<\/td>\n<\/tr>\n<tr>\n<td><a class=\"fbx-link fbx-instance\" href=\"https:\/\/www.jura-films.ch\/wp-content\/uploads\/2016\/03\/chambre-lits-double.jpg\"><img loading=\"lazy\" decoding=\"async\" class=\"aligncenter wp-image-170\" title=\"Doppelbett\" src=\"https:\/\/www.jura-films.ch\/wp-content\/uploads\/2016\/03\/chambre-lits-double-150x150.jpg\" alt=\"chambre-lits-double\" width=\"200\" height=\"150\" srcset=\"https:\/\/www.jura-films.ch\/wp-content\/uploads\/2016\/03\/chambre-lits-double-300x225.jpg 300w, https:\/\/www.jura-films.ch\/wp-content\/uploads\/2016\/03\/chambre-lits-double-768x576.jpg 768w, https:\/\/www.jura-films.ch\/wp-content\/uploads\/2016\/03\/chambre-lits-double-1024x768.jpg 1024w, https:\/\/www.jura-films.ch\/wp-content\/uploads\/2016\/03\/chambre-lits-double.jpg 1200w\" sizes=\"auto, (max-width: 200px) 100vw, 200px\" \/><\/a><\/td>\n<td>ein kleines 10m2 angrenzendes Schlafzimmer (2 Betten)<\/td>\n<td>\n<ul>\n<li>Toilettentisch<\/li>\n<li>Sekret\u00e4rin<\/li>\n<\/ul>\n<\/td>\n<\/tr>\n<tr>\n<td><a class=\"fbx-link fbx-instance\" href=\"https:\/\/www.jura-films.ch\/wp-content\/uploads\/2016\/03\/ch_2_lits.jpg\"><img loading=\"lazy\" decoding=\"async\" class=\"aligncenter wp-image-89\" title=\"Chambre double\" src=\"https:\/\/www.jura-films.ch\/wp-content\/uploads\/2016\/03\/ch_2_lits-150x150.jpg\" alt=\"ch_2_lits\" width=\"225\" height=\"150\" srcset=\"https:\/\/www.jura-films.ch\/wp-content\/uploads\/2016\/03\/ch_2_lits-300x200.jpg 300w, https:\/\/www.jura-films.ch\/wp-content\/uploads\/2016\/03\/ch_2_lits-768x512.jpg 768w, https:\/\/www.jura-films.ch\/wp-content\/uploads\/2016\/03\/ch_2_lits.jpg 1024w\" sizes=\"auto, (max-width: 225px) 100vw, 225px\" \/><\/a><\/td>\n<td>ersten zus\u00e4tzlichen 19m2 Zimmer (2 Betten)<\/td>\n<td>\n<ul>\n<li>B\u00fcro<\/li>\n<li>Tabelle<\/li>\n<li>Kinderbett (extra)<\/li>\n<\/ul>\n<\/td>\n<\/tr>\n<tr>\n<td><a class=\"fbx-link fbx-instance\" href=\"https:\/\/www.jura-films.ch\/wp-content\/uploads\/2016\/10\/chambre-\u00e0-2-lits-lit-120-m.jpg\"><img loading=\"lazy\" decoding=\"async\" class=\"alignleft wp-image-175\" title=\"2 Einzelzimmer (1.2m)\" src=\"https:\/\/www.jura-films.ch\/wp-content\/uploads\/2016\/10\/chambre-\u00e0-2-lits-lit-120-m-150x150.jpg\" alt=\"chambre-a-2-lits-lit-120-m\" width=\"200\" height=\"150\" srcset=\"https:\/\/www.jura-films.ch\/wp-content\/uploads\/2016\/10\/chambre-\u00e0-2-lits-lit-120-m-300x225.jpg 300w, https:\/\/www.jura-films.ch\/wp-content\/uploads\/2016\/10\/chambre-\u00e0-2-lits-lit-120-m-768x576.jpg 768w, https:\/\/www.jura-films.ch\/wp-content\/uploads\/2016\/10\/chambre-\u00e0-2-lits-lit-120-m-1024x768.jpg 1024w, https:\/\/www.jura-films.ch\/wp-content\/uploads\/2016\/10\/chambre-\u00e0-2-lits-lit-120-m.jpg 1200w\" sizes=\"auto, (max-width: 200px) 100vw, 200px\" \/><\/a> <a class=\"fbx-link fbx-instance\" href=\"https:\/\/www.jura-films.ch\/wp-content\/uploads\/2016\/10\/chambre-\u00e0-2-lits-lit-1-m.jpg\"><img loading=\"lazy\" decoding=\"async\" class=\"alignnone wp-image-174\" title=\"2 Einzelzimmer (1m)\" src=\"https:\/\/www.jura-films.ch\/wp-content\/uploads\/2016\/10\/chambre-\u00e0-2-lits-lit-1-m-150x150.jpg\" alt=\"chambre-a-2-lits-lit-1-m\" width=\"200\" height=\"150\" srcset=\"https:\/\/www.jura-films.ch\/wp-content\/uploads\/2016\/10\/chambre-\u00e0-2-lits-lit-1-m-300x225.jpg 300w, https:\/\/www.jura-films.ch\/wp-content\/uploads\/2016\/10\/chambre-\u00e0-2-lits-lit-1-m-768x576.jpg 768w, https:\/\/www.jura-films.ch\/wp-content\/uploads\/2016\/10\/chambre-\u00e0-2-lits-lit-1-m-1024x768.jpg 1024w, https:\/\/www.jura-films.ch\/wp-content\/uploads\/2016\/10\/chambre-\u00e0-2-lits-lit-1-m.jpg 1200w\" sizes=\"auto, (max-width: 200px) 100vw, 200px\" \/><\/a><\/td>\n<td>17m2 extra Schlafzimmer (2 Einzelbetten)<\/td>\n<td>\n<ul>\n<li>1 Einzel (1.2m)<\/li>\n<li>1 Einzel (1m)<\/li>\n<li>Schr\u00e4nke<\/li>\n<\/ul>\n<\/td>\n<\/tr>\n<tr>\n<td><a class=\"fbx-link fbx-instance\" href=\"https:\/\/www.jura-films.ch\/wp-content\/uploads\/2016\/03\/cuisine_a.jpg\"><img loading=\"lazy\" decoding=\"async\" class=\"alignleft wp-image-98\" title=\"Cuisine 1\" src=\"https:\/\/www.jura-films.ch\/wp-content\/uploads\/2016\/03\/cuisine_a-150x150.jpg\" alt=\"cuisine_a\" width=\"225\" height=\"150\" srcset=\"https:\/\/www.jura-films.ch\/wp-content\/uploads\/2016\/03\/cuisine_a-300x200.jpg 300w, https:\/\/www.jura-films.ch\/wp-content\/uploads\/2016\/03\/cuisine_a-768x512.jpg 768w, https:\/\/www.jura-films.ch\/wp-content\/uploads\/2016\/03\/cuisine_a.jpg 1024w\" sizes=\"auto, (max-width: 225px) 100vw, 225px\" \/><\/a><a class=\"fbx-link fbx-instance\" href=\"https:\/\/www.jura-films.ch\/wp-content\/uploads\/2016\/03\/cuisine_b.jpg\"><img loading=\"lazy\" decoding=\"async\" class=\"alignnone wp-image-97\" title=\"Cuisine 2\" src=\"https:\/\/www.jura-films.ch\/wp-content\/uploads\/2016\/03\/cuisine_b-150x150.jpg\" alt=\"cuisine_b\" width=\"225\" height=\"150\" srcset=\"https:\/\/www.jura-films.ch\/wp-content\/uploads\/2016\/03\/cuisine_b-300x200.jpg 300w, https:\/\/www.jura-films.ch\/wp-content\/uploads\/2016\/03\/cuisine_b-768x512.jpg 768w, https:\/\/www.jura-films.ch\/wp-content\/uploads\/2016\/03\/cuisine_b.jpg 1024w\" sizes=\"auto, (max-width: 225px) 100vw, 225px\" \/><\/a><\/td>\n<td>11.5m2 K\u00fcche<\/td>\n<td>\n<ul>\n<li>E-Herd 4 Platten und Backofen<\/li>\n<li>K\u00fchlschrank (244 L) mit Gefrierfach<\/li>\n<li>B\u00fcfett<\/li>\n<li>Tisch und St\u00fchle erweiterbar<\/li>\n<li>Waschmaschine (4,5 kg)<\/li>\n<li>Kaffee<\/li>\n<li>Boiler (100l)<\/li>\n<li>Mikrowelle<\/li>\n<\/ul>\n<\/td>\n<\/tr>\n<tr>\n<td><a class=\"fbx-link fbx-instance\" href=\"https:\/\/www.jura-films.ch\/wp-content\/uploads\/2016\/03\/wc-dusche.jpg\"><img loading=\"lazy\" decoding=\"async\" class=\"aligncenter wp-image-182\" title=\"WC + dusche\" src=\"https:\/\/www.jura-films.ch\/wp-content\/uploads\/2016\/03\/wc-dusche-150x150.jpg\" alt=\"wc-dusche\" width=\"199\" height=\"149\" srcset=\"https:\/\/www.jura-films.ch\/wp-content\/uploads\/2016\/03\/wc-dusche-300x225.jpg 300w, https:\/\/www.jura-films.ch\/wp-content\/uploads\/2016\/03\/wc-dusche-768x576.jpg 768w, https:\/\/www.jura-films.ch\/wp-content\/uploads\/2016\/03\/wc-dusche-1024x768.jpg 1024w, https:\/\/www.jura-films.ch\/wp-content\/uploads\/2016\/03\/wc-dusche.jpg 1200w\" sizes=\"auto, (max-width: 199px) 100vw, 199px\" \/><\/a><\/td>\n<td>WC + Dusche<\/td>\n<td><\/td>\n<\/tr>\n<\/tbody>\n<\/table>\n<p style=\"text-align: center;\"><iframe loading=\"lazy\" style=\"border: 0;\" src=\"https:\/\/www.google.com\/maps\/embed?pb=!1m18!1m12!1m3!1d3414.812202639299!2d7.423365648974035!3d47.28226731810032!2m3!1f0!2f0!3f0!3m2!1i1024!2i768!4f13.1!3m3!1m2!1s0x4791de9c82ba601f%3A0x2b1e107bb88c9f8d!2sPlace+du+Banneret-Wisard+1%2C+2745+Grandval!5e1!3m2!1sfr!2sch!4v1475215617642\" width=\"600\" height=\"450\" frameborder=\"0\" allowfullscreen=\"allowfullscreen\"><\/iframe><\/p>\n<p><\/p>","protected":false},"excerpt":{"rendered":"<p>W\u00fcnschen Sie spezielle Ferien im renovierten Bauernhaus &#8222;La Ruine du Moujik&#8220; im Schweizer Jura? Bei uns sind Sie willkomment Unser Haus ist eines der 4 \u00e4ltesten H\u00e4user des Dorfes (16. Jh.). Wir, Lucienne Lanaz und Willy Schild, wohnen im Erdgeschoss und sind generell zu Hause, um Sie zu empfangen. Um das Haus herum gibt es [&hellip;]<\/p>\n","protected":false},"author":1,"featured_media":0,"parent":0,"menu_order":0,"comment_status":"closed","ping_status":"closed","template":"","meta":{"footnotes":""},"class_list":["post-8","page","type-page","status-publish","hentry"],"_links":{"self":[{"href":"https:\/\/www.jura-films.ch\/de\/wp-json\/wp\/v2\/pages\/8","targetHints":{"allow":["GET"]}}],"collection":[{"href":"https:\/\/www.jura-films.ch\/de\/wp-json\/wp\/v2\/pages"}],"about":[{"href":"https:\/\/www.jura-films.ch\/de\/wp-json\/wp\/v2\/types\/page"}],"author":[{"embeddable":true,"href":"https:\/\/www.jura-films.ch\/de\/wp-json\/wp\/v2\/users\/1"}],"replies":[{"embeddable":true,"href":"https:\/\/www.jura-films.ch\/de\/wp-json\/wp\/v2\/comments?post=8"}],"version-history":[{"count":96,"href":"https:\/\/www.jura-films.ch\/de\/wp-json\/wp\/v2\/pages\/8\/revisions"}],"predecessor-version":[{"id":1320,"href":"https:\/\/www.jura-films.ch\/de\/wp-json\/wp\/v2\/pages\/8\/revisions\/1320"}],"wp:attachment":[{"href":"https:\/\/www.jura-films.ch\/de\/wp-json\/wp\/v2\/media?parent=8"}],"curies":[{"name":"wp","href":"https:\/\/api.w.org\/{rel}","templated":true}]}}