{"id":61,"date":"2016-05-12T17:32:05","date_gmt":"2016-05-12T15:32:05","guid":{"rendered":"https:\/\/www.jura-films.ch\/?page_id=61"},"modified":"2024-04-19T11:23:58","modified_gmt":"2024-04-19T09:23:58","slug":"dona-anna","status":"publish","type":"page","link":"https:\/\/www.jura-films.ch\/de\/production\/dona-anna\/","title":{"rendered":"DONA ANNA"},"content":{"rendered":"<p><a href=\"https:\/\/www.jura-films.ch\/wp-content\/uploads\/2016\/05\/Dona-Anna-enfants.jpg\"><img loading=\"lazy\" decoding=\"async\" class=\"alignleft wp-image-218\" title=\"Dona Anna\" src=\"https:\/\/www.jura-films.ch\/wp-content\/uploads\/2016\/05\/Dona-Anna-enfants-150x150.jpg\" alt=\"dona-anna-enfants\" width=\"225\" height=\"150\" srcset=\"https:\/\/www.jura-films.ch\/wp-content\/uploads\/2016\/05\/Dona-Anna-enfants-300x200.jpg 300w, https:\/\/www.jura-films.ch\/wp-content\/uploads\/2016\/05\/Dona-Anna-enfants-768x513.jpg 768w, https:\/\/www.jura-films.ch\/wp-content\/uploads\/2016\/05\/Dona-Anna-enfants-1024x684.jpg 1024w, https:\/\/www.jura-films.ch\/wp-content\/uploads\/2016\/05\/Dona-Anna-enfants.jpg 1156w\" sizes=\"auto, (max-width: 225px) 100vw, 225px\" \/><\/a>&#8222;DONA ANNA&#8220;<\/p>\n<p>Dokumentarfilm, 2003<br \/>\n60 Minuten \/ 26 Minuten<br \/>\nVideo, Farbe<\/p>\n<p>Originalversion portugiesisch, mit franz\u00f6sischen Untertiteln (ohne deutsche Untertitel)<\/p>\n<p>Verkauf : JURA-FILMS <a href=\"https:\/\/www.jura-films.ch\/contact\/\">Kontakt <\/a>(60 Minuten)<\/p>\n<p>Drehbuch und Regie Lucienne Lanaz<br \/>\nKamera Robert Milli\u00e9 &amp; Willy Schild<br \/>\nSkript Zo\u00eb Durouchoux<br \/>\nSchnitt Lucienne Lanaz, Charles D. Fischer<br \/>\nMusik Folklore br\u00e9silien<br \/>\nGastronomie Margarida<br \/>\n\u00dcbersetzerin Paula Brum<br \/>\nGraphik Mary-Jo Fahrny<br \/>\nPostproduktion Fonction:Cin\u00e9ma Gen\u00e8ve, TVF Gen\u00e8ve, Zone 33 Berne<\/p>\n<p>Unter Beteiligung von Anne-Lo\u00efse Raboud und Bewohnern von Sa\u00f5 Miguel do Gostoso, Brasilien<\/p>\n<p>SYNOPSIS<\/p>\n<p>Anne-Lo\u00efse Raboud, Krankenschwester aus dem Wallis, beschliesst, nach 22 Jahren im Kantons- und Universit\u00e4tsspital Genf, wovon einige Jahre auf der Intensivstation, ihre Berufserfahrung in den Dienst der \u00c4rmsten zu stellen, genauer in S\u00e3o Miguel do Gostoso, einer nord\u00f6stlich in Brasilien gelegenen Gemeinde im Staat Rio Grande do Norte. Die Einwohner von S\u00e3o Miguel nennen sie ihre &#8222;Dona Anna&#8220;.<\/p>\n<p>Durch ihre Anwesenheit an Ort und Stelle, die Besuche zu Hause, die Pflege in sozialmedizinischen Einrichtungen von S\u00e3o Miguel, die Pr\u00e4ventionsaktionen im Bereich Hygiene, Gesundheit und Umwelt in Zusammenarbeit mit allen Betroffenen: den Patienten, Sch\u00fclern, Eltern, Lehrern, den Gesundheitsdiensten und den politischen Beh\u00f6rden, ist es Anne-Lo\u00efse Raboud gelungen, S\u00e3o Miguel do Gostoso &#8211; laut Aussagen einiger brasilianischer Touristen, die die Gegend besuchen &#8211; in einen der saubersten Orte des Staates Rio Grande do Norte zu verwandeln.<\/p>","protected":false},"excerpt":{"rendered":"<p>&#8222;DONA ANNA&#8220; Dokumentarfilm, 2003 60 Minuten \/ 26 Minuten Video, Farbe Originalversion portugiesisch, mit franz\u00f6sischen Untertiteln (ohne deutsche Untertitel) Verkauf : JURA-FILMS Kontakt (60 Minuten) Drehbuch und Regie Lucienne Lanaz Kamera Robert Milli\u00e9 &amp; Willy Schild Skript Zo\u00eb Durouchoux Schnitt Lucienne Lanaz, Charles D. Fischer Musik Folklore br\u00e9silien Gastronomie Margarida \u00dcbersetzerin Paula Brum Graphik Mary-Jo [&hellip;]<\/p>\n","protected":false},"author":1,"featured_media":0,"parent":18,"menu_order":0,"comment_status":"closed","ping_status":"closed","template":"","meta":{"footnotes":""},"class_list":["post-61","page","type-page","status-publish","hentry"],"_links":{"self":[{"href":"https:\/\/www.jura-films.ch\/de\/wp-json\/wp\/v2\/pages\/61","targetHints":{"allow":["GET"]}}],"collection":[{"href":"https:\/\/www.jura-films.ch\/de\/wp-json\/wp\/v2\/pages"}],"about":[{"href":"https:\/\/www.jura-films.ch\/de\/wp-json\/wp\/v2\/types\/page"}],"author":[{"embeddable":true,"href":"https:\/\/www.jura-films.ch\/de\/wp-json\/wp\/v2\/users\/1"}],"replies":[{"embeddable":true,"href":"https:\/\/www.jura-films.ch\/de\/wp-json\/wp\/v2\/comments?post=61"}],"version-history":[{"count":18,"href":"https:\/\/www.jura-films.ch\/de\/wp-json\/wp\/v2\/pages\/61\/revisions"}],"predecessor-version":[{"id":1262,"href":"https:\/\/www.jura-films.ch\/de\/wp-json\/wp\/v2\/pages\/61\/revisions\/1262"}],"up":[{"embeddable":true,"href":"https:\/\/www.jura-films.ch\/de\/wp-json\/wp\/v2\/pages\/18"}],"wp:attachment":[{"href":"https:\/\/www.jura-films.ch\/de\/wp-json\/wp\/v2\/media?parent=61"}],"curies":[{"name":"wp","href":"https:\/\/api.w.org\/{rel}","templated":true}]}}