{"id":517,"date":"2016-11-11T16:27:29","date_gmt":"2016-11-11T15:27:29","guid":{"rendered":"https:\/\/www.jura-films.ch\/?page_id=517"},"modified":"2023-07-15T08:07:32","modified_gmt":"2023-07-15T06:07:32","slug":"super-cow","status":"publish","type":"page","link":"https:\/\/www.jura-films.ch\/de\/production\/super-cow\/","title":{"rendered":"SUPER COW"},"content":{"rendered":"<p><a href=\"https:\/\/jura-films.ch\/wp-content\/uploads\/2016\/11\/Super-Cow-affichette-jaquette.jpg\"><img loading=\"lazy\" decoding=\"async\" class=\"alignleft wp-image-576\" src=\"https:\/\/jura-films.ch\/wp-content\/uploads\/2016\/11\/Super-Cow-affichette-jaquette-201x300.jpg\" alt=\"\" width=\"150\" height=\"224\" srcset=\"https:\/\/www.jura-films.ch\/wp-content\/uploads\/2016\/11\/Super-Cow-affichette-jaquette-201x300.jpg 201w, https:\/\/www.jura-films.ch\/wp-content\/uploads\/2016\/11\/Super-Cow-affichette-jaquette-768x1145.jpg 768w, https:\/\/www.jura-films.ch\/wp-content\/uploads\/2016\/11\/Super-Cow-affichette-jaquette-687x1024.jpg 687w, https:\/\/www.jura-films.ch\/wp-content\/uploads\/2016\/11\/Super-Cow-affichette-jaquette.jpg 1356w\" sizes=\"auto, (max-width: 150px) 100vw, 150px\" \/><\/a>SUPER COW<\/p>\n<p>Drehbuch Lucienne Lanaz<br \/>\nBearbeiten von Lucienne Lanaz, Charles D.Fischer<br \/>\nFilm Fotograf Patrick B\u00fcrge, Lucienne Lanaz<br \/>\nTon Alain Tissot<br \/>\nMusic Inside Out<br \/>\nArt Director Lucienne Lanaz<br \/>\nDekor Pat von N.<br \/>\nFilm Synopsis La vache, Die Kuh, die Kuh, fermer la porte, sterben T\u00fcre zu, die T\u00fcr schlie\u00dfen. Sie haben sicherlich nie K\u00fche gesehen, dass Art und Weise vor.<\/p>\n<p>Production: JURA-FILMS, Grandval \u201c<a href=\"https:\/\/www.jura-films.ch\/contact\/\" target=\"_blank\" rel=\"noopener noreferrer\">Kontact<\/a>\u201d<\/p>\n<p><iframe loading=\"lazy\" title=\"super cow\" src=\"https:\/\/player.vimeo.com\/video\/845477943?dnt=1&amp;app_id=122963\" width=\"640\" height=\"480\" frameborder=\"0\" allow=\"autoplay; fullscreen; picture-in-picture\" allowfullscreen><\/iframe><\/p>\n<p><\/p>","protected":false},"excerpt":{"rendered":"<p>SUPER COW Drehbuch Lucienne Lanaz Bearbeiten von Lucienne Lanaz, Charles D.Fischer Film Fotograf Patrick B\u00fcrge, Lucienne Lanaz Ton Alain Tissot Music Inside Out Art Director Lucienne Lanaz Dekor Pat von N. Film Synopsis La vache, Die Kuh, die Kuh, fermer la porte, sterben T\u00fcre zu, die T\u00fcr schlie\u00dfen. Sie haben sicherlich nie K\u00fche gesehen, dass [&hellip;]<\/p>\n","protected":false},"author":1,"featured_media":0,"parent":18,"menu_order":0,"comment_status":"closed","ping_status":"closed","template":"","meta":{"footnotes":""},"class_list":["post-517","page","type-page","status-publish","hentry"],"_links":{"self":[{"href":"https:\/\/www.jura-films.ch\/de\/wp-json\/wp\/v2\/pages\/517","targetHints":{"allow":["GET"]}}],"collection":[{"href":"https:\/\/www.jura-films.ch\/de\/wp-json\/wp\/v2\/pages"}],"about":[{"href":"https:\/\/www.jura-films.ch\/de\/wp-json\/wp\/v2\/types\/page"}],"author":[{"embeddable":true,"href":"https:\/\/www.jura-films.ch\/de\/wp-json\/wp\/v2\/users\/1"}],"replies":[{"embeddable":true,"href":"https:\/\/www.jura-films.ch\/de\/wp-json\/wp\/v2\/comments?post=517"}],"version-history":[{"count":8,"href":"https:\/\/www.jura-films.ch\/de\/wp-json\/wp\/v2\/pages\/517\/revisions"}],"predecessor-version":[{"id":1141,"href":"https:\/\/www.jura-films.ch\/de\/wp-json\/wp\/v2\/pages\/517\/revisions\/1141"}],"up":[{"embeddable":true,"href":"https:\/\/www.jura-films.ch\/de\/wp-json\/wp\/v2\/pages\/18"}],"wp:attachment":[{"href":"https:\/\/www.jura-films.ch\/de\/wp-json\/wp\/v2\/media?parent=517"}],"curies":[{"name":"wp","href":"https:\/\/api.w.org\/{rel}","templated":true}]}}