{"id":495,"date":"2016-11-10T10:38:33","date_gmt":"2016-11-10T09:38:33","guid":{"rendered":"https:\/\/www.jura-films.ch\/?page_id=495"},"modified":"2023-07-16T11:45:53","modified_gmt":"2023-07-16T09:45:53","slug":"feu-fumee-saucisse","status":"publish","type":"page","link":"https:\/\/www.jura-films.ch\/de\/production\/feu-fumee-saucisse\/","title":{"rendered":"DIE R\u00c4UCHERK\u00dcCHE"},"content":{"rendered":"<p>DIE R\u00c4UCHERK\u00dcCHE<\/p>\n<p>Dokumentarfilm, 1976 &#8211; 22 Minuten &#8211; 16mm, Farbe<\/p>\n<p>Deutschschweizerdialekt Originalversion (mit oder ohne Deutschen Untertiteln)<\/p>\n<p>Verkauf : JURA-FILMS &#8222;<a href=\"https:\/\/www.jura-films.ch\/contact\/\">Kontakt<\/a>&#8220; (Bonus des Filmes EIN HAUS WIE KEIN ANDERES)<\/p>\n<p><iframe loading=\"lazy\" title=\"R\u00e4ucherk\u00fcche\" src=\"https:\/\/player.vimeo.com\/video\/845655715?dnt=1&amp;app_id=122963\" width=\"768\" height=\"576\" frameborder=\"0\" allow=\"autoplay; fullscreen; picture-in-picture\" allowfullscreen><\/iframe><\/p>\n<p>Drehbuch und Regie Lucienne Lanaz<br \/>\nKamera Pio Corradi<br \/>\nExekutiv Produzent Ernst Schillig<br \/>\nTon Stanislav Hromadnik<br \/>\nSchnitt Franziska Wirz<br \/>\nAssistent, Fotograph Theo Schuurman<br \/>\nBeleuchtung Erhard Jacksch<br \/>\nMusik Fran\u00e7ois Gaudard<\/p>\n<p>Unter Beteiligung von Fritz Marti und Paul Hagmann.<\/p>\n<p>SYNOPSIS<br \/>\nFritz Marti wohnt im einzigen Haus von Grandval, das keinen Kamin, keine Elektrizit\u00e4t und kein fliessendes Wasser besitzt. Seit dem Wegzug seiner Kinder und dem Tode seiner Frau lebt er dort allein mit seinen vierzehn Katzen. Seitdem der ehemalige Knecht in Grandval lebt, r\u00e4uchert er in seiner K\u00fcche W\u00fcrste und Speck f\u00fcr die Metzger der Umgebung. Da es sich um die letzte R\u00e4ucher\u00adk\u00fcche handelt bef\u00fcrchten die Metzger ihr Verschwinden. Fritz Marti verdient fast nichts, aber er hat eine Arbeit und ist gl\u00fccklich \u00fcber die Besuche der Metzger, welche Abwechslung in seinen eint\u00f6nigen Alltag bringen.<\/p>\n<p><div class=\"wonderpluginslider-container\" id=\"wonderpluginslider-container-16\" style=\"max-width:840px;margin:0 auto;padding-left:0px;padding-right:0px;padding-top:0px;padding-bottom:0px;\"><div class=\"wonderpluginslider\" id=\"wonderpluginslider-16\" data-sliderid=\"16\" data-width=\"840\" data-height=\"360\" data-skin=\"cube\" data-autoplay=\"true\" data-randomplay=\"false\" data-loadimageondemand=\"false\" data-transitiononfirstslide=\"false\" data-autoplayvideo=\"false\" data-isresponsive=\"true\" data-fullwidth=\"false\" data-isfullscreen=\"false\" data-ratioresponsive=\"false\" data-showtext=\"true\" data-showtimer=\"true\" data-showbottomshadow=\"true\" data-navshowpreview=\"true\" data-textautohide=\"true\" data-lightboxresponsive=\"true\" data-lightboxshownavigation=\"false\" data-lightboxshowtitle=\"true\" data-lightboxshowdescription=\"false\" data-texteffectresponsive=\"true\" data-donotinit=\"false\" data-addinitscript=\"false\" data-lightboxfullscreenmode=\"false\" data-lightboxcloseonoverlay=\"true\" data-lightboxvideohidecontrols=\"false\" data-lightboxnogroup=\"false\" data-lightboxautoslide=\"false\" data-lightboxshowtimer=\"true\" data-lightboxshowplaybutton=\"true\" data-lightboxalwaysshownavarrows=\"false\" data-lightboxshowtitleprefix=\"true\" data-titleusealt=\"false\" data-outputtext=\"false\" data-scalemode=\"fit\" data-arrowstyle=\"always\" data-transition=\"fade\" data-loop=\"0\" data-border=\"0\" data-slideinterval=\"8000\" data-arrowimage=\"arrows-36-80-0.png\" data-arrowwidth=\"36\" data-arrowheight=\"80\" data-arrowtop=\"50\" data-arrowmargin=\"-18\" data-navstyle=\"bullets\" data-navimage=\"bullet-24-24-1.png\" data-navwidth=\"24\" data-navheight=\"24\" data-navspacing=\"8\" data-navmarginx=\"16\" data-navmarginy=\"16\" data-navposition=\"bottom\" data-playvideoimage=\"playvideo-64-64-0.png\" data-playvideoimagewidth=\"64\" data-playvideoimageheight=\"64\" data-lightboxthumbwidth=\"90\" data-lightboxthumbheight=\"60\" data-lightboxthumbtopmargin=\"12\" data-lightboxthumbbottommargin=\"4\" data-lightboxbarheight=\"64\" data-lightboxtitlebottomcss=\"color:#333; font-size:14px; font-family:Armata,sans-serif,Arial; overflow:hidden; text-align:left;\" data-lightboxdescriptionbottomcss=\"color:#333; font-size:12px; font-family:Arial,Helvetica,sans-serif; overflow:hidden; text-align:left; margin:4px 0px 0px; padding: 0px;\" data-textformat=\"Color box\" data-textpositionstatic=\"bottom\" data-textpositiondynamic=\"bottomleft\" data-paddingleft=\"0\" data-paddingright=\"0\" data-paddingtop=\"0\" data-paddingbottom=\"0\" data-texteffectresponsivesize=\"640\" data-fadeduration=\"1000\" data-crossfadeduration=\"1000\" data-slideduration=\"1000\" data-elasticduration=\"1000\" data-sliceduration=\"1500\" data-blindsduration=\"1500\" data-blocksduration=\"1500\" data-shuffleduration=\"1500\" data-tilesduration=\"2000\" data-kenburnsduration=\"5000\" data-flipduration=\"1500\" data-flipwithzoomduration=\"2000\" data-threedduration=\"1500\" data-threedhorizontalduration=\"1500\" data-threedwithzoomduration=\"2500\" data-threedhorizontalwithzoomduration=\"2200\" data-threedflipduration=\"1500\" data-threedflipwithzoomduration=\"2000\" data-threedtilesduration=\"2000\" data-threedfallback=\"flip\" data-threedhorizontalfallback=\"flip\" data-threedwithzoomfallback=\"flipwithzoom\" data-threedhorizontalwithzoomfallback=\"flipwithzoom\" data-threedflipfallback=\"flip\" data-threedflipwithzoomfallback=\"flipwithzoom\" data-threedtilesfallback=\"tiles\" data-ratiomediumscreen=\"800\" data-ratiomediumheight=\"1.2\" data-ratiosmallscreen=\"480\" data-ratiosmallheight=\"1.6\" data-lightboxtitlestyle=\"bottom\" data-lightboximagepercentage=\"75\" data-lightboxdefaultvideovolume=\"1\" data-lightboxoverlaybgcolor=\"#000\" data-lightboxoverlayopacity=\"0.9\" data-lightboxbgcolor=\"#fff\" data-lightboxtitleprefix=\"%NUM \/ %TOTAL\" data-lightboxtitleinsidecss=\"color:#fff; font-size:16px; font-family:Arial,Helvetica,sans-serif; overflow:hidden; text-align:left;\" data-lightboxdescriptioninsidecss=\"color:#fff; font-size:12px; font-family:Arial,Helvetica,sans-serif; overflow:hidden; text-align:left; margin:4px 0px 0px; padding: 0px;\" data-lightboxslideinterval=\"5000\" data-lightboxtimerposition=\"bottom\" data-lightboxtimercolor=\"#dc572e\" data-lightboxtimeropacity=\"1\" data-lightboxbordersize=\"8\" data-lightboxborderradius=\"0\" data-textcss=\"display:block; padding:8px 16px; text-align:left;\" data-textbgcss=\"display:none;\" data-titlecss=\"display:table; position:relative; font:bold 14px &quot;Lucida Sans Unicode&quot;,&quot;Lucida Grande&quot;,sans-serif,Arial; color:#fff; white-space:nowrap; background-color:#f7a020; padding:10px;\" data-descriptioncss=\"display:block; position:relative; font:12px &quot;Lucida Sans Unicode&quot;,&quot;Lucida Grande&quot;,sans-serif,Arial; color:#fff;  background-color:#e04000; margin-top:10px; padding:10px;\" data-buttoncss=\"display:block; position:relative; margin-top:10px;\" data-titlecssresponsive=\"font-size:12px;\" data-descriptioncssresponsive=\"display:none !important;\" data-buttoncssresponsive=\"\" data-jsfolder=\"https:\/\/www.jura-films.ch\/wp-content\/plugins\/wonderplugin-slider-lite\/engine\/\" style=\"display:none;\" ><ul class=\"amazingslider-slides\"  style=\"display:none;\"><li><img decoding=\"async\" class=\"amazingslider-img-elem amazingsliderimg\" src=\"https:\/\/www.jura-films.ch\/wp-content\/uploads\/2016\/11\/Feu-Fum\u00e9e-1.jpg\" alt=\"Fritz Marti 1\" title=\"Fritz Marti 1\" data-description=\"\" \/><\/li><li><img decoding=\"async\" class=\"amazingslider-img-elem amazingsliderimg\" src=\"https:\/\/www.jura-films.ch\/wp-content\/uploads\/2016\/11\/BW-Fritz-Marti-compress\u00e9.jpg\" alt=\"Fritz Marti 2\" title=\"Fritz Marti 2\" data-description=\"\" \/><\/li><li><img decoding=\"async\" class=\"amazingslider-img-elem amazingsliderimg\" src=\"https:\/\/www.jura-films.ch\/wp-content\/uploads\/2016\/11\/Feu-Fum\u00e9ee-2.jpg\" alt=\"Banneret Wisard\" title=\"Banneret Wisard\" data-description=\"\" \/><\/li><\/ul><ul class=\"amazingslider-thumbnails\"  style=\"display:none;\"><li><img decoding=\"async\" class=\"amazingslider-thumbnail-elem amazingsliderthumbnailimg\" src=\"https:\/\/www.jura-films.ch\/wp-content\/uploads\/2016\/11\/Feu-Fum\u00e9e-1-150x150.jpg\" alt=\"Fritz Marti 1\" title=\"Fritz Marti 1\" data-description=\"\" \/><\/li><li><img decoding=\"async\" class=\"amazingslider-thumbnail-elem amazingsliderthumbnailimg\" src=\"https:\/\/www.jura-films.ch\/wp-content\/uploads\/2016\/11\/BW-Fritz-Marti-compress\u00e9-150x150.jpg\" alt=\"Fritz Marti 2\" title=\"Fritz Marti 2\" data-description=\"\" \/><\/li><li><img decoding=\"async\" class=\"amazingslider-thumbnail-elem amazingsliderthumbnailimg\" src=\"https:\/\/www.jura-films.ch\/wp-content\/uploads\/2016\/11\/Feu-Fum\u00e9ee-2-150x150.jpg\" alt=\"Banneret Wisard\" title=\"Banneret Wisard\" data-description=\"\" \/><\/li><\/ul><\/div><\/div><\/p>","protected":false},"excerpt":{"rendered":"<p>DIE R\u00c4UCHERK\u00dcCHE Dokumentarfilm, 1976 &#8211; 22 Minuten &#8211; 16mm, Farbe Deutschschweizerdialekt Originalversion (mit oder ohne Deutschen Untertiteln) Verkauf : JURA-FILMS &#8222;Kontakt&#8220; (Bonus des Filmes EIN HAUS WIE KEIN ANDERES) Drehbuch und Regie Lucienne Lanaz Kamera Pio Corradi Exekutiv Produzent Ernst Schillig Ton Stanislav Hromadnik Schnitt Franziska Wirz Assistent, Fotograph Theo Schuurman Beleuchtung Erhard Jacksch Musik [&hellip;]<\/p>\n","protected":false},"author":1,"featured_media":0,"parent":18,"menu_order":0,"comment_status":"closed","ping_status":"closed","template":"","meta":{"footnotes":""},"class_list":["post-495","page","type-page","status-publish","hentry"],"_links":{"self":[{"href":"https:\/\/www.jura-films.ch\/de\/wp-json\/wp\/v2\/pages\/495","targetHints":{"allow":["GET"]}}],"collection":[{"href":"https:\/\/www.jura-films.ch\/de\/wp-json\/wp\/v2\/pages"}],"about":[{"href":"https:\/\/www.jura-films.ch\/de\/wp-json\/wp\/v2\/types\/page"}],"author":[{"embeddable":true,"href":"https:\/\/www.jura-films.ch\/de\/wp-json\/wp\/v2\/users\/1"}],"replies":[{"embeddable":true,"href":"https:\/\/www.jura-films.ch\/de\/wp-json\/wp\/v2\/comments?post=495"}],"version-history":[{"count":8,"href":"https:\/\/www.jura-films.ch\/de\/wp-json\/wp\/v2\/pages\/495\/revisions"}],"predecessor-version":[{"id":1165,"href":"https:\/\/www.jura-films.ch\/de\/wp-json\/wp\/v2\/pages\/495\/revisions\/1165"}],"up":[{"embeddable":true,"href":"https:\/\/www.jura-films.ch\/de\/wp-json\/wp\/v2\/pages\/18"}],"wp:attachment":[{"href":"https:\/\/www.jura-films.ch\/de\/wp-json\/wp\/v2\/media?parent=495"}],"curies":[{"name":"wp","href":"https:\/\/api.w.org\/{rel}","templated":true}]}}