{"id":410,"date":"2016-11-03T08:05:48","date_gmt":"2016-11-03T07:05:48","guid":{"rendered":"https:\/\/www.jura-films.ch\/?page_id=410"},"modified":"2020-02-27T11:32:55","modified_gmt":"2020-02-27T10:32:55","slug":"la-demande-en-voyage","status":"publish","type":"page","link":"https:\/\/www.jura-films.ch\/de\/production\/la-demande-en-voyage\/","title":{"rendered":"MEINE FREUNDE IN DER DDR"},"content":{"rendered":"<p><a href=\"https:\/\/www.jura-films.ch\/wp-content\/uploads\/2016\/11\/DDR-affiche-recto.jpg\"><img loading=\"lazy\" decoding=\"async\" class=\"alignleft wp-image-414\" title=\"Meine Freunde in der DDR\" src=\"https:\/\/www.jura-films.ch\/wp-content\/uploads\/2016\/11\/DDR-affiche-recto-212x300.jpg\" alt=\"ddr-affiche-recto\" width=\"150\" height=\"212\" srcset=\"https:\/\/www.jura-films.ch\/wp-content\/uploads\/2016\/11\/DDR-affiche-recto-212x300.jpg 212w, https:\/\/www.jura-films.ch\/wp-content\/uploads\/2016\/11\/DDR-affiche-recto-768x1086.jpg 768w, https:\/\/www.jura-films.ch\/wp-content\/uploads\/2016\/11\/DDR-affiche-recto-724x1024.jpg 724w\" sizes=\"auto, (max-width: 150px) 100vw, 150px\" \/><\/a>MEINE FREUNDE IN DER DDR<br \/>\nMit EPILOG, w\u00e4hrend den historischen Ereignissen im November 1989 nachgedreht.<\/p>\n<p>Dokumentarfilm, 1989\/90 &#8211; 100 Minuten &#8211; 16 mm, Farbe<\/p>\n<p>Verkauf : JURA-FILMS &#8222;<a href=\"https:\/\/www.jura-films.ch\/contact\/\">Kontakt<\/a>&#8222;&#8220;<\/p>\n<p>Drehbuch und Regie Lucienne Lanaz<br \/>\nDrehbuchmitarbeiter Lucienne Lanaz, Richard Ritterbusch<br \/>\nDarsteller Hans Aichinger, Uschi Dolge, Maya L\u00f6ffler, Bernd M\u00fcller, Maria Planitzer, Wolfram Witt<br \/>\nKamera Hans-Toni Aschwanden<br \/>\nSkript \/ Schnitt Greti Klay<br \/>\nMusik Hans Koch<br \/>\nTechnische Mitarbeiter DEFA, RDA<\/p>\n<p>SYNOPSIS<\/p>\n<p>Unsere filmische Reise durch ein sozialistisches Land ist auf Entdeckungen aus und will ein Bild vom Lebensgef\u00fchl und der Lebensweise von einigen Bewohnern der DDR vermitteln. Die sechs Menschen, die wir auf den Stationen unserer Reise portr\u00e4tieren, sind meist Intellektuelle oder K\u00fcnstler und ein tieferlotender Blick wird m\u00f6glich durch die langj\u00e4hrige Freundschaft zu ihnen. Alle haben sich ei\u00adnen individuellen Freiraum geschaffen, ob als Aussensei\u00adter oder als integrierte Pers\u00f6nlichkeit. Sichtweisen und Blick auf diese Freunde sind bestimmt durch die Subjekti\u00advit\u00e4t der Regisseurin, einer Subjektivit\u00e4t, die sich nicht ver\u00adbirgt, sondern voller Entdeckungslust \u00f6ffnet und auch nicht unkritisch verhalt.<\/p>\n<p>Der Film wurde im Sommer 1988 gedreht, der Epilog w\u00e4h\u00adrend den historischen Ereignissen im November 1989.<\/p>\n<p><div class=\"wonderpluginslider-container\" id=\"wonderpluginslider-container-9\" style=\"max-width:540px;margin:0 auto;padding-left:0px;padding-right:0px;padding-top:0px;padding-bottom:0px;\"><div class=\"wonderpluginslider\" id=\"wonderpluginslider-9\" data-sliderid=\"9\" data-width=\"540\" data-height=\"360\" data-skin=\"cube\" data-autoplay=\"true\" data-randomplay=\"false\" data-loadimageondemand=\"false\" data-transitiononfirstslide=\"false\" data-autoplayvideo=\"false\" data-isresponsive=\"true\" data-fullwidth=\"false\" data-isfullscreen=\"false\" data-ratioresponsive=\"false\" data-showtext=\"true\" data-showtimer=\"true\" data-showbottomshadow=\"true\" data-navshowpreview=\"true\" data-textautohide=\"true\" data-lightboxresponsive=\"true\" data-lightboxshownavigation=\"false\" data-lightboxshowtitle=\"true\" data-lightboxshowdescription=\"false\" data-texteffectresponsive=\"true\" data-donotinit=\"false\" data-addinitscript=\"false\" data-lightboxfullscreenmode=\"false\" data-lightboxcloseonoverlay=\"true\" data-lightboxvideohidecontrols=\"false\" data-lightboxnogroup=\"false\" data-lightboxautoslide=\"false\" data-lightboxshowtimer=\"true\" data-lightboxshowplaybutton=\"true\" data-lightboxalwaysshownavarrows=\"false\" data-lightboxshowtitleprefix=\"true\" data-titleusealt=\"false\" data-outputtext=\"false\" data-scalemode=\"fit\" data-arrowstyle=\"always\" data-transition=\"fade\" data-loop=\"0\" data-border=\"0\" data-slideinterval=\"8000\" data-arrowimage=\"arrows-36-80-0.png\" data-arrowwidth=\"36\" data-arrowheight=\"80\" data-arrowtop=\"50\" data-arrowmargin=\"-18\" data-navstyle=\"bullets\" data-navimage=\"bullet-24-24-1.png\" data-navwidth=\"24\" data-navheight=\"24\" data-navspacing=\"8\" data-navmarginx=\"16\" data-navmarginy=\"16\" data-navposition=\"bottom\" data-playvideoimage=\"playvideo-64-64-0.png\" data-playvideoimagewidth=\"64\" data-playvideoimageheight=\"64\" data-lightboxthumbwidth=\"90\" data-lightboxthumbheight=\"60\" data-lightboxthumbtopmargin=\"12\" data-lightboxthumbbottommargin=\"4\" data-lightboxbarheight=\"64\" data-lightboxtitlebottomcss=\"color:#333; font-size:14px; font-family:Armata,sans-serif,Arial; overflow:hidden; text-align:left;\" data-lightboxdescriptionbottomcss=\"color:#333; font-size:12px; font-family:Arial,Helvetica,sans-serif; overflow:hidden; text-align:left; margin:4px 0px 0px; padding: 0px;\" data-textformat=\"Color box\" data-textpositionstatic=\"bottom\" data-textpositiondynamic=\"bottomleft\" data-paddingleft=\"0\" data-paddingright=\"0\" data-paddingtop=\"0\" data-paddingbottom=\"0\" data-texteffectresponsivesize=\"640\" data-fadeduration=\"1000\" data-crossfadeduration=\"1000\" data-slideduration=\"1000\" data-elasticduration=\"1000\" data-sliceduration=\"1500\" data-blindsduration=\"1500\" data-blocksduration=\"1500\" data-shuffleduration=\"1500\" data-tilesduration=\"2000\" data-kenburnsduration=\"5000\" data-flipduration=\"1500\" data-flipwithzoomduration=\"2000\" data-threedduration=\"1500\" data-threedhorizontalduration=\"1500\" data-threedwithzoomduration=\"2500\" data-threedhorizontalwithzoomduration=\"2200\" data-threedflipduration=\"1500\" data-threedflipwithzoomduration=\"2000\" data-threedtilesduration=\"2000\" data-threedfallback=\"flip\" data-threedhorizontalfallback=\"flip\" data-threedwithzoomfallback=\"flipwithzoom\" data-threedhorizontalwithzoomfallback=\"flipwithzoom\" data-threedflipfallback=\"flip\" data-threedflipwithzoomfallback=\"flipwithzoom\" data-threedtilesfallback=\"tiles\" data-ratiomediumscreen=\"800\" data-ratiomediumheight=\"1.2\" data-ratiosmallscreen=\"480\" data-ratiosmallheight=\"1.6\" data-lightboxtitlestyle=\"bottom\" data-lightboximagepercentage=\"75\" data-lightboxdefaultvideovolume=\"1\" data-lightboxoverlaybgcolor=\"#000\" data-lightboxoverlayopacity=\"0.9\" data-lightboxbgcolor=\"#fff\" data-lightboxtitleprefix=\"%NUM \/ %TOTAL\" data-lightboxtitleinsidecss=\"color:#fff; font-size:16px; font-family:Arial,Helvetica,sans-serif; overflow:hidden; text-align:left;\" data-lightboxdescriptioninsidecss=\"color:#fff; font-size:12px; font-family:Arial,Helvetica,sans-serif; overflow:hidden; text-align:left; margin:4px 0px 0px; padding: 0px;\" data-lightboxslideinterval=\"5000\" data-lightboxtimerposition=\"bottom\" data-lightboxtimercolor=\"#dc572e\" data-lightboxtimeropacity=\"1\" data-lightboxbordersize=\"8\" data-lightboxborderradius=\"0\" data-textcss=\"display:block; padding:8px 16px; text-align:left;\" data-textbgcss=\"display:none;\" data-titlecss=\"display:table; position:relative; font:bold 14px &quot;Lucida Sans Unicode&quot;,&quot;Lucida Grande&quot;,sans-serif,Arial; color:#fff; white-space:nowrap; background-color:#f7a020; padding:10px;\" data-descriptioncss=\"display:block; position:relative; font:12px &quot;Lucida Sans Unicode&quot;,&quot;Lucida Grande&quot;,sans-serif,Arial; color:#fff;  background-color:#e04000; margin-top:10px; padding:10px;\" data-buttoncss=\"display:block; position:relative; margin-top:10px;\" data-titlecssresponsive=\"font-size:12px;\" data-descriptioncssresponsive=\"display:none !important;\" data-buttoncssresponsive=\"\" data-jsfolder=\"https:\/\/www.jura-films.ch\/wp-content\/plugins\/wonderplugin-slider-lite\/engine\/\" style=\"display:none;\" ><ul class=\"amazingslider-slides\"  style=\"display:none;\"><li><img decoding=\"async\" class=\"amazingslider-img-elem amazingsliderimg\" src=\"https:\/\/www.jura-films.ch\/wp-content\/uploads\/2016\/11\/DDR-1-photo-affiche.jpg\" alt=\"ddr 1\" title=\"ddr 1\" data-description=\"\" \/><\/li><li><img decoding=\"async\" class=\"amazingslider-img-elem amazingsliderimg\" src=\"https:\/\/www.jura-films.ch\/wp-content\/uploads\/2016\/11\/DDR-2-tournage.jpg\" alt=\"ddr 2 tournage\" title=\"ddr 2 tournage\" data-description=\"\" \/><\/li><li><img decoding=\"async\" class=\"amazingslider-img-elem amazingsliderimg\" src=\"https:\/\/www.jura-films.ch\/wp-content\/uploads\/2016\/11\/DDR-3-Berndt-.jpg\" alt=\"ddr 3 Berndt\" title=\"ddr 3 Berndt\" data-description=\"\" \/><\/li><li><img decoding=\"async\" class=\"amazingslider-img-elem amazingsliderimg\" src=\"https:\/\/www.jura-films.ch\/wp-content\/uploads\/2016\/11\/DDR-4-Maya.jpg\" alt=\"ddr 4 Maya\" title=\"ddr 4 Maya\" data-description=\"\" \/><\/li><li><img decoding=\"async\" class=\"amazingslider-img-elem amazingsliderimg\" src=\"https:\/\/www.jura-films.ch\/wp-content\/uploads\/2016\/11\/DDR-5-Wolfram.jpg\" alt=\"ddr 5 Wolfram\" title=\"ddr 5 Wolfram\" data-description=\"\" \/><\/li><li><img decoding=\"async\" class=\"amazingslider-img-elem amazingsliderimg\" src=\"https:\/\/www.jura-films.ch\/wp-content\/uploads\/2016\/11\/DDR-6-Uschi.jpg\" alt=\"ddr 6 Uschi\" title=\"ddr 6 Uschi\" data-description=\"\" \/><\/li><li><img decoding=\"async\" class=\"amazingslider-img-elem amazingsliderimg\" src=\"https:\/\/www.jura-films.ch\/wp-content\/uploads\/2016\/11\/DDR-6-Maria.jpg\" alt=\"ddr 7 Maria\" title=\"ddr 7 Maria\" data-description=\"\" \/><\/li><li><img decoding=\"async\" class=\"amazingslider-img-elem amazingsliderimg\" src=\"https:\/\/www.jura-films.ch\/wp-content\/uploads\/2016\/11\/DDR-8-Hans.jpg\" alt=\"ddr 8 Hans\" title=\"ddr 8 Hans\" data-description=\"\" \/><\/li><li><img decoding=\"async\" class=\"amazingslider-img-elem amazingsliderimg\" src=\"https:\/\/www.jura-films.ch\/wp-content\/uploads\/2016\/11\/DDR-7-Hans.jpg\" alt=\"ddr 9 Hans\" title=\"ddr 9 Hans\" data-description=\"\" \/><\/li><\/ul><ul class=\"amazingslider-thumbnails\"  style=\"display:none;\"><li><img decoding=\"async\" class=\"amazingslider-thumbnail-elem amazingsliderthumbnailimg\" src=\"https:\/\/www.jura-films.ch\/wp-content\/uploads\/2016\/11\/DDR-1-photo-affiche-150x150.jpg\" alt=\"ddr 1\" title=\"ddr 1\" data-description=\"\" \/><\/li><li><img decoding=\"async\" class=\"amazingslider-thumbnail-elem amazingsliderthumbnailimg\" src=\"https:\/\/www.jura-films.ch\/wp-content\/uploads\/2016\/11\/DDR-2-tournage-150x150.jpg\" alt=\"ddr 2 tournage\" title=\"ddr 2 tournage\" data-description=\"\" \/><\/li><li><img decoding=\"async\" class=\"amazingslider-thumbnail-elem amazingsliderthumbnailimg\" src=\"https:\/\/www.jura-films.ch\/wp-content\/uploads\/2016\/11\/DDR-3-Berndt--150x150.jpg\" alt=\"ddr 3 Berndt\" title=\"ddr 3 Berndt\" data-description=\"\" \/><\/li><li><img decoding=\"async\" class=\"amazingslider-thumbnail-elem amazingsliderthumbnailimg\" src=\"https:\/\/www.jura-films.ch\/wp-content\/uploads\/2016\/11\/DDR-4-Maya-150x150.jpg\" alt=\"ddr 4 Maya\" title=\"ddr 4 Maya\" data-description=\"\" \/><\/li><li><img decoding=\"async\" class=\"amazingslider-thumbnail-elem amazingsliderthumbnailimg\" src=\"https:\/\/www.jura-films.ch\/wp-content\/uploads\/2016\/11\/DDR-5-Wolfram-150x150.jpg\" alt=\"ddr 5 Wolfram\" title=\"ddr 5 Wolfram\" data-description=\"\" \/><\/li><li><img decoding=\"async\" class=\"amazingslider-thumbnail-elem amazingsliderthumbnailimg\" src=\"https:\/\/www.jura-films.ch\/wp-content\/uploads\/2016\/11\/DDR-6-Uschi-150x150.jpg\" alt=\"ddr 6 Uschi\" title=\"ddr 6 Uschi\" data-description=\"\" \/><\/li><li><img decoding=\"async\" class=\"amazingslider-thumbnail-elem amazingsliderthumbnailimg\" src=\"https:\/\/www.jura-films.ch\/wp-content\/uploads\/2016\/11\/DDR-6-Maria-150x150.jpg\" alt=\"ddr 7 Maria\" title=\"ddr 7 Maria\" data-description=\"\" \/><\/li><li><img decoding=\"async\" class=\"amazingslider-thumbnail-elem amazingsliderthumbnailimg\" src=\"https:\/\/www.jura-films.ch\/wp-content\/uploads\/2016\/11\/DDR-8-Hans-150x150.jpg\" alt=\"ddr 8 Hans\" title=\"ddr 8 Hans\" data-description=\"\" \/><\/li><li><img decoding=\"async\" class=\"amazingslider-thumbnail-elem amazingsliderthumbnailimg\" src=\"https:\/\/www.jura-films.ch\/wp-content\/uploads\/2016\/11\/DDR-7-Hans-150x150.jpg\" alt=\"ddr 9 Hans\" title=\"ddr 9 Hans\" data-description=\"\" \/><\/li><\/ul><\/div><\/div><\/p>","protected":false},"excerpt":{"rendered":"<p>MEINE FREUNDE IN DER DDR Mit EPILOG, w\u00e4hrend den historischen Ereignissen im November 1989 nachgedreht. Dokumentarfilm, 1989\/90 &#8211; 100 Minuten &#8211; 16 mm, Farbe Verkauf : JURA-FILMS &#8222;Kontakt&#8222;&#8220; Drehbuch und Regie Lucienne Lanaz Drehbuchmitarbeiter Lucienne Lanaz, Richard Ritterbusch Darsteller Hans Aichinger, Uschi Dolge, Maya L\u00f6ffler, Bernd M\u00fcller, Maria Planitzer, Wolfram Witt Kamera Hans-Toni Aschwanden Skript [&hellip;]<\/p>\n","protected":false},"author":1,"featured_media":0,"parent":18,"menu_order":0,"comment_status":"closed","ping_status":"closed","template":"","meta":{"footnotes":""},"class_list":["post-410","page","type-page","status-publish","hentry"],"_links":{"self":[{"href":"https:\/\/www.jura-films.ch\/de\/wp-json\/wp\/v2\/pages\/410","targetHints":{"allow":["GET"]}}],"collection":[{"href":"https:\/\/www.jura-films.ch\/de\/wp-json\/wp\/v2\/pages"}],"about":[{"href":"https:\/\/www.jura-films.ch\/de\/wp-json\/wp\/v2\/types\/page"}],"author":[{"embeddable":true,"href":"https:\/\/www.jura-films.ch\/de\/wp-json\/wp\/v2\/users\/1"}],"replies":[{"embeddable":true,"href":"https:\/\/www.jura-films.ch\/de\/wp-json\/wp\/v2\/comments?post=410"}],"version-history":[{"count":6,"href":"https:\/\/www.jura-films.ch\/de\/wp-json\/wp\/v2\/pages\/410\/revisions"}],"predecessor-version":[{"id":807,"href":"https:\/\/www.jura-films.ch\/de\/wp-json\/wp\/v2\/pages\/410\/revisions\/807"}],"up":[{"embeddable":true,"href":"https:\/\/www.jura-films.ch\/de\/wp-json\/wp\/v2\/pages\/18"}],"wp:attachment":[{"href":"https:\/\/www.jura-films.ch\/de\/wp-json\/wp\/v2\/media?parent=410"}],"curies":[{"name":"wp","href":"https:\/\/api.w.org\/{rel}","templated":true}]}}