{"id":375,"date":"2016-11-01T17:38:56","date_gmt":"2016-11-01T16:38:56","guid":{"rendered":"https:\/\/www.jura-films.ch\/?page_id=375"},"modified":"2023-07-15T16:50:22","modified_gmt":"2023-07-15T14:50:22","slug":"cauchemars-de-derriere-les-barreaux","status":"publish","type":"page","link":"https:\/\/www.jura-films.ch\/de\/production\/cauchemars-de-derriere-les-barreaux\/","title":{"rendered":"ALPTR\u00c4UME\u2026 hinter Gittern"},"content":{"rendered":"<p><a href=\"https:\/\/www.jura-films.ch\/wp-content\/uploads\/2016\/11\/Cauchemars-prospect.jpg\"><img loading=\"lazy\" decoding=\"async\" class=\"alignleft wp-image-376\" title=\"Alptr\u00e4ume\" src=\"https:\/\/www.jura-films.ch\/wp-content\/uploads\/2016\/11\/Cauchemars-prospect-209x300.jpg\" alt=\"cauchemars-prospect\" width=\"150\" height=\"215\" srcset=\"https:\/\/www.jura-films.ch\/wp-content\/uploads\/2016\/11\/Cauchemars-prospect-209x300.jpg 209w, https:\/\/www.jura-films.ch\/wp-content\/uploads\/2016\/11\/Cauchemars-prospect-768x1101.jpg 768w, https:\/\/www.jura-films.ch\/wp-content\/uploads\/2016\/11\/Cauchemars-prospect-715x1024.jpg 715w, https:\/\/www.jura-films.ch\/wp-content\/uploads\/2016\/11\/Cauchemars-prospect.jpg 1531w\" sizes=\"auto, (max-width: 150px) 100vw, 150px\" \/><\/a>ALPTR\u00c4UME\u2026 hinter Gittern<\/p>\n<p>Spielfilm 12 Minuten &#8211; Video, Farbe<\/p>\n<p>Originalversion franz\u00f6sisch mit deutschen Untertiteln<\/p>\n<p>Verkauf : JURA-FILMS &#8222;<a href=\"https:\/\/www.jura-films.ch\/contact\/\">Kontakt<\/a>&#8220;<\/p>\n<p>Regie \/ Schnitt Lucienne Lanaz<br \/>\nIdee \/ Kamera \/ Schnitt Olivier Bernard<br \/>\nDrehbuch Izet Lji mani, Alilou Aibda, Christian Dubrit, Sami Ghali,<br \/>\nTon O.Bernard, M.Germini, G.Hamilton<br \/>\nDarsteller A.Aibda, Ch.Dubrit, J.-CI.Duquesnoy, S.Ghali, I.Ljimani, G.Detraz, M.Berset<br \/>\nMusik Popol Lavanchy \/ Marc Champod<br \/>\nKoordination Eric Ouvrard<br \/>\nPostproduktion Vid\u00e9ographe Gen\u00e8ve<br \/>\nProduction EPO\/ADCAP, CH-1350 Orbe, JURA-FILMS, CH-2745 Grandval<\/p>\n<p>SYNOPSIS<\/p>\n<p>Dieser Film wurde in der Schweizer M\u00e4nnerstrafanstalt (EPO), Orb, von Str\u00e4flingen konzipiert und gedreht. Die M\u00e4nner arbei\u00acteten nach eigenen Ideen unter Betreuung und Anleitung der Regisseurin Lucienne Lanaz. Dieses aussergew\u00f6hnliche Experiment zeigt die Sorgen und Phantasien, die die Strafgefangenen bewegen.<\/p>\n<p><div class=\"wonderpluginslider-container\" id=\"wonderpluginslider-container-7\" style=\"max-width:540px;margin:0 auto;padding-left:0px;padding-right:0px;padding-top:0px;padding-bottom:0px;\"><div class=\"wonderpluginslider\" id=\"wonderpluginslider-7\" data-sliderid=\"7\" data-width=\"540\" data-height=\"360\" data-skin=\"cube\" data-autoplay=\"true\" data-randomplay=\"false\" data-loadimageondemand=\"false\" data-transitiononfirstslide=\"false\" data-autoplayvideo=\"false\" data-isresponsive=\"true\" data-fullwidth=\"false\" data-isfullscreen=\"false\" data-ratioresponsive=\"false\" data-showtext=\"true\" data-showtimer=\"true\" data-showbottomshadow=\"true\" data-navshowpreview=\"true\" data-textautohide=\"true\" data-lightboxresponsive=\"true\" data-lightboxshownavigation=\"false\" data-lightboxshowtitle=\"true\" data-lightboxshowdescription=\"false\" data-texteffectresponsive=\"true\" data-donotinit=\"false\" data-addinitscript=\"false\" data-lightboxfullscreenmode=\"false\" data-lightboxcloseonoverlay=\"true\" data-lightboxvideohidecontrols=\"false\" data-lightboxnogroup=\"false\" data-lightboxautoslide=\"false\" data-lightboxshowtimer=\"true\" data-lightboxshowplaybutton=\"true\" data-lightboxalwaysshownavarrows=\"false\" data-lightboxshowtitleprefix=\"true\" data-titleusealt=\"false\" data-outputtext=\"false\" data-scalemode=\"fit\" data-arrowstyle=\"always\" data-transition=\"fade\" data-loop=\"0\" data-border=\"0\" data-slideinterval=\"8000\" data-arrowimage=\"arrows-36-80-0.png\" data-arrowwidth=\"36\" data-arrowheight=\"80\" data-arrowtop=\"50\" data-arrowmargin=\"-18\" data-navstyle=\"bullets\" data-navimage=\"bullet-24-24-1.png\" data-navwidth=\"24\" data-navheight=\"24\" data-navspacing=\"8\" data-navmarginx=\"16\" data-navmarginy=\"16\" data-navposition=\"bottom\" data-playvideoimage=\"playvideo-64-64-0.png\" data-playvideoimagewidth=\"64\" data-playvideoimageheight=\"64\" data-lightboxthumbwidth=\"90\" data-lightboxthumbheight=\"60\" data-lightboxthumbtopmargin=\"12\" data-lightboxthumbbottommargin=\"4\" data-lightboxbarheight=\"64\" data-lightboxtitlebottomcss=\"color:#333; font-size:14px; font-family:Armata,sans-serif,Arial; overflow:hidden; text-align:left;\" data-lightboxdescriptionbottomcss=\"color:#333; font-size:12px; font-family:Arial,Helvetica,sans-serif; overflow:hidden; text-align:left; margin:4px 0px 0px; padding: 0px;\" data-textformat=\"Color box\" data-textpositionstatic=\"bottom\" data-textpositiondynamic=\"bottomleft\" data-paddingleft=\"0\" data-paddingright=\"0\" data-paddingtop=\"0\" data-paddingbottom=\"0\" data-texteffectresponsivesize=\"640\" data-fadeduration=\"1000\" data-crossfadeduration=\"1000\" data-slideduration=\"1000\" data-elasticduration=\"1000\" data-sliceduration=\"1500\" data-blindsduration=\"1500\" data-blocksduration=\"1500\" data-shuffleduration=\"1500\" data-tilesduration=\"2000\" data-kenburnsduration=\"5000\" data-flipduration=\"1500\" data-flipwithzoomduration=\"2000\" data-threedduration=\"1500\" data-threedhorizontalduration=\"1500\" data-threedwithzoomduration=\"2500\" data-threedhorizontalwithzoomduration=\"2200\" data-threedflipduration=\"1500\" data-threedflipwithzoomduration=\"2000\" data-threedtilesduration=\"2000\" data-threedfallback=\"flip\" data-threedhorizontalfallback=\"flip\" data-threedwithzoomfallback=\"flipwithzoom\" data-threedhorizontalwithzoomfallback=\"flipwithzoom\" data-threedflipfallback=\"flip\" data-threedflipwithzoomfallback=\"flipwithzoom\" data-threedtilesfallback=\"tiles\" data-ratiomediumscreen=\"800\" data-ratiomediumheight=\"1.2\" data-ratiosmallscreen=\"480\" data-ratiosmallheight=\"1.6\" data-lightboxtitlestyle=\"bottom\" data-lightboximagepercentage=\"75\" data-lightboxdefaultvideovolume=\"1\" data-lightboxoverlaybgcolor=\"#000\" data-lightboxoverlayopacity=\"0.9\" data-lightboxbgcolor=\"#fff\" data-lightboxtitleprefix=\"%NUM \/ %TOTAL\" data-lightboxtitleinsidecss=\"color:#fff; font-size:16px; font-family:Arial,Helvetica,sans-serif; overflow:hidden; text-align:left;\" data-lightboxdescriptioninsidecss=\"color:#fff; font-size:12px; font-family:Arial,Helvetica,sans-serif; overflow:hidden; text-align:left; margin:4px 0px 0px; padding: 0px;\" data-lightboxslideinterval=\"5000\" data-lightboxtimerposition=\"bottom\" data-lightboxtimercolor=\"#dc572e\" data-lightboxtimeropacity=\"1\" data-lightboxbordersize=\"8\" data-lightboxborderradius=\"0\" data-textcss=\"display:block; padding:8px 16px; text-align:left;\" data-textbgcss=\"display:none;\" data-titlecss=\"display:table; position:relative; font:bold 14px &quot;Lucida Sans Unicode&quot;,&quot;Lucida Grande&quot;,sans-serif,Arial; color:#fff; white-space:nowrap; background-color:#f7a020; padding:10px;\" data-descriptioncss=\"display:block; position:relative; font:12px &quot;Lucida Sans Unicode&quot;,&quot;Lucida Grande&quot;,sans-serif,Arial; color:#fff;  background-color:#e04000; margin-top:10px; padding:10px;\" data-buttoncss=\"display:block; position:relative; margin-top:10px;\" data-titlecssresponsive=\"font-size:12px;\" data-descriptioncssresponsive=\"display:none !important;\" data-buttoncssresponsive=\"\" data-jsfolder=\"https:\/\/www.jura-films.ch\/wp-content\/plugins\/wonderplugin-slider-lite\/engine\/\" style=\"display:none;\" ><ul class=\"amazingslider-slides\"  style=\"display:none;\"><li><img decoding=\"async\" class=\"amazingslider-img-elem amazingsliderimg\" src=\"https:\/\/www.jura-films.ch\/wp-content\/uploads\/2016\/11\/Cauchemars-1.jpg\" alt=\"cauchemars 1\" title=\"cauchemars 1\" data-description=\"\" \/><\/li><li><img decoding=\"async\" class=\"amazingslider-img-elem amazingsliderimg\" src=\"https:\/\/www.jura-films.ch\/wp-content\/uploads\/2016\/11\/Cauchemars-2.jpg\" alt=\"cauchemars 2\" title=\"cauchemars 2\" data-description=\"\" \/><\/li><li><img decoding=\"async\" class=\"amazingslider-img-elem amazingsliderimg\" src=\"https:\/\/www.jura-films.ch\/wp-content\/uploads\/2016\/11\/Cauchemars-3.jpg\" alt=\"cauchemars 3\" title=\"cauchemars 3\" data-description=\"\" \/><\/li><li><img decoding=\"async\" class=\"amazingslider-img-elem amazingsliderimg\" src=\"https:\/\/www.jura-films.ch\/wp-content\/uploads\/2016\/11\/Cauchemars-4.jpg\" alt=\"cauchemars 4\" title=\"cauchemars 4\" data-description=\"\" \/><\/li><li><img decoding=\"async\" class=\"amazingslider-img-elem amazingsliderimg\" src=\"https:\/\/www.jura-films.ch\/wp-content\/uploads\/2016\/11\/Cauchemars-5.jpg\" alt=\"cauchemars 5\" title=\"cauchemars 5\" data-description=\"\" \/><\/li><li><img decoding=\"async\" class=\"amazingslider-img-elem amazingsliderimg\" src=\"https:\/\/www.jura-films.ch\/wp-content\/uploads\/2016\/11\/Cauchemars-6.jpg\" alt=\"cauchemars 6\" title=\"cauchemars 6\" data-description=\"\" \/><\/li><li><img decoding=\"async\" class=\"amazingslider-img-elem amazingsliderimg\" src=\"https:\/\/www.jura-films.ch\/wp-content\/uploads\/2016\/11\/Cauchemars-7.jpg\" alt=\"cauchemars 7\" title=\"cauchemars 7\" data-description=\"\" \/><\/li><li><img decoding=\"async\" class=\"amazingslider-img-elem amazingsliderimg\" src=\"https:\/\/www.jura-films.ch\/wp-content\/uploads\/2016\/11\/Cauchemars-8.jpg\" alt=\"cauchemars 8\" title=\"cauchemars 8\" data-description=\"\" \/><\/li><\/ul><ul class=\"amazingslider-thumbnails\"  style=\"display:none;\"><li><img decoding=\"async\" class=\"amazingslider-thumbnail-elem amazingsliderthumbnailimg\" src=\"https:\/\/www.jura-films.ch\/wp-content\/uploads\/2016\/11\/Cauchemars-1-150x150.jpg\" alt=\"cauchemars 1\" title=\"cauchemars 1\" data-description=\"\" \/><\/li><li><img decoding=\"async\" class=\"amazingslider-thumbnail-elem amazingsliderthumbnailimg\" src=\"https:\/\/www.jura-films.ch\/wp-content\/uploads\/2016\/11\/Cauchemars-2-150x150.jpg\" alt=\"cauchemars 2\" title=\"cauchemars 2\" data-description=\"\" \/><\/li><li><img decoding=\"async\" class=\"amazingslider-thumbnail-elem amazingsliderthumbnailimg\" src=\"https:\/\/www.jura-films.ch\/wp-content\/uploads\/2016\/11\/Cauchemars-3-150x150.jpg\" alt=\"cauchemars 3\" title=\"cauchemars 3\" data-description=\"\" \/><\/li><li><img decoding=\"async\" class=\"amazingslider-thumbnail-elem amazingsliderthumbnailimg\" src=\"https:\/\/www.jura-films.ch\/wp-content\/uploads\/2016\/11\/Cauchemars-4-150x150.jpg\" alt=\"cauchemars 4\" title=\"cauchemars 4\" data-description=\"\" \/><\/li><li><img decoding=\"async\" class=\"amazingslider-thumbnail-elem amazingsliderthumbnailimg\" src=\"https:\/\/www.jura-films.ch\/wp-content\/uploads\/2016\/11\/Cauchemars-5-150x150.jpg\" alt=\"cauchemars 5\" title=\"cauchemars 5\" data-description=\"\" \/><\/li><li><img decoding=\"async\" class=\"amazingslider-thumbnail-elem amazingsliderthumbnailimg\" src=\"https:\/\/www.jura-films.ch\/wp-content\/uploads\/2016\/11\/Cauchemars-6-150x150.jpg\" alt=\"cauchemars 6\" title=\"cauchemars 6\" data-description=\"\" \/><\/li><li><img decoding=\"async\" class=\"amazingslider-thumbnail-elem amazingsliderthumbnailimg\" src=\"https:\/\/www.jura-films.ch\/wp-content\/uploads\/2016\/11\/Cauchemars-7-150x150.jpg\" alt=\"cauchemars 7\" title=\"cauchemars 7\" data-description=\"\" \/><\/li><li><img decoding=\"async\" class=\"amazingslider-thumbnail-elem amazingsliderthumbnailimg\" src=\"https:\/\/www.jura-films.ch\/wp-content\/uploads\/2016\/11\/Cauchemars-8-150x150.jpg\" alt=\"cauchemars 8\" title=\"cauchemars 8\" data-description=\"\" \/><\/li><\/ul><\/div><\/div><\/p>","protected":false},"excerpt":{"rendered":"<p>ALPTR\u00c4UME\u2026 hinter Gittern Spielfilm 12 Minuten &#8211; Video, Farbe Originalversion franz\u00f6sisch mit deutschen Untertiteln Verkauf : JURA-FILMS &#8222;Kontakt&#8220; Regie \/ Schnitt Lucienne Lanaz Idee \/ Kamera \/ Schnitt Olivier Bernard Drehbuch Izet Lji mani, Alilou Aibda, Christian Dubrit, Sami Ghali, Ton O.Bernard, M.Germini, G.Hamilton Darsteller A.Aibda, Ch.Dubrit, J.-CI.Duquesnoy, S.Ghali, I.Ljimani, G.Detraz, M.Berset Musik Popol Lavanchy [&hellip;]<\/p>\n","protected":false},"author":1,"featured_media":0,"parent":18,"menu_order":0,"comment_status":"closed","ping_status":"closed","template":"","meta":{"footnotes":""},"class_list":["post-375","page","type-page","status-publish","hentry"],"_links":{"self":[{"href":"https:\/\/www.jura-films.ch\/de\/wp-json\/wp\/v2\/pages\/375","targetHints":{"allow":["GET"]}}],"collection":[{"href":"https:\/\/www.jura-films.ch\/de\/wp-json\/wp\/v2\/pages"}],"about":[{"href":"https:\/\/www.jura-films.ch\/de\/wp-json\/wp\/v2\/types\/page"}],"author":[{"embeddable":true,"href":"https:\/\/www.jura-films.ch\/de\/wp-json\/wp\/v2\/users\/1"}],"replies":[{"embeddable":true,"href":"https:\/\/www.jura-films.ch\/de\/wp-json\/wp\/v2\/comments?post=375"}],"version-history":[{"count":10,"href":"https:\/\/www.jura-films.ch\/de\/wp-json\/wp\/v2\/pages\/375\/revisions"}],"predecessor-version":[{"id":1151,"href":"https:\/\/www.jura-films.ch\/de\/wp-json\/wp\/v2\/pages\/375\/revisions\/1151"}],"up":[{"embeddable":true,"href":"https:\/\/www.jura-films.ch\/de\/wp-json\/wp\/v2\/pages\/18"}],"wp:attachment":[{"href":"https:\/\/www.jura-films.ch\/de\/wp-json\/wp\/v2\/media?parent=375"}],"curies":[{"name":"wp","href":"https:\/\/api.w.org\/{rel}","templated":true}]}}