{"id":296,"date":"2016-10-29T09:07:43","date_gmt":"2016-10-29T07:07:43","guid":{"rendered":"https:\/\/www.jura-films.ch\/?page_id=296"},"modified":"2023-07-15T12:28:56","modified_gmt":"2023-07-15T10:28:56","slug":"trois-gouttes-pour-le-futur","status":"publish","type":"page","link":"https:\/\/www.jura-films.ch\/de\/production\/trois-gouttes-pour-le-futur\/","title":{"rendered":"DREI TROPFEN F\u00dcR DIE ZUKUNFT"},"content":{"rendered":"<p><\/p>\n<h3><a href=\"https:\/\/www.jura-films.ch\/wp-content\/uploads\/2016\/10\/3-gouttes-affiche-1-1.jpg\"><img loading=\"lazy\" decoding=\"async\" class=\"alignleft wp-image-294\" title=\"3 gouttes pour le futur\" src=\"https:\/\/www.jura-films.ch\/wp-content\/uploads\/2016\/10\/3-gouttes-affiche-1-1-150x150.jpg\" alt=\"3-gouttes-affiche-1\" width=\"150\" height=\"219\" srcset=\"https:\/\/www.jura-films.ch\/wp-content\/uploads\/2016\/10\/3-gouttes-affiche-1-1-206x300.jpg 206w, https:\/\/www.jura-films.ch\/wp-content\/uploads\/2016\/10\/3-gouttes-affiche-1-1.jpg 549w\" sizes=\"auto, (max-width: 150px) 100vw, 150px\" \/><\/a>DREI TROPFEN F\u00dcR DIE ZUKUNFT (Trilogie)<\/h3>\n<p>(Die Trilogie enth\u00e4lt &#8222;MANEGBDZANGA&#8220;, &#8222;DAS HAUS DES HERZENS&#8220; und &#8222;W\u00dcRDE IM STRAFVOLLZUG&#8220;)<\/p>\n<p>(Trilogie ohne deutsche Untertitel)<\/p>\n<p>Verkauf : JURA-FILMS &#8222;<a href=\"https:\/\/www.jura-films.ch\/contact\/\">Kontakt <\/a>&#8220;<\/p>\n<p>&#8222;<strong>MANEGBDZANGA<\/strong>&#8220; &#8211; Entwicklung f\u00fcr alle<\/p>\n<p>Gedreht in Burkina Faso mit der Beteiligung, unter anderen, von Paul Taryam Ilboudo, Johanne Letourneau und Marianne Enckell<\/p>\n<p>Dokumentarfilm, 1996 &#8211; 20 Minuten &#8211; Video, Farbe<\/p>\n<p>Originalversion franz\u00f6sisch (ohne deutsche Untertitel)<\/p>\n<p>Drehbuch und Regie Lucienne Lanaz<br \/>\nKamera Willy Schild<br \/>\nSchnitt Lucienne Lanaz, Nicole Leu<br \/>\nTon Issa Traor\u00e9, Willy Schild<br \/>\nAssistenz Anne Monnier, G\u00e9rard Huther<br \/>\nMusik Les Fr\u00e8res Coulibaly<br \/>\nPostproduktion TVF SA, Gen\u00e8ve<\/p>\n<p><a href=\"https:\/\/www.jura-films.ch\/wp-content\/uploads\/2016\/10\/Manegbdzanga-1.jpg\"><img loading=\"lazy\" decoding=\"async\" class=\"alignleft wp-image-318\" title=\"manegbdzanga\" src=\"https:\/\/www.jura-films.ch\/wp-content\/uploads\/2016\/10\/Manegbdzanga-1-150x150.jpg\" alt=\"manegbdzanga-1\" width=\"213\" height=\"150\" srcset=\"https:\/\/www.jura-films.ch\/wp-content\/uploads\/2016\/10\/Manegbdzanga-1-300x211.jpg 300w, https:\/\/www.jura-films.ch\/wp-content\/uploads\/2016\/10\/Manegbdzanga-1-768x541.jpg 768w, https:\/\/www.jura-films.ch\/wp-content\/uploads\/2016\/10\/Manegbdzanga-1-1024x721.jpg 1024w, https:\/\/www.jura-films.ch\/wp-content\/uploads\/2016\/10\/Manegbdzanga-1-400x280.jpg 400w, https:\/\/www.jura-films.ch\/wp-content\/uploads\/2016\/10\/Manegbdzanga-1.jpg 1140w\" sizes=\"auto, (max-width: 213px) 100vw, 213px\" \/><\/a><a href=\"https:\/\/www.jura-films.ch\/wp-content\/uploads\/2016\/10\/Manegbdzanga-2.jpg\"><img loading=\"lazy\" decoding=\"async\" class=\"alignleft wp-image-324\" title=\"manegbdzanga 2\" src=\"https:\/\/www.jura-films.ch\/wp-content\/uploads\/2016\/10\/Manegbdzanga-2-150x150.jpg\" alt=\"manegbdzanga-2\" width=\"213\" height=\"150\" srcset=\"https:\/\/www.jura-films.ch\/wp-content\/uploads\/2016\/10\/Manegbdzanga-2-300x211.jpg 300w, https:\/\/www.jura-films.ch\/wp-content\/uploads\/2016\/10\/Manegbdzanga-2-768x541.jpg 768w, https:\/\/www.jura-films.ch\/wp-content\/uploads\/2016\/10\/Manegbdzanga-2-1024x721.jpg 1024w, https:\/\/www.jura-films.ch\/wp-content\/uploads\/2016\/10\/Manegbdzanga-2-400x280.jpg 400w, https:\/\/www.jura-films.ch\/wp-content\/uploads\/2016\/10\/Manegbdzanga-2.jpg 1140w\" sizes=\"auto, (max-width: 213px) 100vw, 213px\" \/><\/a>SYNOPIS<\/p>\n<p>Vier F\u00fcnftel der Einwohner von Burkina Faso sind Analphabeten. Die Alphabetisierung ist f\u00fcr die Zukunft Afrikas die wichtigste Grundlage.<\/p>\n<p>Die Filmemacherin erforschte die Bem\u00fchungen des Schweizerischen Arbeiterhilfswerks (SAH) um die Alphabetisierung in Burkina Faso.<a id=\"haus\"><\/a><\/p>\n<hr \/>\n<p><strong>DAS HAUS DES HERZENS<\/strong><\/p>\n<p>Gedreht im Haus des Herzens, Burkina Faso mit der Beteiligung von Josette Boegli.<\/p>\n<p>Dokumentarfilm, 1996 &#8211; 17 Minuten &#8211; Video, Farbe<\/p>\n<p>Originalversion franz\u00f6sisch mit deutschen Untertiteln<\/p>\n<p>Drehbuch und Regie Lucienne Lanaz<br \/>\nKamera Willy Schild<br \/>\nSchnitt Lucienne Lanaz, Nicole Leu<br \/>\nTon Issa Traor\u00e9, Willy Schild<br \/>\nAssistenz Anne Monnier, G\u00e9rard Huther<br \/>\nMusik Burkinabeische Kinderlieder<br \/>\nPostproduktion TVF SA, Gen\u00e8ve<\/p>\n<p>SYNOPIS<\/p>\n<p>Die Schweizerin Josette Boegli gr\u00fcndete im Jahre 1986 das Haus des Herzens in Ouagadougou. Dieser Hof beherbergt zur Zeit zehn hilfsbed\u00fcrftige Frauen und dreissig Kinder. Das Haus des Herzens ist nach aussen offen und unterst\u00fctzt zus\u00e4tzlich etwa hundert Frauen mit Nahrungsmitteln, Medikamenten und Ausbildung f\u00fcr M\u00fctter und Kinder. Die Filmemacherin hat Josette Boegli bei der monatlichen Hirseverteilung begleitet und filmte das Dreschen im Hof. An diesem Tage tanzen und singen die Kinder. Dieser kurze Dokumentarfilm illustriert das Engagement einer einzigen Person f\u00fcr eine grenzenlose Aufgabe.<\/p>\n<div class=\"wonderpluginslider-container\" id=\"wonderpluginslider-container-5\" style=\"max-width:500px;margin:0 auto;padding-left:0px;padding-right:0px;padding-top:0px;padding-bottom:0px;\"><div class=\"wonderpluginslider\" id=\"wonderpluginslider-5\" data-sliderid=\"5\" data-width=\"500\" data-height=\"300\" data-skin=\"cube\" data-autoplay=\"true\" data-randomplay=\"false\" data-loadimageondemand=\"false\" data-transitiononfirstslide=\"false\" data-autoplayvideo=\"false\" data-isresponsive=\"true\" data-fullwidth=\"false\" data-isfullscreen=\"false\" data-ratioresponsive=\"false\" data-showtext=\"true\" data-showtimer=\"true\" data-showbottomshadow=\"true\" data-navshowpreview=\"true\" data-textautohide=\"true\" data-lightboxresponsive=\"true\" data-lightboxshownavigation=\"false\" data-lightboxshowtitle=\"true\" data-lightboxshowdescription=\"false\" data-texteffectresponsive=\"true\" data-donotinit=\"false\" data-addinitscript=\"false\" data-lightboxfullscreenmode=\"false\" data-lightboxcloseonoverlay=\"true\" data-lightboxvideohidecontrols=\"false\" data-lightboxnogroup=\"false\" data-lightboxautoslide=\"false\" data-lightboxshowtimer=\"true\" data-lightboxshowplaybutton=\"true\" data-lightboxalwaysshownavarrows=\"false\" data-lightboxshowtitleprefix=\"true\" data-titleusealt=\"false\" data-outputtext=\"false\" data-scalemode=\"fit\" data-arrowstyle=\"always\" data-transition=\"fade\" data-loop=\"0\" data-border=\"0\" data-slideinterval=\"8000\" data-arrowimage=\"arrows-36-80-0.png\" data-arrowwidth=\"36\" data-arrowheight=\"80\" data-arrowtop=\"50\" data-arrowmargin=\"-18\" data-navstyle=\"bullets\" data-navimage=\"bullet-24-24-1.png\" data-navwidth=\"24\" data-navheight=\"24\" data-navspacing=\"8\" data-navmarginx=\"16\" data-navmarginy=\"16\" data-navposition=\"bottom\" data-playvideoimage=\"playvideo-64-64-0.png\" data-playvideoimagewidth=\"64\" data-playvideoimageheight=\"64\" data-lightboxthumbwidth=\"90\" data-lightboxthumbheight=\"60\" data-lightboxthumbtopmargin=\"12\" data-lightboxthumbbottommargin=\"4\" data-lightboxbarheight=\"64\" data-lightboxtitlebottomcss=\"color:#333; font-size:14px; font-family:Armata,sans-serif,Arial; overflow:hidden; text-align:left;\" data-lightboxdescriptionbottomcss=\"color:#333; font-size:12px; font-family:Arial,Helvetica,sans-serif; overflow:hidden; text-align:left; margin:4px 0px 0px; padding: 0px;\" data-textformat=\"Color box\" data-textpositionstatic=\"bottom\" data-textpositiondynamic=\"bottomleft\" data-paddingleft=\"0\" data-paddingright=\"0\" data-paddingtop=\"0\" data-paddingbottom=\"0\" data-texteffectresponsivesize=\"640\" data-fadeduration=\"1000\" data-crossfadeduration=\"1000\" data-slideduration=\"1000\" data-elasticduration=\"1000\" data-sliceduration=\"1500\" data-blindsduration=\"1500\" data-blocksduration=\"1500\" data-shuffleduration=\"1500\" data-tilesduration=\"2000\" data-kenburnsduration=\"5000\" data-flipduration=\"1500\" data-flipwithzoomduration=\"2000\" data-threedduration=\"1500\" data-threedhorizontalduration=\"1500\" data-threedwithzoomduration=\"2500\" data-threedhorizontalwithzoomduration=\"2200\" data-threedflipduration=\"1500\" data-threedflipwithzoomduration=\"2000\" data-threedtilesduration=\"2000\" data-threedfallback=\"flip\" data-threedhorizontalfallback=\"flip\" data-threedwithzoomfallback=\"flipwithzoom\" data-threedhorizontalwithzoomfallback=\"flipwithzoom\" data-threedflipfallback=\"flip\" data-threedflipwithzoomfallback=\"flipwithzoom\" data-threedtilesfallback=\"tiles\" data-ratiomediumscreen=\"800\" data-ratiomediumheight=\"1.2\" data-ratiosmallscreen=\"480\" data-ratiosmallheight=\"1.6\" data-lightboxtitlestyle=\"bottom\" data-lightboximagepercentage=\"75\" data-lightboxdefaultvideovolume=\"1\" data-lightboxoverlaybgcolor=\"#000\" data-lightboxoverlayopacity=\"0.9\" data-lightboxbgcolor=\"#fff\" data-lightboxtitleprefix=\"%NUM \/ %TOTAL\" data-lightboxtitleinsidecss=\"color:#fff; font-size:16px; font-family:Arial,Helvetica,sans-serif; overflow:hidden; text-align:left;\" data-lightboxdescriptioninsidecss=\"color:#fff; font-size:12px; font-family:Arial,Helvetica,sans-serif; overflow:hidden; text-align:left; margin:4px 0px 0px; padding: 0px;\" data-lightboxslideinterval=\"5000\" data-lightboxtimerposition=\"bottom\" data-lightboxtimercolor=\"#dc572e\" data-lightboxtimeropacity=\"1\" data-lightboxbordersize=\"8\" data-lightboxborderradius=\"0\" data-textcss=\"display:block; padding:8px 16px; text-align:left;\" data-textbgcss=\"display:none;\" data-titlecss=\"display:table; position:relative; font:bold 14px &quot;Lucida Sans Unicode&quot;,&quot;Lucida Grande&quot;,sans-serif,Arial; color:#fff; white-space:nowrap; background-color:#f7a020; padding:10px;\" data-descriptioncss=\"display:block; position:relative; font:12px &quot;Lucida Sans Unicode&quot;,&quot;Lucida Grande&quot;,sans-serif,Arial; color:#fff;  background-color:#e04000; margin-top:10px; padding:10px;\" data-buttoncss=\"display:block; position:relative; margin-top:10px;\" data-titlecssresponsive=\"font-size:12px;\" data-descriptioncssresponsive=\"display:none !important;\" data-buttoncssresponsive=\"\" data-jsfolder=\"https:\/\/www.jura-films.ch\/wp-content\/plugins\/wonderplugin-slider-lite\/engine\/\" style=\"display:none;\" ><ul class=\"amazingslider-slides\"  style=\"display:none;\"><li><img decoding=\"async\" class=\"amazingslider-img-elem amazingsliderimg\" src=\"https:\/\/www.jura-films.ch\/wp-content\/uploads\/2016\/10\/Maison-coeur-1-Josette.jpg\" alt=\"maison-coeur-1-josette\" title=\"maison-coeur-1-josette\" data-description=\"\" \/><\/li><li><img decoding=\"async\" class=\"amazingslider-img-elem amazingsliderimg\" src=\"https:\/\/www.jura-films.ch\/wp-content\/uploads\/2016\/10\/maison-coeur-4.jpg\" alt=\"maison-coeur-4\" title=\"maison-coeur-4\" data-description=\"\" \/><\/li><li><img decoding=\"async\" class=\"amazingslider-img-elem amazingsliderimg\" src=\"https:\/\/www.jura-films.ch\/wp-content\/uploads\/2016\/10\/maison-coeur-2.jpg\" alt=\"maison-coeur-2\" title=\"maison-coeur-2\" data-description=\"\" \/><\/li><\/ul><ul class=\"amazingslider-thumbnails\"  style=\"display:none;\"><li><img decoding=\"async\" class=\"amazingslider-thumbnail-elem amazingsliderthumbnailimg\" src=\"https:\/\/www.jura-films.ch\/wp-content\/uploads\/2016\/10\/Maison-coeur-1-Josette-150x150.jpg\" alt=\"maison-coeur-1-josette\" title=\"maison-coeur-1-josette\" data-description=\"\" \/><\/li><li><img decoding=\"async\" class=\"amazingslider-thumbnail-elem amazingsliderthumbnailimg\" src=\"https:\/\/www.jura-films.ch\/wp-content\/uploads\/2016\/10\/maison-coeur-4-150x150.jpg\" alt=\"maison-coeur-4\" title=\"maison-coeur-4\" data-description=\"\" \/><\/li><li><img decoding=\"async\" class=\"amazingslider-thumbnail-elem amazingsliderthumbnailimg\" src=\"https:\/\/www.jura-films.ch\/wp-content\/uploads\/2016\/10\/maison-coeur-2-150x150.jpg\" alt=\"maison-coeur-2\" title=\"maison-coeur-2\" data-description=\"\" \/><\/li><\/ul><\/div><\/div>\n<hr \/>\n<p><strong><a id=\"wurde\"><\/a>W\u00dcRDE IM STRAFVOLLZUG<\/strong><\/p>\n<p>Gedreht in den Gef\u00e4gnissen von Ouahigouya, Koudougou et Bobo-Dioulasso, Burkina Faso<\/p>\n<p>Dokumentarfilm, 1996 &#8211; 37 Minuten &#8211; Video, Farbe<\/p>\n<p>Originalversion franz\u00f6sisch (ohne deutsche Untertitel)<\/p>\n<p>Drehbuch und Regie Lucienne Lanaz<br \/>\nKamera Willy Schild, Robert Milli\u00e9<br \/>\nSchnitt Lucienne Lanaz<br \/>\nTon Issa Traor\u00e9<br \/>\nBeleuchtung Adama Roamba<br \/>\nMusik Les fr\u00e8res Coulibaly \/ Musique du Monde<br \/>\nPostproduktion TVF SA, Gen\u00e8ve<\/p>\n<p>SYNOPSIS<\/p>\n<p>Die Haftbedingungen in Afrika schockieren. Das Wichtig\u00acste ist, daf\u00fcr zu sorgen, dass die W\u00fcrde der H\u00e4ftlinge geachtet wird. Dazu braucht es ein Mindestmass an materiellen und finanziellen Mitteln, die unter anderen von der in Genf ans\u00e4ssigen Vereinigung DIGNIT\u00c9 EN D\u00c9TENTION zur Verf\u00fcgung gestellt werden.<\/p>\n<p>Um das Leben der H\u00e4ftlinge in Burkina Faso ertr\u00e4glicher zu machen, unterst\u00fctzt DIGNIT\u00c9 EN D\u00c9TENTION beispielsweiss die Einrichtung von Krankenabteilungen, das Anlegen von Gem\u00fcseg\u00e4rten, den Betrieb von Kleinviehzuchten und die Alphabetisierung.<\/p>\n<p><div class=\"wonderpluginslider-container\" id=\"wonderpluginslider-container-6\" style=\"max-width:500px;margin:0 auto;padding-left:0px;padding-right:0px;padding-top:0px;padding-bottom:0px;\"><div class=\"wonderpluginslider\" id=\"wonderpluginslider-6\" data-sliderid=\"6\" data-width=\"500\" data-height=\"300\" data-skin=\"cube\" data-autoplay=\"true\" data-randomplay=\"false\" data-loadimageondemand=\"false\" data-transitiononfirstslide=\"false\" data-autoplayvideo=\"false\" data-isresponsive=\"true\" data-fullwidth=\"false\" data-isfullscreen=\"false\" data-ratioresponsive=\"false\" data-showtext=\"true\" data-showtimer=\"true\" data-showbottomshadow=\"true\" data-navshowpreview=\"true\" data-textautohide=\"true\" data-lightboxresponsive=\"true\" data-lightboxshownavigation=\"false\" data-lightboxshowtitle=\"true\" data-lightboxshowdescription=\"false\" data-texteffectresponsive=\"true\" data-donotinit=\"false\" data-addinitscript=\"false\" data-lightboxfullscreenmode=\"false\" data-lightboxcloseonoverlay=\"true\" data-lightboxvideohidecontrols=\"false\" data-lightboxnogroup=\"false\" data-lightboxautoslide=\"false\" data-lightboxshowtimer=\"true\" data-lightboxshowplaybutton=\"true\" data-lightboxalwaysshownavarrows=\"false\" data-lightboxshowtitleprefix=\"true\" data-titleusealt=\"false\" data-outputtext=\"false\" data-scalemode=\"fit\" data-arrowstyle=\"always\" data-transition=\"fade\" data-loop=\"0\" data-border=\"0\" data-slideinterval=\"8000\" data-arrowimage=\"arrows-36-80-0.png\" data-arrowwidth=\"36\" data-arrowheight=\"80\" data-arrowtop=\"50\" data-arrowmargin=\"-18\" data-navstyle=\"bullets\" data-navimage=\"bullet-24-24-1.png\" data-navwidth=\"24\" data-navheight=\"24\" data-navspacing=\"8\" data-navmarginx=\"16\" data-navmarginy=\"16\" data-navposition=\"bottom\" data-playvideoimage=\"playvideo-64-64-0.png\" data-playvideoimagewidth=\"64\" data-playvideoimageheight=\"64\" data-lightboxthumbwidth=\"90\" data-lightboxthumbheight=\"60\" data-lightboxthumbtopmargin=\"12\" data-lightboxthumbbottommargin=\"4\" data-lightboxbarheight=\"64\" data-lightboxtitlebottomcss=\"color:#333; font-size:14px; font-family:Armata,sans-serif,Arial; overflow:hidden; text-align:left;\" data-lightboxdescriptionbottomcss=\"color:#333; font-size:12px; font-family:Arial,Helvetica,sans-serif; overflow:hidden; text-align:left; margin:4px 0px 0px; padding: 0px;\" data-textformat=\"Color box\" data-textpositionstatic=\"bottom\" data-textpositiondynamic=\"bottomleft\" data-paddingleft=\"0\" data-paddingright=\"0\" data-paddingtop=\"0\" data-paddingbottom=\"0\" data-texteffectresponsivesize=\"640\" data-fadeduration=\"1000\" data-crossfadeduration=\"1000\" data-slideduration=\"1000\" data-elasticduration=\"1000\" data-sliceduration=\"1500\" data-blindsduration=\"1500\" data-blocksduration=\"1500\" data-shuffleduration=\"1500\" data-tilesduration=\"2000\" data-kenburnsduration=\"5000\" data-flipduration=\"1500\" data-flipwithzoomduration=\"2000\" data-threedduration=\"1500\" data-threedhorizontalduration=\"1500\" data-threedwithzoomduration=\"2500\" data-threedhorizontalwithzoomduration=\"2200\" data-threedflipduration=\"1500\" data-threedflipwithzoomduration=\"2000\" data-threedtilesduration=\"2000\" data-threedfallback=\"flip\" data-threedhorizontalfallback=\"flip\" data-threedwithzoomfallback=\"flipwithzoom\" data-threedhorizontalwithzoomfallback=\"flipwithzoom\" data-threedflipfallback=\"flip\" data-threedflipwithzoomfallback=\"flipwithzoom\" data-threedtilesfallback=\"tiles\" data-ratiomediumscreen=\"800\" data-ratiomediumheight=\"1.2\" data-ratiosmallscreen=\"480\" data-ratiosmallheight=\"1.6\" data-lightboxtitlestyle=\"bottom\" data-lightboximagepercentage=\"75\" data-lightboxdefaultvideovolume=\"1\" data-lightboxoverlaybgcolor=\"#000\" data-lightboxoverlayopacity=\"0.9\" data-lightboxbgcolor=\"#fff\" data-lightboxtitleprefix=\"%NUM \/ %TOTAL\" data-lightboxtitleinsidecss=\"color:#fff; font-size:16px; font-family:Arial,Helvetica,sans-serif; overflow:hidden; text-align:left;\" data-lightboxdescriptioninsidecss=\"color:#fff; font-size:12px; font-family:Arial,Helvetica,sans-serif; overflow:hidden; text-align:left; margin:4px 0px 0px; padding: 0px;\" data-lightboxslideinterval=\"5000\" data-lightboxtimerposition=\"bottom\" data-lightboxtimercolor=\"#dc572e\" data-lightboxtimeropacity=\"1\" data-lightboxbordersize=\"8\" data-lightboxborderradius=\"0\" data-textcss=\"display:block; padding:8px 16px; text-align:left;\" data-textbgcss=\"display:none;\" data-titlecss=\"display:table; position:relative; font:bold 14px &quot;Lucida Sans Unicode&quot;,&quot;Lucida Grande&quot;,sans-serif,Arial; color:#fff; white-space:nowrap; background-color:#f7a020; padding:10px;\" data-descriptioncss=\"display:block; position:relative; font:12px &quot;Lucida Sans Unicode&quot;,&quot;Lucida Grande&quot;,sans-serif,Arial; color:#fff;  background-color:#e04000; margin-top:10px; padding:10px;\" data-buttoncss=\"display:block; position:relative; margin-top:10px;\" data-titlecssresponsive=\"font-size:12px;\" data-descriptioncssresponsive=\"display:none !important;\" data-buttoncssresponsive=\"\" data-jsfolder=\"https:\/\/www.jura-films.ch\/wp-content\/plugins\/wonderplugin-slider-lite\/engine\/\" style=\"display:none;\" ><ul class=\"amazingslider-slides\"  style=\"display:none;\"><li><img decoding=\"async\" class=\"amazingslider-img-elem amazingsliderimg\" src=\"https:\/\/www.jura-films.ch\/wp-content\/uploads\/2016\/10\/Dignit\u00e9-D\u00e9tention-1.jpg\" alt=\"dignite detention 1\" title=\"dignite detention 1\" data-description=\"\" \/><\/li><li><img decoding=\"async\" class=\"amazingslider-img-elem amazingsliderimg\" src=\"https:\/\/www.jura-films.ch\/wp-content\/uploads\/2016\/10\/Dignit\u00e9-D\u00e9tention-2.jpg\" alt=\"dignite detention 2\" title=\"dignite detention 2\" data-description=\"\" \/><\/li><li><img decoding=\"async\" class=\"amazingslider-img-elem amazingsliderimg\" src=\"https:\/\/www.jura-films.ch\/wp-content\/uploads\/2016\/10\/Dignit\u00e9-D\u00e9tention-3.jpg\" alt=\"dignite detention 3\" title=\"dignite detention 3\" data-description=\"\" \/><\/li><li><img decoding=\"async\" class=\"amazingslider-img-elem amazingsliderimg\" src=\"https:\/\/www.jura-films.ch\/wp-content\/uploads\/2016\/10\/Dignit\u00e9-D\u00e9tention-4.jpg\" alt=\"dignite detention 4\" title=\"dignite detention 4\" data-description=\"\" \/><\/li><li><img decoding=\"async\" class=\"amazingslider-img-elem amazingsliderimg\" src=\"https:\/\/www.jura-films.ch\/wp-content\/uploads\/2016\/10\/Dignit\u00e9-D\u00e9tention-5.jpg\" alt=\"dignite detention 5\" title=\"dignite detention 5\" data-description=\"\" \/><\/li><\/ul><ul class=\"amazingslider-thumbnails\"  style=\"display:none;\"><li><img decoding=\"async\" class=\"amazingslider-thumbnail-elem amazingsliderthumbnailimg\" src=\"https:\/\/www.jura-films.ch\/wp-content\/uploads\/2016\/10\/Dignit\u00e9-D\u00e9tention-1-150x150.jpg\" alt=\"dignite detention 1\" title=\"dignite detention 1\" data-description=\"\" \/><\/li><li><img decoding=\"async\" class=\"amazingslider-thumbnail-elem amazingsliderthumbnailimg\" src=\"https:\/\/www.jura-films.ch\/wp-content\/uploads\/2016\/10\/Dignit\u00e9-D\u00e9tention-2-150x150.jpg\" alt=\"dignite detention 2\" title=\"dignite detention 2\" data-description=\"\" \/><\/li><li><img decoding=\"async\" class=\"amazingslider-thumbnail-elem amazingsliderthumbnailimg\" src=\"https:\/\/www.jura-films.ch\/wp-content\/uploads\/2016\/10\/Dignit\u00e9-D\u00e9tention-3-150x150.jpg\" alt=\"dignite detention 3\" title=\"dignite detention 3\" data-description=\"\" \/><\/li><li><img decoding=\"async\" class=\"amazingslider-thumbnail-elem amazingsliderthumbnailimg\" src=\"https:\/\/www.jura-films.ch\/wp-content\/uploads\/2016\/10\/Dignit\u00e9-D\u00e9tention-4-150x150.jpg\" alt=\"dignite detention 4\" title=\"dignite detention 4\" data-description=\"\" \/><\/li><li><img decoding=\"async\" class=\"amazingslider-thumbnail-elem amazingsliderthumbnailimg\" src=\"https:\/\/www.jura-films.ch\/wp-content\/uploads\/2016\/10\/Dignit\u00e9-D\u00e9tention-5-150x150.jpg\" alt=\"dignite detention 5\" title=\"dignite detention 5\" data-description=\"\" \/><\/li><\/ul><\/div><\/div><\/p>","protected":false},"excerpt":{"rendered":"<p>DREI TROPFEN F\u00dcR DIE ZUKUNFT (Trilogie) (Die Trilogie enth\u00e4lt &#8222;MANEGBDZANGA&#8220;, &#8222;DAS HAUS DES HERZENS&#8220; und &#8222;W\u00dcRDE IM STRAFVOLLZUG&#8220;) (Trilogie ohne deutsche Untertitel) Verkauf : JURA-FILMS &#8222;Kontakt &#8220; &#8222;MANEGBDZANGA&#8220; &#8211; Entwicklung f\u00fcr alle Gedreht in Burkina Faso mit der Beteiligung, unter anderen, von Paul Taryam Ilboudo, Johanne Letourneau und Marianne Enckell Dokumentarfilm, 1996 &#8211; 20 Minuten [&hellip;]<\/p>\n","protected":false},"author":1,"featured_media":0,"parent":18,"menu_order":0,"comment_status":"closed","ping_status":"closed","template":"","meta":{"footnotes":""},"class_list":["post-296","page","type-page","status-publish","hentry"],"_links":{"self":[{"href":"https:\/\/www.jura-films.ch\/de\/wp-json\/wp\/v2\/pages\/296","targetHints":{"allow":["GET"]}}],"collection":[{"href":"https:\/\/www.jura-films.ch\/de\/wp-json\/wp\/v2\/pages"}],"about":[{"href":"https:\/\/www.jura-films.ch\/de\/wp-json\/wp\/v2\/types\/page"}],"author":[{"embeddable":true,"href":"https:\/\/www.jura-films.ch\/de\/wp-json\/wp\/v2\/users\/1"}],"replies":[{"embeddable":true,"href":"https:\/\/www.jura-films.ch\/de\/wp-json\/wp\/v2\/comments?post=296"}],"version-history":[{"count":37,"href":"https:\/\/www.jura-films.ch\/de\/wp-json\/wp\/v2\/pages\/296\/revisions"}],"predecessor-version":[{"id":1150,"href":"https:\/\/www.jura-films.ch\/de\/wp-json\/wp\/v2\/pages\/296\/revisions\/1150"}],"up":[{"embeddable":true,"href":"https:\/\/www.jura-films.ch\/de\/wp-json\/wp\/v2\/pages\/18"}],"wp:attachment":[{"href":"https:\/\/www.jura-films.ch\/de\/wp-json\/wp\/v2\/media?parent=296"}],"curies":[{"name":"wp","href":"https:\/\/api.w.org\/{rel}","templated":true}]}}