{"id":23,"date":"2016-04-08T08:36:34","date_gmt":"2016-04-08T06:36:34","guid":{"rendered":"http:\/\/atuccukv.preview.infomaniak.com\/?page_id=23"},"modified":"2023-07-15T09:24:34","modified_gmt":"2023-07-15T07:24:34","slug":"une-maison-pas-comme-les-autres","status":"publish","type":"page","link":"https:\/\/www.jura-films.ch\/de\/production\/une-maison-pas-comme-les-autres\/","title":{"rendered":"EIN HAUS WIE KEIN ANDERES"},"content":{"rendered":"<p><a href=\"https:\/\/www.jura-films.ch\/wp-content\/uploads\/2016\/04\/EinHaus-wie.jpg\"><img loading=\"lazy\" decoding=\"async\" class=\"alignleft wp-image-73\" title=\"Ein Haus wie kein anderes\" src=\"https:\/\/www.jura-films.ch\/wp-content\/uploads\/2016\/04\/EinHaus-wie-212x300.jpg\" alt=\"Ein Haus wie\" width=\"150\" height=\"212\" srcset=\"https:\/\/www.jura-films.ch\/wp-content\/uploads\/2016\/04\/EinHaus-wie-212x300.jpg 212w, https:\/\/www.jura-films.ch\/wp-content\/uploads\/2016\/04\/EinHaus-wie.jpg 605w\" sizes=\"auto, (max-width: 150px) 100vw, 150px\" \/><\/a>EIN HAUS WIE KEIN ANDERES<\/p>\n<p>Dokumentarfilm, 2006 &#8211; 67 Minuten &#8211; Video, Farbe<\/p>\n<p>Originalversion franz\u00f6sisch mit deutschen Untertiteln<\/p>\n<p>Verkauf : JURA-FILMS \u201c<a href=\"https:\/\/www.jura-films.ch\/contact\/\" target=\"_blank\" rel=\"noopener noreferrer\">Kontakt<\/a>\u201d<br \/>\n(mit Bonus: Film DIE R\u00c4UCHERK\u00dcCHE, 1976)<\/p>\n<p><iframe loading=\"lazy\" title=\"ein haus wie kein anderes\" src=\"https:\/\/player.vimeo.com\/video\/845482478?dnt=1&amp;app_id=122963\" width=\"640\" height=\"480\" frameborder=\"0\" allow=\"autoplay; fullscreen; picture-in-picture\" allowfullscreen><\/iframe><\/p>\n<p>Drehbuch und Regie<\/p>\n<p>Lucienne Lanaz<br \/>\nAssistenz Ursula Lehmann<br \/>\nKamera Hans-Toni Aschwanden<br \/>\nEleonore Dubulluit<br \/>\nLucienne Lanaz<br \/>\nChristine Wipf<br \/>\nTon Dieter Meier<br \/>\nFotos &#8222;banneret&#8220; Wisard Ursula Lehmann<br \/>\nFotos Arch\u00e4ologie Nadja Frey<br \/>\nSchnitt Lucienne Lanaz<br \/>\nCharles D. Fischer<br \/>\nMusik Crumhorns &#8222;Piffaro&#8220;<br \/>\nTonmix Rolf B\u00fcttikofer<br \/>\nPostproduktion TVF Gen\u00e8ve, Zone 33 Berne<br \/>\nGraphik Mary-Jo Fahrny<\/p>\n<p>Unter Beteiligung von: Marie-Louise Gossin, Leierkastenspielerin; Jacky Lagger, gl\u00fccklicher Musikant; Ernest Grossenbacher et Pierre Fleury, Handorgelspieler; Rosemarie Maeder, Zitherspielerin; Judith Bessire Schenk und Jeannette Kessi, Erz\u00e4hlerinnen; &#8222;La Pers\u00e9v\u00e9rance&#8220;, Fanfare von Grandval; Claude Sauthier, Handorgelspieler; Jacqueline Strahm, S\u00e4ngerin.<\/p>\n<p>SYNOPSIS<\/p>\n<p>Das Haus &#8222;Du banneret Wisard&#8220;, ein unter Denkmalschutz stehendes Geb\u00e4ude von nationaler Bedeutung, wurde im Jahre 1535 gebaut und ist eines der \u00e4ltesten Heimst\u00e4tten im Berner Jura. Die Stiftung &#8222;De la maison du banneret Wisard&#8220; wurde 1990 gegr\u00fcndet, um zusammen mit dem Berner Heimatschutz, das Haus historisch getreu zu restaurieren. Seit seiner Wiederherstellung sorgt sie daf\u00fcr, dass die R\u00e4ucherk\u00fcche, der Brotofen, alle Wohnr\u00e4ume, sowie der Garten und die Scheune wieder benutzt und belebt werden.<\/p>\n<p>Der Film gleicht einem Bilder-Kaleidoskop. Er zeigt die Geschichte des einzigartigen Hauses, seine Auferstehung in verschiedenen Restaurierungsphasen ebenso wie die heutigen Aktivit\u00e4ten und Veranstaltungen. Die wichtigsten Zeugen dieses Abenteuers kommen zu Wort und \u2013 das ist besonders ber\u00fchrend \u2013 der letzte Bewohner des Hauses, Fritz Marti, spricht \u00fcber sein einfaches Leben.<\/p>\n<p>Die Filmbilder sind auch ein Spiel der Blicke und der unterschiedlichen Wahrnehmungen dieses Hauses: Die Alten \u2013 leicht melancholisch, die Ehrenamtlichen \u2013 stolz auf die geleistete Arbeit, die Handwerker \u2013 erfreut, fast vergessene Handwerkstechniken zeigen zu k\u00f6nnen und die Jungen, die erstaunt hier ihr Kulturerbe entdecken.<\/p>","protected":false},"excerpt":{"rendered":"<p>EIN HAUS WIE KEIN ANDERES Dokumentarfilm, 2006 &#8211; 67 Minuten &#8211; Video, Farbe Originalversion franz\u00f6sisch mit deutschen Untertiteln Verkauf : JURA-FILMS \u201cKontakt\u201d (mit Bonus: Film DIE R\u00c4UCHERK\u00dcCHE, 1976) Drehbuch und Regie Lucienne Lanaz Assistenz Ursula Lehmann Kamera Hans-Toni Aschwanden Eleonore Dubulluit Lucienne Lanaz Christine Wipf Ton Dieter Meier Fotos &#8222;banneret&#8220; Wisard Ursula Lehmann Fotos Arch\u00e4ologie [&hellip;]<\/p>\n","protected":false},"author":1,"featured_media":0,"parent":18,"menu_order":0,"comment_status":"closed","ping_status":"closed","template":"","meta":{"footnotes":""},"class_list":["post-23","page","type-page","status-publish","hentry"],"_links":{"self":[{"href":"https:\/\/www.jura-films.ch\/de\/wp-json\/wp\/v2\/pages\/23","targetHints":{"allow":["GET"]}}],"collection":[{"href":"https:\/\/www.jura-films.ch\/de\/wp-json\/wp\/v2\/pages"}],"about":[{"href":"https:\/\/www.jura-films.ch\/de\/wp-json\/wp\/v2\/types\/page"}],"author":[{"embeddable":true,"href":"https:\/\/www.jura-films.ch\/de\/wp-json\/wp\/v2\/users\/1"}],"replies":[{"embeddable":true,"href":"https:\/\/www.jura-films.ch\/de\/wp-json\/wp\/v2\/comments?post=23"}],"version-history":[{"count":26,"href":"https:\/\/www.jura-films.ch\/de\/wp-json\/wp\/v2\/pages\/23\/revisions"}],"predecessor-version":[{"id":1144,"href":"https:\/\/www.jura-films.ch\/de\/wp-json\/wp\/v2\/pages\/23\/revisions\/1144"}],"up":[{"embeddable":true,"href":"https:\/\/www.jura-films.ch\/de\/wp-json\/wp\/v2\/pages\/18"}],"wp:attachment":[{"href":"https:\/\/www.jura-films.ch\/de\/wp-json\/wp\/v2\/media?parent=23"}],"curies":[{"name":"wp","href":"https:\/\/api.w.org\/{rel}","templated":true}]}}