{"id":2,"date":"2016-03-28T13:35:18","date_gmt":"2016-03-28T12:35:18","guid":{"rendered":"http:\/\/jura-films.ch\/?page_id=2"},"modified":"2025-02-25T07:49:01","modified_gmt":"2025-02-25T06:49:01","slug":"accueil","status":"publish","type":"page","link":"https:\/\/www.jura-films.ch\/de\/","title":{"rendered":"Home"},"content":{"rendered":"<blockquote>\r\n<h4>ELIANES MAGISCHES THEATER in den Kinos.<\/h4>\r\n<p>Das kleine Theater auf der Bank von \u00c9liane Walther, pr\u00e4sentiert seit 2008 M\u00e4rchen f\u00fcr kleine Kinder. Sie erschafft ein magisches und poetisches Universum auf einer einfachen Bank&#8230;&#8230;.<\/p>\r\n<div class=\"home-content-boxes\">\r\n<div class=\"container\">\r\n<div class=\"row\">\r\n<div class=\"card-deck mb-0 mb-lg-3\">\r\n<div class=\"col content-box content-box-1\">\r\n<div class=\"card text-center mb-4 mb-lg-0 w-100\">\r\n<div class=\"card-footer\">+ mehr\u00a0 <a href=\"https:\/\/letsdoc.ch\/fr\/films\/le-theatre-magique-d-eliane?id=Cin%C3%A9ma%20Royal%20(Ste-Croix)-0111-2000\" target=\"_blank\" rel=\"noopener\">here<\/a><\/div>\r\n<\/div>\r\n<\/div>\r\n<\/div>\r\n<\/div>\r\n<\/div>\r\n<\/div>\r\n<\/blockquote>\r\n<h3 class=\"western\"><strong>Willkommen bei JURA-FILMS, einer unabh\u00e4ngigen Produktionsfirma<\/strong><\/h3>\r\n<p><strong><a href=\"https:\/\/jura-films.ch\/wp-content\/uploads\/2016\/03\/Lucienne.jpg\"><img loading=\"lazy\" decoding=\"async\" class=\"size-thumbnail wp-image-141 alignleft\" src=\"https:\/\/jura-films.ch\/wp-content\/uploads\/2016\/03\/Lucienne-150x150.jpg\" alt=\"\" width=\"150\" height=\"150\" srcset=\"https:\/\/www.jura-films.ch\/wp-content\/uploads\/2016\/03\/Lucienne-150x150.jpg 150w, https:\/\/www.jura-films.ch\/wp-content\/uploads\/2016\/03\/Lucienne-50x50.jpg 50w\" sizes=\"auto, (max-width: 150px) 100vw, 150px\" \/><\/a>JURA-FILMS<\/strong> ist eine unabh\u00e4ngige Filmproduktionsfirma, die 1974 von <strong>Lucienne Lanaz<\/strong> gegr\u00fcndet wurde. JURA-FILMS hat seinen Sitz in Grandval im Berner Jura in der Schweiz und ist spezialisiert auf die Produktion, den Verkauf und den Vertrieb von <strong>Dokumentarfilmen<\/strong>, die von Lucienne Lanaz selbst gedreht wurden.<\/p>\r\n<p><strong>Diese Website zeichnet den Werdegang<\/strong> dieser autodidaktischen Schweizer Filmemacherin nach, die ein Vorbild an Beharrlichkeit, Unabh\u00e4ngigkeit und Engagement ist. Ihr Talent, ihre Sensibilit\u00e4t und ihr Einfallsreichtum f\u00fchren sie dazu, oft ungew\u00f6hnliche oder selten behandelte Themen zu erkunden, &#8222;weil man \u00fcber diese Dinge nicht spricht&#8220;.<\/p>\r\n<p><strong>Nichts pr\u00e4destinierte Lucienne Lanaz<\/strong> f\u00fcr diesen Beruf, weder ihre Ausbildung noch ihre berufliche Laufbahn. Doch nachdem sie die Kamera zum ersten Mal in die Hand genommen hatte, liess sie sie nicht mehr los. Ihr Kino ist die Verk\u00f6rperung des Bewusstseins, das durch das Bild vermittelt wird, ohne Didaktik und mit Herz.<\/p>\r\n<p><strong>Entdecken Sie auf dieser Website:<\/strong><\/p>\r\n<ul>\r\n<li><strong>Die Geschichte von JURA-FILMS<\/strong> und seiner Gr\u00fcnderin<\/li>\r\n<li><strong>Die von JURA-FILMS produzierten Filme<\/strong> mit Videoausschnitten und Fotos<\/li>\r\n<li><strong>Aktuelles von JURA-FILMS<\/strong>, Festivals und Vorf\u00fchrungen<\/li>\r\n<li><strong>Informationen \u00fcber Lucienne Lanaz<\/strong>, ihre Filmografie und ihre Vision vom Kino<\/li>\r\n<li><strong>Links zu Ressourcen<\/strong> f\u00fcr weitere Informationen \u00fcber Dokumentarfilme<\/li>\r\n<\/ul>\r\n<p><strong>JURA-FILMS ist ein einzigartiger Blick auf die Welt, eine Einladung zur Entdeckung und Reflexion.<\/strong><\/p>\r\n<p><strong>Z\u00f6gern Sie nicht, uns zu kontaktieren<\/strong>, wenn Sie Fragen haben.<\/p>\r\n<p><strong>Folgen Sie uns auf den sozialen Medien<\/strong>, um \u00fcber unsere Neuigkeiten auf dem Laufenden zu bleiben.<\/p>\r\n<p>&nbsp;<\/p>\r\n\r\n<p>&nbsp;<\/p>","protected":false},"excerpt":{"rendered":"<p>ELIANES MAGISCHES THEATER in den Kinos. Das kleine Theater auf der Bank von \u00c9liane Walther, pr\u00e4sentiert seit 2008 M\u00e4rchen f\u00fcr kleine Kinder. Sie erschafft ein magisches und poetisches Universum auf einer einfachen Bank&#8230;&#8230;. + mehr\u00a0 here Willkommen bei JURA-FILMS, einer unabh\u00e4ngigen Produktionsfirma JURA-FILMS ist eine unabh\u00e4ngige Filmproduktionsfirma, die 1974 von Lucienne Lanaz gegr\u00fcndet wurde. JURA-FILMS [&hellip;]<\/p>\n","protected":false},"author":1,"featured_media":0,"parent":0,"menu_order":0,"comment_status":"closed","ping_status":"closed","template":"","meta":{"footnotes":""},"class_list":["post-2","page","type-page","status-publish","hentry"],"_links":{"self":[{"href":"https:\/\/www.jura-films.ch\/de\/wp-json\/wp\/v2\/pages\/2","targetHints":{"allow":["GET"]}}],"collection":[{"href":"https:\/\/www.jura-films.ch\/de\/wp-json\/wp\/v2\/pages"}],"about":[{"href":"https:\/\/www.jura-films.ch\/de\/wp-json\/wp\/v2\/types\/page"}],"author":[{"embeddable":true,"href":"https:\/\/www.jura-films.ch\/de\/wp-json\/wp\/v2\/users\/1"}],"replies":[{"embeddable":true,"href":"https:\/\/www.jura-films.ch\/de\/wp-json\/wp\/v2\/comments?post=2"}],"version-history":[{"count":84,"href":"https:\/\/www.jura-films.ch\/de\/wp-json\/wp\/v2\/pages\/2\/revisions"}],"predecessor-version":[{"id":1408,"href":"https:\/\/www.jura-films.ch\/de\/wp-json\/wp\/v2\/pages\/2\/revisions\/1408"}],"wp:attachment":[{"href":"https:\/\/www.jura-films.ch\/de\/wp-json\/wp\/v2\/media?parent=2"}],"curies":[{"name":"wp","href":"https:\/\/api.w.org\/{rel}","templated":true}]}}