{"id":18,"date":"2016-04-07T18:15:16","date_gmt":"2016-04-07T16:15:16","guid":{"rendered":"http:\/\/atuccukv.preview.infomaniak.com\/?page_id=18"},"modified":"2025-01-29T11:16:50","modified_gmt":"2025-01-29T10:16:50","slug":"production","status":"publish","type":"page","link":"https:\/\/www.jura-films.ch\/de\/production\/","title":{"rendered":"Produktion"},"content":{"rendered":"<p><\/p>\n<h3>2024<\/h3>\n<p>ELIANES MAGISCS THEATER (LE TH\u00c9\u00c2TRE MAGIQUE D&#8217;\u00c9LIANE), Portr\u00e4t \u00fcber \u00c9liane Walther und ihre Arbeit, 70&#8242;<\/p>\n<h3>2023<\/h3>\n<p>DAS LEBEN NACH WILLY (LA VIE SELON WILLY) &#8211; Film von G\u00e9rard Huther, 58&#8242;<\/p>\n<h3>2021<\/h3>\n<p>DIE UNGLAUBLICHE LULU (L&#8217;INCROYABLE LULU) &#8211; Film von Matthias W\u00e4lti, 77&#8242;<\/p>\n<h3>2019<\/h3>\n<p><a href=\"https:\/\/jura-films.ch\/production\/gianerica-le-couple-dartistes-erica-et-gian-pedretti\/\">GIANERICA<\/a> \u2013 Das K\u00fcnstlerpaar Erica und Gian Pedretti<\/p>\n<h3>2014<\/h3>\n<p><a href=\"https:\/\/www.jura-films.ch\/production\/lenfance-retrouvee\/\">KINDHEIT \u2013 Ein neues Leben<\/a> in Les Petites Familles<br \/>\nein Film von Lucienne Lanaz, Dokumentarfilm &#8211; 90&#8242;<\/p>\n<h3>2010<\/h3>\n<p><a href=\"https:\/\/jura-films.ch\/production\/une-descente-de-bois-avec-max-et-maurice\/\">UNE DESCENTE DE BOIS AVEC MAX ET MAURICE<\/a>, 33&#8242;<\/p>\n<h3>2008-2009<\/h3>\n<p>RONCHAMP \u2013 le bruit des formes, documentaire exp\u00e9rimental, 22\u2019<\/p>\n<h3>2009<\/h3>\n<p><a href=\"https:\/\/www.jura-films.ch\/production\/super-cow\/\">SUPER COW<\/a>, 3\u2019, Sie haben sicherlich nie K\u00fche gesehen auf diese Weise vor<\/p>\n<h3>2006<\/h3>\n<p><a href=\"https:\/\/www.jura-films.ch\/production\/une-maison-pas-comme-les-autres\/\">EIN HAUS WIE KEIN ANDERES<\/a>, 67&#8242;<\/p>\n<h3>2005<\/h3>\n<p><a href=\"https:\/\/www.jura-films.ch\/production\/vous-avez-dit-soroptimist\/\">HABEN SIE SOROPTIMIST GESAGT?<\/a>, 30&#8242;<\/p>\n<h3>2003<\/h3>\n<p><a href=\"https:\/\/www.jura-films.ch\/production\/dona-anna\/\">DONA ANNA<\/a> , Brasilien, 60&#8242;<\/p>\n<h3>2003<\/h3>\n<p><a href=\"https:\/\/www.jura-films.ch\/production\/douleur-et-revolte\/\">SCHMERZ UND REVOLTE<\/a> nach dem Buch von Laurence Deonna<br \/>\n&#8222;An alle Frauen aus allen Kriegen: arabische und israelische Frauen berichten\u201c, 42 &#8211; <em>video<\/em><\/p>\n<h3>2002<\/h3>\n<p><a href=\"https:\/\/www.jura-films.ch\/production\/nous-declinons-toute-responsabilite\/\">\u2026JEDE HAFTUNG WIRD ABGELEHNT&#8230;<\/a> (\u2026nous d\u00e9clinons toute responsabilit\u00e9&#8230;), 13&#8242; &#8211; <em>video<\/em><\/p>\n<h3>1999<\/h3>\n<p><a href=\"https:\/\/www.jura-films.ch\/production\/la-lupa\/\">LA LUPA<\/a> &#8222;Grazie alla vita&#8220;, 90&#8242;<\/p>\n<h3>1998<\/h3>\n<p><a href=\"https:\/\/www.jura-films.ch\/production\/salvador\/\">SALVADOR<\/a>, Kunstmaler in Havanna, Kuba, 15&#8242; 31&#8243;<\/p>\n<h3>1997<\/h3>\n<p><a href=\"https:\/\/www.jura-films.ch\/production\/una-brecha-en-el-bloqueo\/\">EINE BRESCHE DURCH DIE BLOCKADE<\/a> (Una Brecha en el Bloqueo), Kuba, 54&#8242;<\/p>\n<h3>1996<\/h3>\n<p><a href=\"https:\/\/www.jura-films.ch\/production\/trois-gouttes-pour-le-futur\/\">DREI TROPFEN F\u00dcR DIE ZUKUNFT<\/a>, 1Std. 13&#8242; 30&#8243;, eine Trilogie in Burkina Faso gedreht, bestehend aus<\/p>\n<ul>\n<li><a href=\"https:\/\/www.jura-films.ch\/production\/trois-gouttes-pour-le-futur\/\">MANEGBDZANGA<\/a> Entwicklung f\u00fcr alle, 20&#8242;<\/li>\n<li><a href=\"https:\/\/www.jura-films.ch\/production\/trois-gouttes-pour-le-futur\/#haus\">DAS HAUS DES HERZENS<\/a>, 17&#8242;<\/li>\n<li><a href=\"https:\/\/www.jura-films.ch\/production\/trois-gouttes-pour-le-futur\/#wurde\">W\u00dcRDE IM STRAFVOLLZUG<\/a>, 37&#8242;<\/li>\n<\/ul>\n<h3>1995<\/h3>\n<p><a href=\"https:\/\/www.jura-films.ch\/production\/cauchemars-de-derriere-les-barreaux\/\">ALPTR\u00c4UME&#8230; HINTER GITTERN<\/a>, 12&#8242;<\/p>\n<h3>1993<\/h3>\n<p>TV-Spot zur Unterst\u00fctzung der Jahreskollekte von OSEO,<br \/>\n(Organisation Suisse de l&#8217;Entraide Ouvri\u00e8re),<br \/>\nSchweizer Arbeiterhilfswerk, 45&#8243;<\/p>\n<h3>1993<\/h3>\n<p>&#8222;PREVENTING SUFFERING BY TEACHING THE LAW OF WAR&#8220;, 3&#8242;, Kompilationsfilm f\u00fcr das Internationale Komitee vom Roten Kreuz.<\/p>\n<h3>1992<\/h3>\n<p>Mitarbeit am Film PLANS-FIXES \u00fcber MAX ROBERT, Typograph, Verleger von Kunstb\u00fcchern und Mitbegr\u00fcnder des Kunstmuseums von Moutier, 50&#8242;<\/p>\n<h3>1992<\/h3>\n<p>&#8222;<a href=\"https:\/\/jura-films.ch\/production\/setu-lauluema\/\">SETU LAULUEMA<\/a>&#8222;, 14&#8242;<\/p>\n<h3>1991<\/h3>\n<p>Mitarbeit am Film PLANS FIXES \u00fcber DR. ARMAND FOREL, Arzt und marxistischer Politiker, 50&#8242;<\/p>\n<h3>1990<\/h3>\n<p>Drehbuch zum Film GESPR\u00c4CHSF\u00dcHRUNG SUCHTPROPHYLAXE, 16&#8242;, f\u00fcr die PTT Schweiz<\/p>\n<h3>1989\/90<\/h3>\n<p><a href=\"https:\/\/www.jura-films.ch\/production\/la-demande-en-voyage\/\">MEINE FREUNDE IN DER DDR<\/a>, 100&#8242;<\/p>\n<h3>1989<\/h3>\n<p><a href=\"https:\/\/www.jura-films.ch\/production\/pour-un-son-de-cloche\/\">GLOCKEN &#8211; GESTALTUNG, GUSS UND KLANG<\/a>, 23&#8242; &#8211; <em>video<\/em><\/p>\n<h3>1987<\/h3>\n<p>&#8222;<a href=\"https:\/\/www.jura-films.ch\/production\/deutsch-queen-of-elastic\/\">QUEEN OF ELASTIC<\/a>&#8220;<br \/>\nin Ko-Regie mit Grety Kl\u00e4y, 30&#8242; &#8211; <em>video<\/em><\/p>\n<h3>1984<\/h3>\n<p>&#8222;PRE ASSEMBLY YOUTH GATHERING&#8220;, 32&#8242;, f\u00fcr den Lutherischen Weltbund<\/p>\n<h3>1981<\/h3>\n<p>PORTR\u00c4T DES INSTRUMENTENBAUERS STEFAN BECK, 9&#8242;, f\u00fcr den Sender Freies Berlin<\/p>\n<h3>1980<\/h3>\n<p>&#8222;<a href=\"https:\/\/www.jura-films.ch\/production\/deutsch-ich-habe-ein-recht-auf-meinen-korper\/\">ICH HABE EIN RECHT AUF MEINEN K\u00d6RPER&#8230;<\/a>&#8220; STERILISATION, 25&#8242; &#8211; <em>video<\/em><\/p>\n<h3>1979\/80<\/h3>\n<p><a href=\"https:\/\/www.jura-films.ch\/production\/cinejournal-au-feminin\/\">DIE FRAU IN DER SCHWEIZER FILMWOCHENSCHAU<\/a> in Ko-Regie mit Anne Cun\u00e9o, 75&#8242;<\/p>\n<h3>1978\/79<\/h3>\n<p><a href=\"https:\/\/www.jura-films.ch\/production\/la-composition\/\">DER AUFSATZ<\/a>, 17&#8242;<\/p>\n<h3>1978\/79<\/h3>\n<p><a href=\"https:\/\/www.jura-films.ch\/production\/la-forge\/\">DIE SCHMIEDE<\/a>, 34&#8242;<\/p>\n<h3>1978<\/h3>\n<p>MENSCHEN IM ALLTAG, PORTR\u00c4T EINER VERK\u00c4UFERIN, 25&#8242;, f\u00fcr das Fernsehen DRS Schweiz<\/p>\n<h3>1976<\/h3>\n<p><a href=\"https:\/\/www.jura-films.ch\/production\/feu-fumee-saucisse\/\">DIE R\u00c4UCHERK\u00dcCHE<\/a>, 22&#8242; &#8211; <em>video<\/em><\/p>\n<h3>1974<\/h3>\n<p><a href=\"https:\/\/www.jura-films.ch\/production\/le-bonheur-a-70-ans\/\">SP\u00c4TES GL\u00dcCK<\/a> in Ko-Regie mit Marcel Leiser, 24&#8242; &#8211; <em>video<\/em><\/p>","protected":false},"excerpt":{"rendered":"<p>2024 ELIANES MAGISCS THEATER (LE TH\u00c9\u00c2TRE MAGIQUE D&#8217;\u00c9LIANE), Portr\u00e4t \u00fcber \u00c9liane Walther und ihre Arbeit, 70&#8242; 2023 DAS LEBEN NACH WILLY (LA VIE SELON WILLY) &#8211; Film von G\u00e9rard Huther, 58&#8242; 2021 DIE UNGLAUBLICHE LULU (L&#8217;INCROYABLE LULU) &#8211; Film von Matthias W\u00e4lti, 77&#8242; 2019 GIANERICA \u2013 Das K\u00fcnstlerpaar Erica und Gian Pedretti 2014 KINDHEIT \u2013 [&hellip;]<\/p>\n","protected":false},"author":1,"featured_media":0,"parent":0,"menu_order":0,"comment_status":"closed","ping_status":"closed","template":"","meta":{"footnotes":""},"class_list":["post-18","page","type-page","status-publish","hentry"],"_links":{"self":[{"href":"https:\/\/www.jura-films.ch\/de\/wp-json\/wp\/v2\/pages\/18","targetHints":{"allow":["GET"]}}],"collection":[{"href":"https:\/\/www.jura-films.ch\/de\/wp-json\/wp\/v2\/pages"}],"about":[{"href":"https:\/\/www.jura-films.ch\/de\/wp-json\/wp\/v2\/types\/page"}],"author":[{"embeddable":true,"href":"https:\/\/www.jura-films.ch\/de\/wp-json\/wp\/v2\/users\/1"}],"replies":[{"embeddable":true,"href":"https:\/\/www.jura-films.ch\/de\/wp-json\/wp\/v2\/comments?post=18"}],"version-history":[{"count":83,"href":"https:\/\/www.jura-films.ch\/de\/wp-json\/wp\/v2\/pages\/18\/revisions"}],"predecessor-version":[{"id":1405,"href":"https:\/\/www.jura-films.ch\/de\/wp-json\/wp\/v2\/pages\/18\/revisions\/1405"}],"wp:attachment":[{"href":"https:\/\/www.jura-films.ch\/de\/wp-json\/wp\/v2\/media?parent=18"}],"curies":[{"name":"wp","href":"https:\/\/api.w.org\/{rel}","templated":true}]}}