{"id":131,"date":"2016-09-30T12:27:45","date_gmt":"2016-09-30T10:27:45","guid":{"rendered":"https:\/\/www.jura-films.ch\/?page_id=131"},"modified":"2023-07-14T10:19:50","modified_gmt":"2023-07-14T08:19:50","slug":"lenfance-retrouvee","status":"publish","type":"page","link":"https:\/\/www.jura-films.ch\/de\/production\/lenfance-retrouvee\/","title":{"rendered":"KINDHEIT \u2013 Ein neues Leben in Les Petites Familles"},"content":{"rendered":"<p><a href=\"https:\/\/www.jura-films.ch\/wp-content\/uploads\/2016\/09\/enfance_retrouvee_de.jpg\"><img loading=\"lazy\" decoding=\"async\" class=\"alignleft wp-image-136\" title=\"KINDHEIT \u2013 Ein neues Leben in Les Petites Familles\" src=\"https:\/\/www.jura-films.ch\/wp-content\/uploads\/2016\/09\/enfance_retrouvee_de-150x150.jpg\" alt=\"enfance_retrouvee_de\" width=\"150\" height=\"212\" srcset=\"https:\/\/www.jura-films.ch\/wp-content\/uploads\/2016\/09\/enfance_retrouvee_de-213x300.jpg 213w, https:\/\/www.jura-films.ch\/wp-content\/uploads\/2016\/09\/enfance_retrouvee_de-768x1083.jpg 768w, https:\/\/www.jura-films.ch\/wp-content\/uploads\/2016\/09\/enfance_retrouvee_de-726x1024.jpg 726w, https:\/\/www.jura-films.ch\/wp-content\/uploads\/2016\/09\/enfance_retrouvee_de.jpg 850w\" sizes=\"auto, (max-width: 150px) 100vw, 150px\" \/><\/a><span style=\"font-family: Arial,Helvetica,Geneva,Swiss,SunSans-Regular;\">KINDHEIT \u2013 Ein neues Leben in Les Petites Familles<\/span><\/p>\n<p>Dokumentarfilm 90 &#8218;, 2014<br \/>\nBuch und Regie: Lucienne Lanaz<br \/>\nKamera: Patrick B\u00fcrge; Deborrah Porret<br \/>\nSound: Gregor Baumann; Katharina Bhend<br \/>\nSchnitt: Charles D. Fischer, Lucienne Lanaz, Edwige Ochsenbein<br \/>\nAnimation: St\u00e9phanie Pfister<br \/>\nMusik: Francois Gaudard, das Herz der Kinder Sakaziq &#8218;- Andr\u00e9e Oriet<br \/>\nProduktion: JURA-FILMS, Grandval \u201c<a href=\"https:\/\/www.jura-films.ch\/contact\/\" target=\"_blank\" rel=\"noopener noreferrer\">Kontakt<\/a>\u201d<\/p>\n<p>Mit der Unterst\u00fctzung von : Fondation romande pour le cin\u00e9ma l Pro Cin\u00e9ma Berne l Swisslos l Conseil du Jura bernois l Sandoz Family Office l Fondation Suisse de la R\u00e9formation l Association des Petites Familles l Fondation Carr\u00e9 d\u2019Art l Conseil synodal des \u00e9glises r\u00e9form\u00e9es Berne-Jura-Soleure l Marc-Albert Braillard l R\u00e9publique et Canton du Jura l Soroptimist International l Club Biel-Bienne l Ville de Moutier l La Poste l Ville de Bienne l Municipalit\u00e9 de Grandval l Commune mixte de Belprahon l Commune mixte de Corcelles l M\u00e9moire d\u2019ici l \u00c9cole de musique du Jura bernois.<\/p>\n<p>Der Film, KINDHEIT \u2013 Ein neues Leben in Les Petites Familles, zeigt, wie pr\u00e4gend eine gute und liebevolle Erziehung im Leben eines jeden Kindes ist. &#8222;Les Petites Familles&#8220; \u2013 das sind Familien im Berner Jura, die nicht nur ihren eigenen Kindern ein Zuhause schaffen, sondern auch Kindern, die kein stabiles Elternhaus haben. Der Dokumentarfilm von Lucienne Lanaz entdeckt die Aufnahmeh\u00e4user, begegnet den verantwortlichen Eltern und begleitet die Ankunft neuer kleiner Pflegekinder. Der Film geht weit \u00fcber den \u00f6rtlichen Rahmen hinaus, er behandelt ein Thema das uns alle unmittelbar betrifft und ist somit eine universelle Sorge.<\/p>\n<p><div class=\"wonderpluginslider-container\" id=\"wonderpluginslider-container-4\" style=\"max-width:840px;margin:0 auto;padding-left:0px;padding-right:0px;padding-top:0px;padding-bottom:0px;\"><div class=\"wonderpluginslider\" id=\"wonderpluginslider-4\" data-sliderid=\"4\" data-width=\"840\" data-height=\"540\" data-skin=\"cube\" data-autoplay=\"true\" data-randomplay=\"false\" data-loadimageondemand=\"false\" data-transitiononfirstslide=\"false\" data-autoplayvideo=\"false\" data-isresponsive=\"true\" data-fullwidth=\"false\" data-isfullscreen=\"false\" data-ratioresponsive=\"false\" data-showtext=\"true\" data-showtimer=\"true\" data-showbottomshadow=\"true\" data-navshowpreview=\"true\" data-textautohide=\"true\" data-lightboxresponsive=\"true\" data-lightboxshownavigation=\"false\" data-lightboxshowtitle=\"true\" data-lightboxshowdescription=\"false\" data-texteffectresponsive=\"true\" data-donotinit=\"false\" data-addinitscript=\"false\" data-lightboxfullscreenmode=\"false\" data-lightboxcloseonoverlay=\"true\" data-lightboxvideohidecontrols=\"false\" data-lightboxnogroup=\"false\" data-lightboxautoslide=\"false\" data-lightboxshowtimer=\"true\" data-lightboxshowplaybutton=\"true\" data-lightboxalwaysshownavarrows=\"false\" data-lightboxshowtitleprefix=\"true\" data-titleusealt=\"false\" data-outputtext=\"false\" data-scalemode=\"fit\" data-arrowstyle=\"always\" data-transition=\"fade\" data-loop=\"0\" data-border=\"0\" data-slideinterval=\"8000\" data-arrowimage=\"arrows-36-80-0.png\" data-arrowwidth=\"36\" data-arrowheight=\"80\" data-arrowtop=\"50\" data-arrowmargin=\"-18\" data-navstyle=\"bullets\" data-navimage=\"bullet-24-24-1.png\" data-navwidth=\"24\" data-navheight=\"24\" data-navspacing=\"8\" data-navmarginx=\"16\" data-navmarginy=\"16\" data-navposition=\"bottom\" data-playvideoimage=\"playvideo-64-64-0.png\" data-playvideoimagewidth=\"64\" data-playvideoimageheight=\"64\" data-lightboxthumbwidth=\"90\" data-lightboxthumbheight=\"60\" data-lightboxthumbtopmargin=\"12\" data-lightboxthumbbottommargin=\"4\" data-lightboxbarheight=\"64\" data-lightboxtitlebottomcss=\"color:#333; font-size:14px; font-family:Armata,sans-serif,Arial; overflow:hidden; text-align:left;\" data-lightboxdescriptionbottomcss=\"color:#333; font-size:12px; font-family:Arial,Helvetica,sans-serif; overflow:hidden; text-align:left; margin:4px 0px 0px; padding: 0px;\" data-textformat=\"Color box\" data-textpositionstatic=\"bottom\" data-textpositiondynamic=\"bottomleft\" data-paddingleft=\"0\" data-paddingright=\"0\" data-paddingtop=\"0\" data-paddingbottom=\"0\" data-texteffectresponsivesize=\"640\" data-fadeduration=\"1000\" data-crossfadeduration=\"1000\" data-slideduration=\"1000\" data-elasticduration=\"1000\" data-sliceduration=\"1500\" data-blindsduration=\"1500\" data-blocksduration=\"1500\" data-shuffleduration=\"1500\" data-tilesduration=\"2000\" data-kenburnsduration=\"5000\" data-flipduration=\"1500\" data-flipwithzoomduration=\"2000\" data-threedduration=\"1500\" data-threedhorizontalduration=\"1500\" data-threedwithzoomduration=\"2500\" data-threedhorizontalwithzoomduration=\"2200\" data-threedflipduration=\"1500\" data-threedflipwithzoomduration=\"2000\" data-threedtilesduration=\"2000\" data-threedfallback=\"fade\" data-threedhorizontalfallback=\"flip\" data-threedwithzoomfallback=\"flipwithzoom\" data-threedhorizontalwithzoomfallback=\"flipwithzoom\" data-threedflipfallback=\"flip\" data-threedflipwithzoomfallback=\"flipwithzoom\" data-threedtilesfallback=\"tiles\" data-ratiomediumscreen=\"800\" data-ratiomediumheight=\"1.2\" data-ratiosmallscreen=\"480\" data-ratiosmallheight=\"1.6\" data-lightboxtitlestyle=\"bottom\" data-lightboximagepercentage=\"75\" data-lightboxdefaultvideovolume=\"1\" data-lightboxoverlaybgcolor=\"#000\" data-lightboxoverlayopacity=\"0.9\" data-lightboxbgcolor=\"#fff\" data-lightboxtitleprefix=\"%NUM \/ %TOTAL\" data-lightboxtitleinsidecss=\"color:#fff; font-size:16px; font-family:Arial,Helvetica,sans-serif; overflow:hidden; text-align:left;\" data-lightboxdescriptioninsidecss=\"color:#fff; font-size:12px; font-family:Arial,Helvetica,sans-serif; overflow:hidden; text-align:left; margin:4px 0px 0px; padding: 0px;\" data-lightboxslideinterval=\"5000\" data-lightboxtimerposition=\"bottom\" data-lightboxtimercolor=\"#dc572e\" data-lightboxtimeropacity=\"1\" data-lightboxbordersize=\"8\" data-lightboxborderradius=\"0\" data-textcss=\"display:block; padding:8px 16px; text-align:left;\" data-textbgcss=\"display:none;\" data-titlecss=\"display:table; position:relative; font:bold 14px &quot;Lucida Sans Unicode&quot;,&quot;Lucida Grande&quot;,sans-serif,Arial; color:#fff; white-space:nowrap; background-color:#f7a020; padding:10px;\" data-descriptioncss=\"display:block; position:relative; font:12px &quot;Lucida Sans Unicode&quot;,&quot;Lucida Grande&quot;,sans-serif,Arial; color:#fff;  background-color:#e04000; margin-top:10px; padding:10px;\" data-buttoncss=\"display:block; position:relative; margin-top:10px;\" data-titlecssresponsive=\"font-size:12px;\" data-descriptioncssresponsive=\"display:none !important;\" data-buttoncssresponsive=\"\" data-jsfolder=\"https:\/\/www.jura-films.ch\/wp-content\/plugins\/wonderplugin-slider-lite\/engine\/\" style=\"display:none;\" ><ul class=\"amazingslider-slides\"  style=\"display:none;\"><li><img decoding=\"async\" class=\"amazingslider-img-elem amazingsliderimg\" src=\"https:\/\/www.jura-films.ch\/wp-content\/uploads\/2016\/10\/PF-maison-Grandval-2.jpg\" alt=\"Grandval\" title=\"Grandval\" data-description=\"\" \/><\/li><li><img decoding=\"async\" class=\"amazingslider-img-elem amazingsliderimg\" src=\"https:\/\/www.jura-films.ch\/wp-content\/uploads\/2016\/10\/PF-Grandval-famille-Gsteiger.jpg\" alt=\"Grandval-famille Gsteiger\" title=\"Grandval-famille Gsteiger\" data-description=\"\" \/><\/li><li><img decoding=\"async\" class=\"amazingslider-img-elem amazingsliderimg\" src=\"https:\/\/www.jura-films.ch\/wp-content\/uploads\/2016\/10\/PF-Grandval-famille-Gsteiger-2.jpg\" alt=\"Grandval-famille Gsteiger 2\" title=\"Grandval-famille Gsteiger 2\" data-description=\"\" \/><\/li><li><img decoding=\"async\" class=\"amazingslider-img-elem amazingsliderimg\" src=\"https:\/\/www.jura-films.ch\/wp-content\/uploads\/2016\/10\/PF-Grandval-Isabelle-Charpilloz-2.jpg\" alt=\"Grandval Isabelle Charpilloz\" title=\"Grandval Isabelle Charpilloz\" data-description=\"\" \/><\/li><li><img decoding=\"async\" class=\"amazingslider-img-elem amazingsliderimg\" src=\"https:\/\/www.jura-films.ch\/wp-content\/uploads\/2016\/10\/PF-Grandval-famille-Charpilloz.jpg\" alt=\"Grandval famille Charpilloz\" title=\"Grandval famille Charpilloz\" data-description=\"\" \/><\/li><li><img decoding=\"async\" class=\"amazingslider-img-elem amazingsliderimg\" src=\"https:\/\/www.jura-films.ch\/wp-content\/uploads\/2016\/10\/PF-maison-les-Reussilles.jpg\" alt=\"Les Reussilles\" title=\"Les Reussilles\" data-description=\"\" \/><\/li><li><img decoding=\"async\" class=\"amazingslider-img-elem amazingsliderimg\" src=\"https:\/\/www.jura-films.ch\/wp-content\/uploads\/2016\/10\/PF-Reussilles-famille-Favre.jpg\" alt=\"Les Reussilles famille Favre\" title=\"Les Reussilles famille Favre\" data-description=\"\" \/><\/li><li><img decoding=\"async\" class=\"amazingslider-img-elem amazingsliderimg\" src=\"https:\/\/www.jura-films.ch\/wp-content\/uploads\/2016\/10\/PF-ancien-M\u00e9moire-dici.jpg\" alt=\"M\u00e9moire d&#39;ici - Petites familles\" title=\"M\u00e9moire d&#39;ici - Petites familles\" data-description=\"\" \/><\/li><li><img decoding=\"async\" class=\"amazingslider-img-elem amazingsliderimg\" src=\"https:\/\/www.jura-films.ch\/wp-content\/uploads\/2016\/10\/PF-ancien-M\u00e9moire-dici-2.jpg\" alt=\"M\u00e9moire d&#39;ici - Petites familles 2\" title=\"M\u00e9moire d&#39;ici - Petites familles 2\" data-description=\"\" \/><\/li><\/ul><ul class=\"amazingslider-thumbnails\"  style=\"display:none;\"><li><img decoding=\"async\" class=\"amazingslider-thumbnail-elem amazingsliderthumbnailimg\" src=\"https:\/\/www.jura-films.ch\/wp-content\/uploads\/2016\/10\/PF-maison-Grandval-2-150x150.jpg\" alt=\"Grandval\" title=\"Grandval\" data-description=\"\" \/><\/li><li><img decoding=\"async\" class=\"amazingslider-thumbnail-elem amazingsliderthumbnailimg\" src=\"https:\/\/www.jura-films.ch\/wp-content\/uploads\/2016\/10\/PF-Grandval-famille-Gsteiger-150x150.jpg\" alt=\"Grandval-famille Gsteiger\" title=\"Grandval-famille Gsteiger\" data-description=\"\" \/><\/li><li><img decoding=\"async\" class=\"amazingslider-thumbnail-elem amazingsliderthumbnailimg\" src=\"https:\/\/www.jura-films.ch\/wp-content\/uploads\/2016\/10\/PF-Grandval-famille-Gsteiger-2-150x150.jpg\" alt=\"Grandval-famille Gsteiger 2\" title=\"Grandval-famille Gsteiger 2\" data-description=\"\" \/><\/li><li><img decoding=\"async\" class=\"amazingslider-thumbnail-elem amazingsliderthumbnailimg\" src=\"https:\/\/www.jura-films.ch\/wp-content\/uploads\/2016\/10\/PF-Grandval-Isabelle-Charpilloz-2-150x150.jpg\" alt=\"Grandval Isabelle Charpilloz\" title=\"Grandval Isabelle Charpilloz\" data-description=\"\" \/><\/li><li><img decoding=\"async\" class=\"amazingslider-thumbnail-elem amazingsliderthumbnailimg\" src=\"https:\/\/www.jura-films.ch\/wp-content\/uploads\/2016\/10\/PF-Grandval-famille-Charpilloz-150x150.jpg\" alt=\"Grandval famille Charpilloz\" title=\"Grandval famille Charpilloz\" data-description=\"\" \/><\/li><li><img decoding=\"async\" class=\"amazingslider-thumbnail-elem amazingsliderthumbnailimg\" src=\"https:\/\/www.jura-films.ch\/wp-content\/uploads\/2016\/10\/PF-maison-les-Reussilles-150x150.jpg\" alt=\"Les Reussilles\" title=\"Les Reussilles\" data-description=\"\" \/><\/li><li><img decoding=\"async\" class=\"amazingslider-thumbnail-elem amazingsliderthumbnailimg\" src=\"https:\/\/www.jura-films.ch\/wp-content\/uploads\/2016\/10\/PF-Reussilles-famille-Favre-150x150.jpg\" alt=\"Les Reussilles famille Favre\" title=\"Les Reussilles famille Favre\" data-description=\"\" \/><\/li><li><img decoding=\"async\" class=\"amazingslider-thumbnail-elem amazingsliderthumbnailimg\" src=\"https:\/\/www.jura-films.ch\/wp-content\/uploads\/2016\/10\/PF-ancien-M\u00e9moire-dici-150x150.jpg\" alt=\"M\u00e9moire d&#39;ici - Petites familles\" title=\"M\u00e9moire d&#39;ici - Petites familles\" data-description=\"\" \/><\/li><li><img decoding=\"async\" class=\"amazingslider-thumbnail-elem amazingsliderthumbnailimg\" src=\"https:\/\/www.jura-films.ch\/wp-content\/uploads\/2016\/10\/PF-ancien-M\u00e9moire-dici-2-150x150.jpg\" alt=\"M\u00e9moire d&#39;ici - Petites familles 2\" title=\"M\u00e9moire d&#39;ici - Petites familles 2\" data-description=\"\" \/><\/li><\/ul><\/div><\/div><\/p>","protected":false},"excerpt":{"rendered":"<p>KINDHEIT \u2013 Ein neues Leben in Les Petites Familles Dokumentarfilm 90 &#8218;, 2014 Buch und Regie: Lucienne Lanaz Kamera: Patrick B\u00fcrge; Deborrah Porret Sound: Gregor Baumann; Katharina Bhend Schnitt: Charles D. Fischer, Lucienne Lanaz, Edwige Ochsenbein Animation: St\u00e9phanie Pfister Musik: Francois Gaudard, das Herz der Kinder Sakaziq &#8218;- Andr\u00e9e Oriet Produktion: JURA-FILMS, Grandval \u201cKontakt\u201d Mit [&hellip;]<\/p>\n","protected":false},"author":1,"featured_media":0,"parent":18,"menu_order":0,"comment_status":"closed","ping_status":"closed","template":"","meta":{"footnotes":""},"class_list":["post-131","page","type-page","status-publish","hentry"],"_links":{"self":[{"href":"https:\/\/www.jura-films.ch\/de\/wp-json\/wp\/v2\/pages\/131","targetHints":{"allow":["GET"]}}],"collection":[{"href":"https:\/\/www.jura-films.ch\/de\/wp-json\/wp\/v2\/pages"}],"about":[{"href":"https:\/\/www.jura-films.ch\/de\/wp-json\/wp\/v2\/types\/page"}],"author":[{"embeddable":true,"href":"https:\/\/www.jura-films.ch\/de\/wp-json\/wp\/v2\/users\/1"}],"replies":[{"embeddable":true,"href":"https:\/\/www.jura-films.ch\/de\/wp-json\/wp\/v2\/comments?post=131"}],"version-history":[{"count":20,"href":"https:\/\/www.jura-films.ch\/de\/wp-json\/wp\/v2\/pages\/131\/revisions"}],"predecessor-version":[{"id":1133,"href":"https:\/\/www.jura-films.ch\/de\/wp-json\/wp\/v2\/pages\/131\/revisions\/1133"}],"up":[{"embeddable":true,"href":"https:\/\/www.jura-films.ch\/de\/wp-json\/wp\/v2\/pages\/18"}],"wp:attachment":[{"href":"https:\/\/www.jura-films.ch\/de\/wp-json\/wp\/v2\/media?parent=131"}],"curies":[{"name":"wp","href":"https:\/\/api.w.org\/{rel}","templated":true}]}}